{"id":157488,"date":"2025-09-22T00:00:00","date_gmt":"2025-09-22T05:00:00","guid":{"rendered":"https:\/\/gpl-love.com\/es\/producto\/bookingpress-outlook-calendar\/"},"modified":"2026-03-09T08:46:53","modified_gmt":"2026-03-09T13:46:53","slug":"bookingpress-outlook-calendar","status":"publish","type":"product","link":"https:\/\/gpl-love.com\/es\/producto\/bookingpress-outlook-calendar\/","title":{"rendered":"BookingPress Outlook Calendar 2.8"},"content":{"rendered":"<h3>BookingPress Outlook Calendar Caracteristicas<\/h3>\n<p>Gestiona tus citas de forma eficiente directamente desde Outlook con la integraci\u00f3n de BookingPress con tu calendario de Outlook. Este potente plugin sincroniza a la perfecci\u00f3n tu agenda de BookingPress con tu calendario de Outlook, garantizando que nunca te pierdas una reuni\u00f3n importante ni se superpongan tus reservas.<\/p>\n<p>Configurar BookingPress con Outlook es sencillo e intuitivo, permiti\u00e9ndote sincronizar tus citas en tiempo real. Ya sea que gestiones consultas personales, sesiones de grupo o reuniones corporativas, la integraci\u00f3n te ofrece un enfoque optimizado para gestionar todas tus necesidades de programaci\u00f3n.<\/p>\n<p>Al poder gestionar citas en Outlook con BookingPress, puedes disfrutar de la comodidad de usar una interfaz familiar y aprovechar las potentes funciones de BookingPress. Esta integraci\u00f3n no solo ahorra tiempo, sino que tambi\u00e9n mejora la eficiencia de tu flujo de trabajo, convirti\u00e9ndola en una herramienta esencial para profesionales de diversos sectores.<\/p>\n<p>No dejes que los conflictos de agenda te frenen. \u00a1Sincroniza BookingPress con tu calendario de Outlook hoy mismo y transforma tu forma de planificar tu d\u00eda!<\/p>\n<ul>\n<li>Se integra perfectamente con el Calendario de Microsoft Outlook<\/li>\n<li><\/li>\n<li>Automatiza la programaci\u00f3n y reserva de citas<\/li>\n<li><\/li>\n<li>Actualizaciones de disponibilidad en tiempo real<\/li>\n<li><\/li>\n<li>Formularios de reserva personalizables<\/li>\n<li><\/li>\n<li>Recordatorios y notificaciones autom\u00e1ticos<\/li>\n<li><\/li>\n<li>Compatible con m\u00faltiples zonas horarias<\/li>\n<li><\/li>\n<li>F\u00e1cil gesti\u00f3n de citas de clientes<\/li>\n<li><\/li>\n<li>Gesti\u00f3n segura de datos y cumplimiento de la privacidad<\/li>\n<li><\/li>\n<li>Compatible con varias versiones de Outlook<\/li>\n<li><\/li>\n<li>Interfaz m\u00f3vil optimizada para acceder desde cualquier lugar<\/li>\n<\/ul>\n","protected":false},"excerpt":{"rendered":"<p>\u00a1Integre su programaci\u00f3n a la perfecci\u00f3n con la integraci\u00f3n del calendario de Outlook de BookingPress! Sincronice y gestione citas f\u00e1cilmente directamente en su calendario de Outlook. Configurar BookingPress con Outlook es sencillo y mejora su productividad al tener todos sus compromisos en un solo lugar accesible. Con nuestro plugin, no solo puede sincronizar BookingPress con su calendario de Outlook, sino que tambi\u00e9n puede optimizar la gesti\u00f3n de sus citas sin tener que salir de la interfaz de Outlook. Perfecto para profesionales que buscan optimizar su gesti\u00f3n del tiempo, el plugin del calendario de Outlook de BookingPress es la herramienta definitiva para mantener su agenda organizada y eficiente.<\/p>\n","protected":false},"featured_media":169222,"comment_status":"open","ping_status":"open","template":"","meta":[],"product_brand":[2682],"product_cat":[1212,1206,1211],"product_tag":[2323],"class_list":{"0":"post-157488","1":"product","2":"type-product","3":"status-publish","4":"has-post-thumbnail","6":"product_brand-bookingpress","7":"product_cat-administracion-wordpress-plugins","8":"product_cat-plugins","9":"product_cat-wordpress-plugins","10":"product_tag-bookingpress","11":"member-discount","12":"discount-restricted","14":"first","15":"instock","16":"sale","17":"downloadable","18":"virtual","19":"sold-individually","20":"purchasable","21":"product-type-simple"},"_links":{"self":[{"href":"https:\/\/gpl-love.com\/es\/wp-json\/wp\/v2\/product\/157488","targetHints":{"allow":["GET"]}}],"collection":[{"href":"https:\/\/gpl-love.com\/es\/wp-json\/wp\/v2\/product"}],"about":[{"href":"https:\/\/gpl-love.com\/es\/wp-json\/wp\/v2\/types\/product"}],"replies":[{"embeddable":true,"href":"https:\/\/gpl-love.com\/es\/wp-json\/wp\/v2\/comments?post=157488"}],"wp:featuredmedia":[{"embeddable":true,"href":"https:\/\/gpl-love.com\/es\/wp-json\/wp\/v2\/media\/169222"}],"wp:attachment":[{"href":"https:\/\/gpl-love.com\/es\/wp-json\/wp\/v2\/media?parent=157488"}],"wp:term":[{"taxonomy":"product_brand","embeddable":true,"href":"https:\/\/gpl-love.com\/es\/wp-json\/wp\/v2\/product_brand?post=157488"},{"taxonomy":"product_cat","embeddable":true,"href":"https:\/\/gpl-love.com\/es\/wp-json\/wp\/v2\/product_cat?post=157488"},{"taxonomy":"product_tag","embeddable":true,"href":"https:\/\/gpl-love.com\/es\/wp-json\/wp\/v2\/product_tag?post=157488"}],"curies":[{"name":"wp","href":"https:\/\/api.w.org\/{rel}","templated":true}]}}