{"id":157487,"date":"2026-04-07T00:00:00","date_gmt":"2026-04-07T05:00:00","guid":{"rendered":"https:\/\/gpl-love.com\/es\/producto\/bookingpress-service-package\/"},"modified":"2026-04-07T17:16:45","modified_gmt":"2026-04-07T22:16:45","slug":"bookingpress-service-package","status":"publish","type":"product","link":"https:\/\/gpl-love.com\/es\/producto\/bookingpress-service-package\/","title":{"rendered":"BookingPress Service Package 2.8"},"content":{"rendered":"<h3>BookingPress Service Package Caracteristicas<\/h3>\n<p>Descubra la soluci\u00f3n definitiva para sus reservas online con nuestro Paquete de Servicios BookingPress. Este asequible paquete ofrece opciones integrales dise\u00f1adas para mejorar la eficiencia de su negocio y la satisfacci\u00f3n del cliente. Con la Integraci\u00f3n del Paquete BookingPress, la configuraci\u00f3n es sencilla, permiti\u00e9ndole integrarse con los sistemas existentes sin esfuerzo, garantizando una transici\u00f3n fluida y una experiencia intuitiva.<\/p>\n<p>Nuestra Configuraci\u00f3n del Servicio BookingPress est\u00e1 dise\u00f1ada para que pueda ponerse en marcha r\u00e1pidamente, con la m\u00ednima interrupci\u00f3n en sus operaciones comerciales. Personalice su interfaz con nuestras opciones de personalizaci\u00f3n del Paquete BookingPress, que le permiten adaptar la experiencia de reserva al estilo y las necesidades \u00fanicas de su marca.<\/p>\n<p>Explore la variedad de Opciones de Servicio BookingPress y mejore su paquete con funciones adicionales que se adapten mejor a las necesidades de su negocio. Nuestro Soporte dedicado del Paquete BookingPress le garantiza toda la asistencia que necesita, cuando la necesite, maximizando el tiempo de actividad y la satisfacci\u00f3n del cliente.<\/p>\n<p>Invierta en el Paquete de Servicios BookingPress hoy mismo y disfrute de las ventajas.<\/p>\n<ul>\n<li>Integraci\u00f3n con el sistema de reservas online<\/li>\n<li>Formularios de reserva personalizables<\/li>\n<li>Actualizaciones de disponibilidad en tiempo real<\/li>\n<li>Recordatorios de citas autom\u00e1ticos por SMS y correo electr\u00f3nico<\/li>\n<li>Perfiles de m\u00faltiples proveedores de servicios<\/li>\n<li>Herramientas de gesti\u00f3n de clientes<\/li>\n<li>Opciones de procesamiento de pagos seguros<\/li>\n<li>Panel de an\u00e1lisis e informes<\/li>\n<li>Aplicaci\u00f3n m\u00f3vil para reservas y gesti\u00f3n desde cualquier lugar<\/li>\n<li>Compatibilidad con c\u00f3digos promocionales y descuentos<\/li>\n<\/ul>\n","protected":false},"excerpt":{"rendered":"<p>Descubra la soluci\u00f3n definitiva con nuestro Paquete de Servicios BookingPress, dise\u00f1ado para optimizar sus necesidades de programaci\u00f3n. Este asequible paquete de BookingPress ofrece una integraci\u00f3n completa y una configuraci\u00f3n sencilla, garantizando una experiencia fluida. Personalice su interfaz con las opciones de personalizaci\u00f3n de nuestro paquete BookingPress para adaptarla a las necesidades de su negocio. Optimice su sistema de reservas con mejoras exclusivas y diversas opciones de servicio. Benef\u00edciese de soporte continuo y soluciones pr\u00e1cticas que optimizan sus operaciones. Elija nuestro paquete BookingPress para un servicio integral que ofrece fiabilidad y eficiencia, mejorando la funcionalidad de su negocio y la satisfacci\u00f3n del cliente.<\/p>\n","protected":false},"featured_media":169221,"comment_status":"open","ping_status":"open","template":"","meta":[],"product_brand":[2682],"product_cat":[1214,1206,1211],"product_tag":[2323],"class_list":{"0":"post-157487","1":"product","2":"type-product","3":"status-publish","4":"has-post-thumbnail","6":"product_brand-bookingpress","7":"product_cat-personalizacion","8":"product_cat-plugins","9":"product_cat-wordpress-plugins","10":"product_tag-bookingpress","11":"member-discount","12":"discount-restricted","14":"first","15":"instock","16":"sale","17":"downloadable","18":"virtual","19":"sold-individually","20":"purchasable","21":"product-type-simple"},"_links":{"self":[{"href":"https:\/\/gpl-love.com\/es\/wp-json\/wp\/v2\/product\/157487","targetHints":{"allow":["GET"]}}],"collection":[{"href":"https:\/\/gpl-love.com\/es\/wp-json\/wp\/v2\/product"}],"about":[{"href":"https:\/\/gpl-love.com\/es\/wp-json\/wp\/v2\/types\/product"}],"replies":[{"embeddable":true,"href":"https:\/\/gpl-love.com\/es\/wp-json\/wp\/v2\/comments?post=157487"}],"wp:featuredmedia":[{"embeddable":true,"href":"https:\/\/gpl-love.com\/es\/wp-json\/wp\/v2\/media\/169221"}],"wp:attachment":[{"href":"https:\/\/gpl-love.com\/es\/wp-json\/wp\/v2\/media?parent=157487"}],"wp:term":[{"taxonomy":"product_brand","embeddable":true,"href":"https:\/\/gpl-love.com\/es\/wp-json\/wp\/v2\/product_brand?post=157487"},{"taxonomy":"product_cat","embeddable":true,"href":"https:\/\/gpl-love.com\/es\/wp-json\/wp\/v2\/product_cat?post=157487"},{"taxonomy":"product_tag","embeddable":true,"href":"https:\/\/gpl-love.com\/es\/wp-json\/wp\/v2\/product_tag?post=157487"}],"curies":[{"name":"wp","href":"https:\/\/api.w.org\/{rel}","templated":true}]}}