{"id":157486,"date":"2025-05-20T00:00:00","date_gmt":"2025-05-20T05:00:00","guid":{"rendered":"https:\/\/gpl-love.com\/es\/producto\/bookingpress-paddle-payment-gateway\/"},"modified":"2026-03-09T08:46:50","modified_gmt":"2026-03-09T13:46:50","slug":"bookingpress-paddle-payment-gateway","status":"publish","type":"product","link":"https:\/\/gpl-love.com\/es\/producto\/bookingpress-paddle-payment-gateway\/","title":{"rendered":"BookingPress Paddle Payment Gateway 1.4"},"content":{"rendered":"<h3>BookingPress Paddle Payment Gateway Caracteristicas<\/h3>\n<p>Transacciones fluidas con la integraci\u00f3n de la pasarela de pago Paddle de BookingPress<\/p>\n<p>Mejora tu negocio online con la integraci\u00f3n de la pasarela de pago Paddle de BookingPress, la soluci\u00f3n perfecta para pagos online seguros y eficientes. Dise\u00f1ada espec\u00edficamente para los usuarios de BookingPress, esta integraci\u00f3n garantiza que cada transacci\u00f3n sea fluida, segura y sin complicaciones.<\/p>\n<p>La pasarela de pago Paddle para BookingPress ofrece una experiencia optimizada que simplifica el proceso de pago, mejorando la satisfacci\u00f3n del cliente y las tasas de conversi\u00f3n. Con medidas de seguridad de vanguardia, nuestra integraci\u00f3n de pagos seguros para BookingPress protege la informaci\u00f3n confidencial, brindando tranquilidad tanto a los propietarios de negocios como a sus clientes.<\/p>\n<p>Opta por las soluciones de pago online de BookingPress con procesamiento de pagos Paddle y disfruta de caracter\u00edsticas como una configuraci\u00f3n sencilla, comisiones bajas por transacci\u00f3n y un soporte completo. Tanto si eres una peque\u00f1a empresa como si est\u00e1s en crecimiento, esta integraci\u00f3n est\u00e1 dise\u00f1ada para adaptarse a tus necesidades, garantizando que la gesti\u00f3n de pagos sea sencilla, independientemente del volumen.<\/p>\n<p>Actualice su plataforma BookingPress con Paddle Payment Gateway hoy y potencie su negocio con un sistema confiable y eficiente.<\/p>\n<ul>\n<li>Se integra perfectamente con el plugin de BookingPress<\/li>\n<li>Compatible con el procesamiento de pagos de Paddle<\/li>\n<li>Permite pagos online seguros<\/li>\n<li>Compatible con m\u00faltiples divisas<\/li>\n<li>F\u00e1cil configuraci\u00f3n<\/li>\n<li>Verificaci\u00f3n de pagos en tiempo real<\/li>\n<li>Admite pagos recurrentes<\/li>\n<li>Compatible con las principales tarjetas de cr\u00e9dito y d\u00e9bito<\/li>\n<li>Incluye funciones de protecci\u00f3n contra fraudes<\/li>\n<li>Proporciona informes detallados de transacciones<\/li>\n<\/ul>\n","protected":false},"excerpt":{"rendered":"<p>Presentamos la integraci\u00f3n de la pasarela de pago Paddle de BookingPress, la soluci\u00f3n definitiva para transacciones online seguras y fluidas. Perfecta para los usuarios de BookingPress, esta integraci\u00f3n garantiza que el procesamiento de sus pagos no solo sea seguro, sino tambi\u00e9n incre\u00edblemente eficiente. Con la pasarela de pago Paddle para BookingPress, podr\u00e1 disfrutar de las ventajas de un proceso de pago optimizado, mejorando la experiencia de sus clientes. Esta integraci\u00f3n es compatible con los principales m\u00e9todos de pago, ofreci\u00e9ndole soluciones de pago online flexibles, fiables y f\u00e1ciles de usar. Optimice su plataforma BookingPress con el procesamiento de pagos de la pasarela Paddle y lleve su negocio al siguiente nivel. Seguro, sencillo y eficiente: es todo lo que su negocio necesita para prosperar online.<\/p>\n","protected":false},"featured_media":169220,"comment_status":"open","ping_status":"open","template":"","meta":[],"product_brand":[2682],"product_cat":[1207,1426,1206],"product_tag":[2323],"class_list":{"0":"post-157486","1":"product","2":"type-product","3":"status-publish","4":"has-post-thumbnail","6":"product_brand-bookingpress","7":"product_cat-comercio-electronico-plugins","8":"product_cat-pago-comercio-electronico-plugins","9":"product_cat-plugins","10":"product_tag-bookingpress","11":"member-discount","12":"discount-restricted","14":"first","15":"instock","16":"sale","17":"downloadable","18":"virtual","19":"sold-individually","20":"purchasable","21":"product-type-simple"},"_links":{"self":[{"href":"https:\/\/gpl-love.com\/es\/wp-json\/wp\/v2\/product\/157486","targetHints":{"allow":["GET"]}}],"collection":[{"href":"https:\/\/gpl-love.com\/es\/wp-json\/wp\/v2\/product"}],"about":[{"href":"https:\/\/gpl-love.com\/es\/wp-json\/wp\/v2\/types\/product"}],"replies":[{"embeddable":true,"href":"https:\/\/gpl-love.com\/es\/wp-json\/wp\/v2\/comments?post=157486"}],"wp:featuredmedia":[{"embeddable":true,"href":"https:\/\/gpl-love.com\/es\/wp-json\/wp\/v2\/media\/169220"}],"wp:attachment":[{"href":"https:\/\/gpl-love.com\/es\/wp-json\/wp\/v2\/media?parent=157486"}],"wp:term":[{"taxonomy":"product_brand","embeddable":true,"href":"https:\/\/gpl-love.com\/es\/wp-json\/wp\/v2\/product_brand?post=157486"},{"taxonomy":"product_cat","embeddable":true,"href":"https:\/\/gpl-love.com\/es\/wp-json\/wp\/v2\/product_cat?post=157486"},{"taxonomy":"product_tag","embeddable":true,"href":"https:\/\/gpl-love.com\/es\/wp-json\/wp\/v2\/product_tag?post=157486"}],"curies":[{"name":"wp","href":"https:\/\/api.w.org\/{rel}","templated":true}]}}