{"id":157485,"date":"2025-05-20T00:00:00","date_gmt":"2025-05-20T05:00:00","guid":{"rendered":"https:\/\/gpl-love.com\/es\/producto\/bookingpress-pagseguro-payment-gateway\/"},"modified":"2026-03-09T08:46:49","modified_gmt":"2026-03-09T13:46:49","slug":"bookingpress-pagseguro-payment-gateway","status":"publish","type":"product","link":"https:\/\/gpl-love.com\/es\/producto\/bookingpress-pagseguro-payment-gateway\/","title":{"rendered":"BookingPress Pagseguro Payment Gateway 1.5"},"content":{"rendered":"<h3>BookingPress Pagseguro Payment Gateway Caracteristicas<\/h3>\n<p>Mejora tu experiencia en BookingPress con la integraci\u00f3n perfecta de la pasarela de pago PagSeguro. Simplifica las transacciones y mejora la satisfacci\u00f3n del usuario activando la opci\u00f3n de pago PagSeguro en tu sitio web de BookingPress. Configurar PagSeguro en BookingPress es sencillo y no requiere amplios conocimientos t\u00e9cnicos, lo que garantiza una transici\u00f3n fluida hacia un procesamiento de pagos m\u00e1s eficiente.<\/p>\n<p>Nuestro plugin de BookingPress con la pasarela de pago PagSeguro ofrece seguridad y versatilidad robustas, lo que lo convierte en la opci\u00f3n ideal para cualquier sitio de reservas de WordPress que busque ampliar sus soluciones de pago. Con esta integraci\u00f3n, puedes gestionar reservas f\u00e1cilmente y aceptar pagos a trav\u00e9s de uno de los procesadores de pagos m\u00e1s confiables de Brasil. La pasarela de pago PagSeguro para el plugin de reservas de WordPress admite una amplia gama de m\u00e9todos de pago, incluyendo tarjetas de cr\u00e9dito, transferencias bancarias y el sistema de saldo propio de PagSeguro.<\/p>\n<p>No pierdas la oportunidad de aumentar la eficiencia y la seguridad de tu negocio. \u00a1Opta hoy mismo por la integraci\u00f3n de la pasarela de pago PagSeguro con BookingPress y lleva tu sistema de reservas al siguiente nivel!<\/p>\n<ul>\n<li>Se integra a la perfecci\u00f3n con BookingPress para facilitar las transacciones de pago.<\/li>\n<li>Compatible con PagSeguro, una plataforma de pago l\u00edder en Brasil.<\/li>\n<li>Permite transacciones seguras con tarjetas de cr\u00e9dito, d\u00e9bito y la billetera de PagSeguro.<\/li>\n<li>Ofrece procesamiento de pagos en reales brasile\u00f1os (BRL).<\/li>\n<li>Facilita los pagos recurrentes para servicios de suscripci\u00f3n.<\/li>\n<li>Proporciona confirmaci\u00f3n de pago en tiempo real.<\/li>\n<li>Emplea s\u00f3lidas medidas de seguridad para proteger la informaci\u00f3n confidencial de los pagos.<\/li>\n<li>Compatible con los principales bancos brasile\u00f1os.<\/li>\n<li>F\u00e1cil de instalar y configurar dentro del plugin de BookingPress.<\/li>\n<li>Admite reembolsos y pagos parciales directamente desde el panel de control de BookingPress.<\/li>\n<\/ul>\n","protected":false},"excerpt":{"rendered":"<p>Presentamos la integraci\u00f3n de la pasarela de pago PagSeguro de BookingPress, \u00a1la soluci\u00f3n definitiva para optimizar tu sitio web de WordPress! Configura PagSeguro sin problemas en BookingPress y ofrece una opci\u00f3n de pago segura directamente a trav\u00e9s de tu sistema de reservas. Esta integraci\u00f3n no solo mejora la experiencia del usuario al simplificar las transacciones, sino que tambi\u00e9n ampl\u00eda tu cartera de clientes al ser compatible con uno de los m\u00e9todos de pago m\u00e1s populares de Brasil. Ideal para cualquier negocio de servicios, el plugin de BookingPress con la pasarela PagSeguro garantiza que cada transacci\u00f3n sea fluida, segura y eficiente. \u00a1Optimiza tu sistema de reservas hoy mismo con el plugin de reservas PagSeguro para WordPress y observa c\u00f3mo crece tu negocio!<\/p>\n","protected":false},"featured_media":169219,"comment_status":"open","ping_status":"open","template":"","meta":[],"product_brand":[2682],"product_cat":[1207,1426,1206],"product_tag":[2323],"class_list":{"0":"post-157485","1":"product","2":"type-product","3":"status-publish","4":"has-post-thumbnail","6":"product_brand-bookingpress","7":"product_cat-comercio-electronico-plugins","8":"product_cat-pago-comercio-electronico-plugins","9":"product_cat-plugins","10":"product_tag-bookingpress","11":"member-discount","12":"discount-restricted","14":"first","15":"instock","16":"sale","17":"downloadable","18":"virtual","19":"sold-individually","20":"purchasable","21":"product-type-simple"},"_links":{"self":[{"href":"https:\/\/gpl-love.com\/es\/wp-json\/wp\/v2\/product\/157485","targetHints":{"allow":["GET"]}}],"collection":[{"href":"https:\/\/gpl-love.com\/es\/wp-json\/wp\/v2\/product"}],"about":[{"href":"https:\/\/gpl-love.com\/es\/wp-json\/wp\/v2\/types\/product"}],"replies":[{"embeddable":true,"href":"https:\/\/gpl-love.com\/es\/wp-json\/wp\/v2\/comments?post=157485"}],"wp:featuredmedia":[{"embeddable":true,"href":"https:\/\/gpl-love.com\/es\/wp-json\/wp\/v2\/media\/169219"}],"wp:attachment":[{"href":"https:\/\/gpl-love.com\/es\/wp-json\/wp\/v2\/media?parent=157485"}],"wp:term":[{"taxonomy":"product_brand","embeddable":true,"href":"https:\/\/gpl-love.com\/es\/wp-json\/wp\/v2\/product_brand?post=157485"},{"taxonomy":"product_cat","embeddable":true,"href":"https:\/\/gpl-love.com\/es\/wp-json\/wp\/v2\/product_cat?post=157485"},{"taxonomy":"product_tag","embeddable":true,"href":"https:\/\/gpl-love.com\/es\/wp-json\/wp\/v2\/product_tag?post=157485"}],"curies":[{"name":"wp","href":"https:\/\/api.w.org\/{rel}","templated":true}]}}