{"id":157484,"date":"2025-05-20T00:00:00","date_gmt":"2025-05-20T05:00:00","guid":{"rendered":"https:\/\/gpl-love.com\/es\/producto\/bookingpress-payfast-payment-gateway\/"},"modified":"2026-03-09T08:46:48","modified_gmt":"2026-03-09T13:46:48","slug":"bookingpress-payfast-payment-gateway","status":"publish","type":"product","link":"https:\/\/gpl-love.com\/es\/producto\/bookingpress-payfast-payment-gateway\/","title":{"rendered":"BookingPress Payfast Payment Gateway 1.4"},"content":{"rendered":"<h3>BookingPress Payfast Payment Gateway Caracteristicas<\/h3>\n<p>Acceda a transacciones fluidas con la pasarela de pago BookingPress Payfast. Dise\u00f1ada espec\u00edficamente para usuarios de BookingPress, esta potente integraci\u00f3n garantiza que su sistema de reservas online cuente con una soluci\u00f3n de pago segura y fiable. Configurar la pasarela de pago BookingPress Payfast es muy sencillo, lo que le permite aceptar pagos al instante y ofrecer a sus clientes una experiencia de reserva sin complicaciones.<\/p>\n<p>Con la pasarela de pago Payfast para BookingPress, se beneficia de una plataforma robusta que garantiza una integraci\u00f3n de pagos segura. Las transacciones son seguras y est\u00e1n cifradas, lo que garantiza la tranquilidad tanto de usted como de sus clientes. La pasarela de reservas online Payfast no solo optimiza sus operaciones de servicio, sino que tambi\u00e9n mejora la satisfacci\u00f3n del usuario al ofrecer un proceso de pago fluido y sin complicaciones.<\/p>\n<ul>\n<li>Se integra perfectamente con el plugin de BookingPress.<\/li>\n<li>Admite pagos online seguros a trav\u00e9s de Payfast.<\/li>\n<li>Permite transacciones instant\u00e1neas con tarjeta de cr\u00e9dito y EFT.<\/li>\n<li>Ofrece soluciones de pago pr\u00e1cticas para clientes sudafricanos.<\/li>\n<li>F\u00e1cil configuraci\u00f3n desde la interfaz de BookingPress.<\/li>\n<li>Compatible con las funciones de prevenci\u00f3n de fraude de Payfast.<\/li>\n<li>Proporciona confirmaci\u00f3n de pagos y actualizaciones de reservas autom\u00e1ticas.<\/li>\n<li>Compatible con los principales bancos sudafricanos.<\/li>\n<li>Mejora la experiencia del usuario con un procesamiento de pagos fluido.<\/li>\n<li>Cumple plenamente con los est\u00e1ndares PCI.<\/li>\n<\/ul>\n","protected":false},"excerpt":{"rendered":"<p>Presentamos la integraci\u00f3n de BookingPress Payfast, \u00a1tu soluci\u00f3n ideal para transacciones de reserva online fluidas! Con la pasarela de pago Payfast para BookingPress, configurarla es facil\u00edsimo, garantizando una integraci\u00f3n de pago segura que protege los datos de tus clientes. Esta robusta pasarela facilita las operaciones financieras, mejorando la experiencia del usuario al ofrecer un proceso de pago fiable y eficiente. Empieza f\u00e1cilmente con la configuraci\u00f3n de pagos de BookingPress Payfast y disfruta de las ventajas de una pasarela de reservas online segura de Payfast. Ideal para empresas que buscan optimizar su sistema de reservas y aumentar la confianza de sus clientes en cada transacci\u00f3n. Opta por la comodidad, la seguridad y la eficiencia: \u00a1elige la pasarela de pago BookingPress Payfast hoy mismo!<\/p>\n","protected":false},"featured_media":169218,"comment_status":"open","ping_status":"open","template":"","meta":[],"product_brand":[2682],"product_cat":[1207,1426,1206],"product_tag":[2323],"class_list":{"0":"post-157484","1":"product","2":"type-product","3":"status-publish","4":"has-post-thumbnail","6":"product_brand-bookingpress","7":"product_cat-comercio-electronico-plugins","8":"product_cat-pago-comercio-electronico-plugins","9":"product_cat-plugins","10":"product_tag-bookingpress","11":"member-discount","12":"discount-restricted","14":"first","15":"instock","16":"sale","17":"downloadable","18":"virtual","19":"sold-individually","20":"purchasable","21":"product-type-simple"},"_links":{"self":[{"href":"https:\/\/gpl-love.com\/es\/wp-json\/wp\/v2\/product\/157484","targetHints":{"allow":["GET"]}}],"collection":[{"href":"https:\/\/gpl-love.com\/es\/wp-json\/wp\/v2\/product"}],"about":[{"href":"https:\/\/gpl-love.com\/es\/wp-json\/wp\/v2\/types\/product"}],"replies":[{"embeddable":true,"href":"https:\/\/gpl-love.com\/es\/wp-json\/wp\/v2\/comments?post=157484"}],"wp:featuredmedia":[{"embeddable":true,"href":"https:\/\/gpl-love.com\/es\/wp-json\/wp\/v2\/media\/169218"}],"wp:attachment":[{"href":"https:\/\/gpl-love.com\/es\/wp-json\/wp\/v2\/media?parent=157484"}],"wp:term":[{"taxonomy":"product_brand","embeddable":true,"href":"https:\/\/gpl-love.com\/es\/wp-json\/wp\/v2\/product_brand?post=157484"},{"taxonomy":"product_cat","embeddable":true,"href":"https:\/\/gpl-love.com\/es\/wp-json\/wp\/v2\/product_cat?post=157484"},{"taxonomy":"product_tag","embeddable":true,"href":"https:\/\/gpl-love.com\/es\/wp-json\/wp\/v2\/product_tag?post=157484"}],"curies":[{"name":"wp","href":"https:\/\/api.w.org\/{rel}","templated":true}]}}