{"id":157483,"date":"2025-07-25T00:00:00","date_gmt":"2025-07-25T05:00:00","guid":{"rendered":"https:\/\/gpl-love.com\/es\/producto\/bookingpress-paypalpro-payment-gateway\/"},"modified":"2026-03-09T08:46:47","modified_gmt":"2026-03-09T13:46:47","slug":"bookingpress-paypalpro-payment-gateway","status":"publish","type":"product","link":"https:\/\/gpl-love.com\/es\/producto\/bookingpress-paypalpro-payment-gateway\/","title":{"rendered":"BookingPress Paypalpro Payment Gateway 1.6"},"content":{"rendered":"<h3>BookingPress Paypalpro Payment Gateway Caracteristicas<\/h3>\n<p>Transforme su experiencia de reserva online con la integraci\u00f3n de BookingPress con Paypalpro, la soluci\u00f3n definitiva para pagos online seguros y sin complicaciones. Este potente plugin est\u00e1 dise\u00f1ado espec\u00edficamente para integrarse a la perfecci\u00f3n con BookingPress, permitiendo a sus clientes realizar pagos c\u00f3modamente a trav\u00e9s de la pasarela de pagos de Paypalpro.<\/p>\n<p>Con la pasarela de pagos de BookingPress con Paypalpro, puede ofrecer a sus clientes una opci\u00f3n de pago fiable y segura que simplifica las transacciones y aumenta la satisfacci\u00f3n del cliente. Esta integraci\u00f3n es compatible con las principales tarjetas de cr\u00e9dito y d\u00e9bito, lo que garantiza que su negocio pueda atender a un p\u00fablico m\u00e1s amplio.<\/p>\n<p>Caracter\u00edsticas principales:<br \/>\n&#8211; Pago seguro: Aproveche las s\u00f3lidas medidas de seguridad de Paypalpro para proteger la informaci\u00f3n de pago confidencial y generar confianza con sus clientes.<br \/>\n&#8211; Integraci\u00f3n sencilla: Integre r\u00e1pidamente Paypalpro con su configuraci\u00f3n de BookingPress, lo que permite un proceso de pago fluido y eficiente.<br \/>\n&#8211; Experiencia de usuario mejorada: Ofrezca un proceso de pago optimizado que haga que los clientes regresen gracias a la fiabilidad y velocidad del procesamiento de pagos de Paypalpro.<\/p>\n<p>Ideal para proveedores de servicios, organizadores de eventos y plataformas de comercio electr\u00f3nico, la pasarela de pago BookingPress Paypalpro garantiza que<\/p>\n<ul>\n<li>Acepta pagos directamente en tu sitio web a trav\u00e9s de PayPal Pro<\/li>\n<li>Integraci\u00f3n perfecta con el plugin de BookingPress<\/li>\n<li>Procesa tarjetas de cr\u00e9dito y d\u00e9bito de forma segura<\/li>\n<li>Cumple con la normativa PCI para proteger los datos de tus clientes<\/li>\n<li>Sin necesidad de redirecci\u00f3n, lo que mejora la experiencia del usuario<\/li>\n<li>Admite pagos \u00fanicos y recurrentes<\/li>\n<li>F\u00e1cil de configurar desde tu panel de control de BookingPress<\/li>\n<li>Procesamiento de transacciones en tiempo real<\/li>\n<li>Compatibilidad con m\u00faltiples divisas<\/li>\n<li>Registros detallados de transacciones para facilitar la contabilidad y los reembolsos<\/li>\n<\/ul>\n","protected":false},"excerpt":{"rendered":"<p>Presentamos la pasarela de pagos BookingPress Paypalpro, la soluci\u00f3n definitiva para el procesamiento seguro de pagos. Integre Paypalpro a la perfecci\u00f3n con su plataforma BookingPress para optimizar sus soluciones de pago en l\u00ednea. Esta integraci\u00f3n no solo simplifica las transacciones, sino que tambi\u00e9n garantiza la seguridad de cada pago, brindando tranquilidad tanto a usted como a sus clientes. Con la integraci\u00f3n de BookingPress Paypalpro, podr\u00e1 gestionar eficientemente las reservas y los pagos, optimizando las operaciones de su negocio. Mejore su experiencia en BookingPress con la pasarela de pagos Paypalpro y mejore su servicio con un proceso de pago confiable y optimizado. \u00a1Comience a aceptar pagos con confianza hoy mismo!<\/p>\n","protected":false},"featured_media":169217,"comment_status":"open","ping_status":"open","template":"","meta":[],"product_brand":[2682],"product_cat":[1207,1426,1206],"product_tag":[2323],"class_list":{"0":"post-157483","1":"product","2":"type-product","3":"status-publish","4":"has-post-thumbnail","6":"product_brand-bookingpress","7":"product_cat-comercio-electronico-plugins","8":"product_cat-pago-comercio-electronico-plugins","9":"product_cat-plugins","10":"product_tag-bookingpress","11":"member-discount","12":"discount-restricted","14":"first","15":"instock","16":"sale","17":"downloadable","18":"virtual","19":"sold-individually","20":"purchasable","21":"product-type-simple"},"_links":{"self":[{"href":"https:\/\/gpl-love.com\/es\/wp-json\/wp\/v2\/product\/157483","targetHints":{"allow":["GET"]}}],"collection":[{"href":"https:\/\/gpl-love.com\/es\/wp-json\/wp\/v2\/product"}],"about":[{"href":"https:\/\/gpl-love.com\/es\/wp-json\/wp\/v2\/types\/product"}],"replies":[{"embeddable":true,"href":"https:\/\/gpl-love.com\/es\/wp-json\/wp\/v2\/comments?post=157483"}],"wp:featuredmedia":[{"embeddable":true,"href":"https:\/\/gpl-love.com\/es\/wp-json\/wp\/v2\/media\/169217"}],"wp:attachment":[{"href":"https:\/\/gpl-love.com\/es\/wp-json\/wp\/v2\/media?parent=157483"}],"wp:term":[{"taxonomy":"product_brand","embeddable":true,"href":"https:\/\/gpl-love.com\/es\/wp-json\/wp\/v2\/product_brand?post=157483"},{"taxonomy":"product_cat","embeddable":true,"href":"https:\/\/gpl-love.com\/es\/wp-json\/wp\/v2\/product_cat?post=157483"},{"taxonomy":"product_tag","embeddable":true,"href":"https:\/\/gpl-love.com\/es\/wp-json\/wp\/v2\/product_tag?post=157483"}],"curies":[{"name":"wp","href":"https:\/\/api.w.org\/{rel}","templated":true}]}}