{"id":157482,"date":"2025-05-20T00:00:00","date_gmt":"2025-05-20T05:00:00","guid":{"rendered":"https:\/\/gpl-love.com\/es\/producto\/bookingpress-paystack-payment-gateway\/"},"modified":"2026-03-09T08:46:46","modified_gmt":"2026-03-09T13:46:46","slug":"bookingpress-paystack-payment-gateway","status":"publish","type":"product","link":"https:\/\/gpl-love.com\/es\/producto\/bookingpress-paystack-payment-gateway\/","title":{"rendered":"BookingPress Paystack Payment Gateway 1.6"},"content":{"rendered":"<h3>BookingPress Paystack Payment Gateway Caracteristicas<\/h3>\n<p>Mejora tu sistema de reservas online con la pasarela de pagos BookingPress Paystack, la soluci\u00f3n definitiva para transacciones financieras fluidas. Dise\u00f1ado espec\u00edficamente para usuarios de BookingPress, este plugin integra la plataforma de pagos seguros de Paystack directamente en tu sitio web, ofreciendo una experiencia de pago fluida y segura para tus clientes.<\/p>\n<p>Con el plugin BookingPress Paystack, configurar Paystack en BookingPress es incre\u00edblemente sencillo. Tanto si lo configuras por primera vez como si buscas una actualizaci\u00f3n de pagos eficiente, nuestro plugin garantiza una integraci\u00f3n sin complicaciones. La configuraci\u00f3n de pagos de BookingPress Paystack es intuitiva y te permite gestionar las transacciones sin esfuerzo, sin necesidad de conocimientos t\u00e9cnicos.<\/p>\n<p>La pasarela de pagos Paystack para BookingPress no solo mejora la funcionalidad de tu sitio web, sino que tambi\u00e9n aumenta la confianza de los clientes gracias a sus s\u00f3lidas funciones de seguridad. Disfruta de las ventajas de la integraci\u00f3n de pagos de Paystack en BookingPress, como el procesamiento r\u00e1pido de transacciones, m\u00e9todos de pago completos y seguimiento en tiempo real.<\/p>\n<ul>\n<li>Integraci\u00f3n perfecta con BookingPress para aceptar pagos<\/li>\n<li>Admite m\u00faltiples m\u00e9todos de pago, como tarjetas, cuentas bancarias y USSD<\/li>\n<li>Procesamiento de transacciones en tiempo real<\/li>\n<li>Pasarela de pago segura con cifrado SSL<\/li>\n<li>F\u00e1cil configuraci\u00f3n<\/li>\n<li>Compatible con m\u00faltiples divisas<\/li>\n<li>Protecci\u00f3n integral contra fraudes<\/li>\n<li>Informes detallados de transacciones para una f\u00e1cil conciliaci\u00f3n<\/li>\n<li>Interfaz intuitiva para administradores y clientes<\/li>\n<li>Atenci\u00f3n al cliente confiable de Paystack<\/li>\n<\/ul>\n","protected":false},"excerpt":{"rendered":"<p>Presentamos la pasarela de pagos Paystack de BookingPress, la soluci\u00f3n definitiva para pagos sin complicaciones con Paystack en BookingPress. Con nuestro plugin Paystack de BookingPress, f\u00e1cil de usar, integrar la pasarela de pagos Paystack en tu sistema BookingPress nunca ha sido tan f\u00e1cil. Disfruta de transacciones sin complicaciones y optimiza la funcionalidad de tu sitio web con nuestra eficiente integraci\u00f3n de pagos con Paystack. Configurar Paystack en BookingPress es muy sencillo, lo que garantiza una configuraci\u00f3n y un funcionamiento sin problemas. Optimiza tu sistema de reservas con la configuraci\u00f3n de pagos segura y fiable de Paystack de BookingPress, dise\u00f1ada para agilizar tus procesos de pago y mejorar la experiencia de tus clientes. Actual\u00edzate hoy mismo a la pasarela de pagos Paystack de BookingPress para disfrutar de transacciones m\u00e1s fluidas y un mejor servicio.<\/p>\n","protected":false},"featured_media":169216,"comment_status":"open","ping_status":"open","template":"","meta":[],"product_brand":[2682],"product_cat":[1207,1426,1206],"product_tag":[2323],"class_list":{"0":"post-157482","1":"product","2":"type-product","3":"status-publish","4":"has-post-thumbnail","6":"product_brand-bookingpress","7":"product_cat-comercio-electronico-plugins","8":"product_cat-pago-comercio-electronico-plugins","9":"product_cat-plugins","10":"product_tag-bookingpress","11":"member-discount","12":"discount-restricted","14":"first","15":"instock","16":"sale","17":"downloadable","18":"virtual","19":"sold-individually","20":"purchasable","21":"product-type-simple"},"_links":{"self":[{"href":"https:\/\/gpl-love.com\/es\/wp-json\/wp\/v2\/product\/157482","targetHints":{"allow":["GET"]}}],"collection":[{"href":"https:\/\/gpl-love.com\/es\/wp-json\/wp\/v2\/product"}],"about":[{"href":"https:\/\/gpl-love.com\/es\/wp-json\/wp\/v2\/types\/product"}],"replies":[{"embeddable":true,"href":"https:\/\/gpl-love.com\/es\/wp-json\/wp\/v2\/comments?post=157482"}],"wp:featuredmedia":[{"embeddable":true,"href":"https:\/\/gpl-love.com\/es\/wp-json\/wp\/v2\/media\/169216"}],"wp:attachment":[{"href":"https:\/\/gpl-love.com\/es\/wp-json\/wp\/v2\/media?parent=157482"}],"wp:term":[{"taxonomy":"product_brand","embeddable":true,"href":"https:\/\/gpl-love.com\/es\/wp-json\/wp\/v2\/product_brand?post=157482"},{"taxonomy":"product_cat","embeddable":true,"href":"https:\/\/gpl-love.com\/es\/wp-json\/wp\/v2\/product_cat?post=157482"},{"taxonomy":"product_tag","embeddable":true,"href":"https:\/\/gpl-love.com\/es\/wp-json\/wp\/v2\/product_tag?post=157482"}],"curies":[{"name":"wp","href":"https:\/\/api.w.org\/{rel}","templated":true}]}}