{"id":157481,"date":"2025-05-20T00:00:00","date_gmt":"2025-05-20T05:00:00","guid":{"rendered":"https:\/\/gpl-love.com\/es\/producto\/bookingpress-payumoney-payment-gateway\/"},"modified":"2026-03-09T08:46:45","modified_gmt":"2026-03-09T13:46:45","slug":"bookingpress-payumoney-payment-gateway","status":"publish","type":"product","link":"https:\/\/gpl-love.com\/es\/producto\/bookingpress-payumoney-payment-gateway\/","title":{"rendered":"BookingPress PayUMoney Payment Gateway 1.5"},"content":{"rendered":"<h3>BookingPress PayUMoney Payment Gateway Caracteristicas<\/h3>\n<p>Aumente la eficiencia de su negocio con la integraci\u00f3n fluida de BookingPress con PayUMoney. Esta potente funci\u00f3n est\u00e1 dise\u00f1ada espec\u00edficamente para profesionales y empresas que buscan mejorar su experiencia de servicio al cliente mediante las eficientes soluciones de pago en l\u00ednea de BookingPress. Con la pasarela de pago PayUMoney para BookingPress, puede ofrecer a sus clientes un m\u00e9todo confiable y seguro para pagar sus citas en l\u00ednea.<\/p>\n<p>Pagos seguros con BookingPress PayUMoney garantizan la protecci\u00f3n de cada transacci\u00f3n, brind\u00e1ndole tranquilidad tanto a usted como a sus clientes. Esta integraci\u00f3n es incre\u00edblemente intuitiva y proporciona un proceso de pago fluido y sin complicaciones directamente dentro de la plataforma de BookingPress. Tanto si es consultor, profesional del bienestar o gestiona un negocio de servicios, la pasarela de pago PayUMoney para la reserva de citas es la soluci\u00f3n ideal para gestionar el flujo de caja y las reservas de forma m\u00e1s eficaz.<\/p>\n<p>Elija hoy mismo la pasarela de pago PayUMoney de BookingPress y transforme su experiencia de reserva de citas.<\/p>\n<ul>\n<li>Se integra perfectamente con BookingPress para facilitar el procesamiento de pagos.<\/li>\n<li>Admite m\u00faltiples opciones de moneda para transacciones globales.<\/li>\n<li>Ofrece un entorno de pago seguro con cifrado SSL.<\/li>\n<li>Proporciona actualizaciones de transacciones en tiempo real.<\/li>\n<li>Compatible con las principales tarjetas de cr\u00e9dito y d\u00e9bito.<\/li>\n<li>Permite una configuraci\u00f3n r\u00e1pida con m\u00ednimos conocimientos t\u00e9cnicos.<\/li>\n<li>Cuenta con un panel intuitivo para gestionar transacciones.<\/li>\n<li>Admite reembolsos y cancelaciones directamente desde el panel.<\/li>\n<li>Ofrece herramientas detalladas de an\u00e1lisis e informes.<\/li>\n<li>Proporciona soporte al cliente para resoluci\u00f3n de problemas y consultas.<\/li>\n<\/ul>\n","protected":false},"excerpt":{"rendered":"<p>Presentamos la integraci\u00f3n de BookingPress con PayUMoney, la soluci\u00f3n definitiva para pagos online sin complicaciones. Optimice su sistema de reservas de citas con la pasarela de pagos PayUMoney para BookingPress, dise\u00f1ada para ofrecer transacciones seguras y eficientes. Nuestra integraci\u00f3n garantiza la seguridad de cada pago, permiti\u00e9ndole gestionar su negocio con tranquilidad. Con las soluciones de pago online de BookingPress, puede ofrecer a sus clientes una experiencia de pago fiable y segura a trav\u00e9s de la pasarela de pagos PayUMoney. Simplifique sus reservas y pagos de citas hoy mismo con la pasarela de pagos PayUMoney de BookingPress: la combinaci\u00f3n perfecta entre comodidad y seguridad.<\/p>\n","protected":false},"featured_media":169215,"comment_status":"open","ping_status":"open","template":"","meta":[],"product_brand":[2682],"product_cat":[1207,1426,1206],"product_tag":[2323],"class_list":{"0":"post-157481","1":"product","2":"type-product","3":"status-publish","4":"has-post-thumbnail","6":"product_brand-bookingpress","7":"product_cat-comercio-electronico-plugins","8":"product_cat-pago-comercio-electronico-plugins","9":"product_cat-plugins","10":"product_tag-bookingpress","11":"member-discount","12":"discount-restricted","14":"first","15":"instock","16":"sale","17":"downloadable","18":"virtual","19":"sold-individually","20":"purchasable","21":"product-type-simple"},"_links":{"self":[{"href":"https:\/\/gpl-love.com\/es\/wp-json\/wp\/v2\/product\/157481","targetHints":{"allow":["GET"]}}],"collection":[{"href":"https:\/\/gpl-love.com\/es\/wp-json\/wp\/v2\/product"}],"about":[{"href":"https:\/\/gpl-love.com\/es\/wp-json\/wp\/v2\/types\/product"}],"replies":[{"embeddable":true,"href":"https:\/\/gpl-love.com\/es\/wp-json\/wp\/v2\/comments?post=157481"}],"wp:featuredmedia":[{"embeddable":true,"href":"https:\/\/gpl-love.com\/es\/wp-json\/wp\/v2\/media\/169215"}],"wp:attachment":[{"href":"https:\/\/gpl-love.com\/es\/wp-json\/wp\/v2\/media?parent=157481"}],"wp:term":[{"taxonomy":"product_brand","embeddable":true,"href":"https:\/\/gpl-love.com\/es\/wp-json\/wp\/v2\/product_brand?post=157481"},{"taxonomy":"product_cat","embeddable":true,"href":"https:\/\/gpl-love.com\/es\/wp-json\/wp\/v2\/product_cat?post=157481"},{"taxonomy":"product_tag","embeddable":true,"href":"https:\/\/gpl-love.com\/es\/wp-json\/wp\/v2\/product_tag?post=157481"}],"curies":[{"name":"wp","href":"https:\/\/api.w.org\/{rel}","templated":true}]}}