{"id":157480,"date":"2025-05-20T00:00:00","date_gmt":"2025-05-20T05:00:00","guid":{"rendered":"https:\/\/gpl-love.com\/es\/producto\/bookingpress-razorpay-payment-gateway\/"},"modified":"2026-03-09T08:46:43","modified_gmt":"2026-03-09T13:46:43","slug":"bookingpress-razorpay-payment-gateway","status":"publish","type":"product","link":"https:\/\/gpl-love.com\/es\/producto\/bookingpress-razorpay-payment-gateway\/","title":{"rendered":"BookingPress Razorpay Payment Gateway 1.8"},"content":{"rendered":"<h3>BookingPress Razorpay Payment Gateway Caracteristicas<\/h3>\n<p>Mejora tu sitio web de BookingPress con la integraci\u00f3n perfecta de BookingPress con Razorpay. Este potente plugin permite a tu negocio aceptar pagos f\u00e1cilmente mediante la pasarela de pagos Razorpay, una soluci\u00f3n l\u00edder en la que conf\u00edan miles de empresas por su fiabilidad y seguridad. Con el plugin de BookingPress con Razorpay, puedes personalizar la pasarela de pagos Razorpay para que se ajuste a las necesidades espec\u00edficas de tu negocio, garantizando una experiencia de pago fluida y personalizada para tus clientes.<\/p>\n<p>Configuraci\u00f3n de BookingPress con Razorpay: La configuraci\u00f3n es sencilla y te permite implementar Razorpay en BookingPress sin complicaciones t\u00e9cnicas. Esta integraci\u00f3n admite diversos m\u00e9todos de pago, como tarjetas de cr\u00e9dito, tarjetas de d\u00e9bito, banca en l\u00ednea y monederos electr\u00f3nicos, lo que ofrece flexibilidad a tus clientes y mejora tus tasas de conversi\u00f3n.<\/p>\n<p>Protege tus transacciones con la funci\u00f3n de Pago Seguro de BookingPress con Razorpay, que garantiza que todos los pagos se encripten y procesen de forma segura. Con las Soluciones de Pago de Razorpay para BookingPress, puedes gestionar el procesamiento de pagos de forma eficiente, lo que te permite dedicarte a hacer crecer tu negocio.<\/p>\n<ul>\n<li>Integraci\u00f3n perfecta con el plugin de BookingPress<\/li>\n<li>Compatible con las principales tarjetas de cr\u00e9dito y d\u00e9bito<\/li>\n<li>Permite pagos con UPI y banca online<\/li>\n<li>Transacciones seguras con cifrado SSL<\/li>\n<li>Procesamiento de pagos en tiempo real<\/li>\n<li>Interfaz intuitiva para transacciones sencillas<\/li>\n<li>Compatible con m\u00faltiples divisas<\/li>\n<li>Compatible con plataformas m\u00f3viles y de escritorio<\/li>\n<li>Informes detallados de transacciones para un seguimiento eficiente<\/li>\n<li>Actualizaciones autom\u00e1ticas y soporte t\u00e9cnico<\/li>\n<\/ul>\n","protected":false},"excerpt":{"rendered":"<p>Presentamos la integraci\u00f3n de BookingPress con Razorpay, la soluci\u00f3n definitiva para pagos online sin complicaciones. Optimice su plataforma BookingPress con la pasarela de pagos Razorpay, dise\u00f1ada para simplificar las transacciones y aumentar la eficiencia de su negocio. Nuestro plugin BookingPress Razorpay no solo ofrece un procesamiento de pagos seguro, sino que tambi\u00e9n permite personalizar f\u00e1cilmente la pasarela de pagos Razorpay para satisfacer sus necesidades espec\u00edficas. Con la configuraci\u00f3n de BookingPress con Razorpay, implementar Razorpay en BookingPress es muy sencillo, garantizando soluciones de pago fiables y seguras. Tanto si desea actualizar su sistema de pagos online de BookingPress con Razorpay como si necesita soluciones de pago detalladas con Razorpay, nuestra integraci\u00f3n le ofrece la soluci\u00f3n. Optimice su proceso de pago y mejore la experiencia de sus clientes con la pasarela de pagos Razorpay de BookingPress.<\/p>\n","protected":false},"featured_media":169214,"comment_status":"open","ping_status":"open","template":"","meta":[],"product_brand":[2682],"product_cat":[1207,1426,1206],"product_tag":[2323],"class_list":{"0":"post-157480","1":"product","2":"type-product","3":"status-publish","4":"has-post-thumbnail","6":"product_brand-bookingpress","7":"product_cat-comercio-electronico-plugins","8":"product_cat-pago-comercio-electronico-plugins","9":"product_cat-plugins","10":"product_tag-bookingpress","11":"member-discount","12":"discount-restricted","14":"first","15":"instock","16":"sale","17":"downloadable","18":"virtual","19":"sold-individually","20":"purchasable","21":"product-type-simple"},"_links":{"self":[{"href":"https:\/\/gpl-love.com\/es\/wp-json\/wp\/v2\/product\/157480","targetHints":{"allow":["GET"]}}],"collection":[{"href":"https:\/\/gpl-love.com\/es\/wp-json\/wp\/v2\/product"}],"about":[{"href":"https:\/\/gpl-love.com\/es\/wp-json\/wp\/v2\/types\/product"}],"replies":[{"embeddable":true,"href":"https:\/\/gpl-love.com\/es\/wp-json\/wp\/v2\/comments?post=157480"}],"wp:featuredmedia":[{"embeddable":true,"href":"https:\/\/gpl-love.com\/es\/wp-json\/wp\/v2\/media\/169214"}],"wp:attachment":[{"href":"https:\/\/gpl-love.com\/es\/wp-json\/wp\/v2\/media?parent=157480"}],"wp:term":[{"taxonomy":"product_brand","embeddable":true,"href":"https:\/\/gpl-love.com\/es\/wp-json\/wp\/v2\/product_brand?post=157480"},{"taxonomy":"product_cat","embeddable":true,"href":"https:\/\/gpl-love.com\/es\/wp-json\/wp\/v2\/product_cat?post=157480"},{"taxonomy":"product_tag","embeddable":true,"href":"https:\/\/gpl-love.com\/es\/wp-json\/wp\/v2\/product_tag?post=157480"}],"curies":[{"name":"wp","href":"https:\/\/api.w.org\/{rel}","templated":true}]}}