{"id":157479,"date":"2026-04-21T00:00:00","date_gmt":"2026-04-21T05:00:00","guid":{"rendered":"https:\/\/gpl-love.com\/es\/producto\/bookingpress-recurring-appointments\/"},"modified":"2026-04-21T11:17:02","modified_gmt":"2026-04-21T16:17:02","slug":"bookingpress-recurring-appointments","status":"publish","type":"product","link":"https:\/\/gpl-love.com\/es\/producto\/bookingpress-recurring-appointments\/","title":{"rendered":"BookingPress Recurring Appointments 2.4"},"content":{"rendered":"<h3>BookingPress Recurring Appointments Caracteristicas<\/h3>\n<p>Maximiza tu tiempo con las citas recurrentes de BookingPress<\/p>\n<p>Disfruta de una programaci\u00f3n fluida con BookingPress, la soluci\u00f3n definitiva para software de citas recurrentes. Nuestra app de programaci\u00f3n de citas BookingPress est\u00e1 dise\u00f1ada por expertos para gestionar citas regulares de forma eficiente, garantizando que nunca te pierdas nada. Con el sofisticado sistema de reservas online para citas recurrentes, gestionar tu calendario nunca ha sido tan f\u00e1cil.<\/p>\n<p>Automatiza tus citas recurrentes con BookingPress y observa c\u00f3mo nuestro sistema automatizado de reservas se encarga de la tediosa tarea de las entradas manuales. Ideal tanto para empresas como para profesionales, este software de programaci\u00f3n de sesiones recurrentes se adapta a tus necesidades espec\u00edficas, ofreciendo flexibilidad y fiabilidad.<\/p>\n<p>La app de programaci\u00f3n BookingPress no es solo una herramienta; es tu asistente personal, que agiliza tus citas y te permite ahorrar tiempo valioso. Ya sean citas diarias, semanales o mensuales, BookingPress para citas regulares es tu plataforma ideal.<\/p>\n<p>\u00danete a los miles de usuarios que han optimizado su proceso de citas. Elige hoy mismo el sistema de citas online de BookingPress y transforma tu experiencia de programaci\u00f3n. \u00a1La eficiencia est\u00e1 a un clic de distancia!<\/p>\n<ul>\n<li>Simplifica el proceso de reserva de citas recurrentes<\/li>\n<li>Opciones de frecuencia personalizables (diarias, semanales, mensuales, etc.)<\/li>\n<li>Recordatorios autom\u00e1ticos para clientes y proveedores de servicios<\/li>\n<li>Integraci\u00f3n con calendarios populares (Google, Outlook, etc.)<\/li>\n<li>Permite a los clientes reprogramar o cancelar f\u00e1cilmente<\/li>\n<li>Compatible con m\u00faltiples proveedores de servicios y ubicaciones<\/li>\n<li>Ofrece pasarelas de pago seguras para prepagos o dep\u00f3sitos<\/li>\n<li>Proporciona informes detallados y an\u00e1lisis sobre las tendencias de citas<\/li>\n<li>Interfaz m\u00f3vil para reservas en cualquier lugar<\/li>\n<li>Opciones de marca personalizables que se adaptan a la identidad de su negocio<\/li>\n<\/ul>\n","protected":false},"excerpt":{"rendered":"<p>Presentamos BookingPress Citas Recurrentes, la soluci\u00f3n definitiva para optimizar la programaci\u00f3n de citas. Nuestra robusta herramienta de programaci\u00f3n de citas, BookingPress, simplifica la gesti\u00f3n de citas regulares, lo que la hace perfecta para empresas y profesionales. Con nuestro sistema de reservas online para citas recurrentes, puede automatizarlas f\u00e1cilmente, evitando reservas duplicadas y conflictos de programaci\u00f3n. La app de programaci\u00f3n BookingPress est\u00e1 dise\u00f1ada para mejorar la eficiencia, permitiendo una integraci\u00f3n perfecta del software de programaci\u00f3n de sesiones recurrentes en su flujo de trabajo. Experimente la comodidad de nuestro sistema automatizado de reservas BookingPress y transforme su gesti\u00f3n de reservas con nuestro vanguardista sistema de citas online BookingPress. \u00a1Optimice su tiempo y aumente la satisfacci\u00f3n de sus clientes con BookingPress!<\/p>\n","protected":false},"featured_media":169213,"comment_status":"open","ping_status":"open","template":"","meta":[],"product_brand":[2682],"product_cat":[1214,1206,1211],"product_tag":[2323],"class_list":{"0":"post-157479","1":"product","2":"type-product","3":"status-publish","4":"has-post-thumbnail","6":"product_brand-bookingpress","7":"product_cat-personalizacion","8":"product_cat-plugins","9":"product_cat-wordpress-plugins","10":"product_tag-bookingpress","11":"member-discount","12":"discount-restricted","14":"first","15":"instock","16":"sale","17":"downloadable","18":"virtual","19":"sold-individually","20":"purchasable","21":"product-type-simple"},"_links":{"self":[{"href":"https:\/\/gpl-love.com\/es\/wp-json\/wp\/v2\/product\/157479","targetHints":{"allow":["GET"]}}],"collection":[{"href":"https:\/\/gpl-love.com\/es\/wp-json\/wp\/v2\/product"}],"about":[{"href":"https:\/\/gpl-love.com\/es\/wp-json\/wp\/v2\/types\/product"}],"replies":[{"embeddable":true,"href":"https:\/\/gpl-love.com\/es\/wp-json\/wp\/v2\/comments?post=157479"}],"wp:featuredmedia":[{"embeddable":true,"href":"https:\/\/gpl-love.com\/es\/wp-json\/wp\/v2\/media\/169213"}],"wp:attachment":[{"href":"https:\/\/gpl-love.com\/es\/wp-json\/wp\/v2\/media?parent=157479"}],"wp:term":[{"taxonomy":"product_brand","embeddable":true,"href":"https:\/\/gpl-love.com\/es\/wp-json\/wp\/v2\/product_brand?post=157479"},{"taxonomy":"product_cat","embeddable":true,"href":"https:\/\/gpl-love.com\/es\/wp-json\/wp\/v2\/product_cat?post=157479"},{"taxonomy":"product_tag","embeddable":true,"href":"https:\/\/gpl-love.com\/es\/wp-json\/wp\/v2\/product_tag?post=157479"}],"curies":[{"name":"wp","href":"https:\/\/api.w.org\/{rel}","templated":true}]}}