{"id":157478,"date":"2025-05-20T00:00:00","date_gmt":"2025-05-20T05:00:00","guid":{"rendered":"https:\/\/gpl-love.com\/es\/producto\/bookingpress-skrill-payment-gateway\/"},"modified":"2026-03-09T08:46:41","modified_gmt":"2026-03-09T13:46:41","slug":"bookingpress-skrill-payment-gateway","status":"publish","type":"product","link":"https:\/\/gpl-love.com\/es\/producto\/bookingpress-skrill-payment-gateway\/","title":{"rendered":"BookingPress Skrill Payment Gateway 1.5"},"content":{"rendered":"<h3>BookingPress Skrill Payment Gateway Caracteristicas<\/h3>\n<p>\u00a1Desbloquea transacciones de pago fluidas en tu sitio de BookingPress con la integraci\u00f3n de la pasarela de pago de Skrill! Ideal para empresas de todos los tama\u00f1os, este potente m\u00f3dulo te permite configurar Skrill en BookingPress sin esfuerzo, permitiendo a tus clientes realizar pagos seguros y r\u00e1pidos con solo unos clics.<\/p>\n<p>Con la configuraci\u00f3n de pagos de Skrill en BookingPress, puedes ampliar tus opciones de pago, ofreciendo comodidad y mejorando la experiencia del usuario. Ya sea que tus clientes prefieran tarjetas de cr\u00e9dito, transferencias bancarias o monederos electr\u00f3nicos, la vers\u00e1til plataforma de Skrill admite una amplia gama de m\u00e9todos de pago, garantizando que cada transacci\u00f3n sea fluida y sin complicaciones.<\/p>\n<p>Configurar la pasarela de pago de Skrill para BookingPress es sencillo. Nuestra gu\u00eda f\u00e1cil de seguir te ayuda a integrar Skrill en tu sistema de forma eficiente, sin complejidades t\u00e9cnicas. Esta integraci\u00f3n no solo aumenta tu eficiencia operativa, sino que tambi\u00e9n refuerza la seguridad de tus procesos de pago gracias a las robustas medidas de cifrado de Skrill.<\/p>\n<ul>\n<li>Se integra perfectamente con el plugin de BookingPress.<\/li>\n<li>Ofrece procesamiento de pagos seguro a trav\u00e9s de Skrill.<\/li>\n<li>Compatible con m\u00faltiples divisas para transacciones globales.<\/li>\n<li>Permite un pago r\u00e1pido para una experiencia de usuario m\u00e1s \u00e1gil.<\/li>\n<li>Ofrece prevenci\u00f3n de fraude y gesti\u00f3n de riesgos.<\/li>\n<li>F\u00e1cil de configurar y gestionar desde la interfaz de BookingPress.<\/li>\n<li>Admite reembolsos directamente desde el panel de control de BookingPress.<\/li>\n<li>Compatible con las principales tarjetas de cr\u00e9dito y la billetera Skrill.<\/li>\n<li>Actualizaciones de transacciones en tiempo real dentro de BookingPress.<\/li>\n<li>Refuerza la confianza del cliente con el fiable servicio de pagos de Skrill.<\/li>\n<\/ul>\n","protected":false},"excerpt":{"rendered":"<p>Presentamos la integraci\u00f3n de Skrill con BookingPress, \u00a1tu soluci\u00f3n perfecta para pagos online! Optimiza tus transacciones con la pasarela de pago de Skrill para BookingPress, dise\u00f1ada para optimizar la eficiencia de tu sistema de reservas. Configurarla es facil\u00edsima; con nuestra configuraci\u00f3n de pagos de Skrill para BookingPress, puedes configurar Skrill en BookingPress al instante. Esta integraci\u00f3n no solo simplifica el procesamiento de pagos, sino que tambi\u00e9n lo protege, garantizando una experiencia de transacci\u00f3n fluida y fiable. Elige las soluciones de pago de Skrill para BookingPress y optimiza tu servicio con una pasarela de pago fiable e intuitiva. Ideal para empresas que buscan ampliar sus opciones de pago y aumentar la satisfacci\u00f3n del cliente.<\/p>\n","protected":false},"featured_media":169212,"comment_status":"open","ping_status":"open","template":"","meta":[],"product_brand":[2682],"product_cat":[1207,1426,1206],"product_tag":[2323],"class_list":{"0":"post-157478","1":"product","2":"type-product","3":"status-publish","4":"has-post-thumbnail","6":"product_brand-bookingpress","7":"product_cat-comercio-electronico-plugins","8":"product_cat-pago-comercio-electronico-plugins","9":"product_cat-plugins","10":"product_tag-bookingpress","11":"member-discount","12":"discount-restricted","14":"first","15":"instock","16":"sale","17":"downloadable","18":"virtual","19":"sold-individually","20":"purchasable","21":"product-type-simple"},"_links":{"self":[{"href":"https:\/\/gpl-love.com\/es\/wp-json\/wp\/v2\/product\/157478","targetHints":{"allow":["GET"]}}],"collection":[{"href":"https:\/\/gpl-love.com\/es\/wp-json\/wp\/v2\/product"}],"about":[{"href":"https:\/\/gpl-love.com\/es\/wp-json\/wp\/v2\/types\/product"}],"replies":[{"embeddable":true,"href":"https:\/\/gpl-love.com\/es\/wp-json\/wp\/v2\/comments?post=157478"}],"wp:featuredmedia":[{"embeddable":true,"href":"https:\/\/gpl-love.com\/es\/wp-json\/wp\/v2\/media\/169212"}],"wp:attachment":[{"href":"https:\/\/gpl-love.com\/es\/wp-json\/wp\/v2\/media?parent=157478"}],"wp:term":[{"taxonomy":"product_brand","embeddable":true,"href":"https:\/\/gpl-love.com\/es\/wp-json\/wp\/v2\/product_brand?post=157478"},{"taxonomy":"product_cat","embeddable":true,"href":"https:\/\/gpl-love.com\/es\/wp-json\/wp\/v2\/product_cat?post=157478"},{"taxonomy":"product_tag","embeddable":true,"href":"https:\/\/gpl-love.com\/es\/wp-json\/wp\/v2\/product_tag?post=157478"}],"curies":[{"name":"wp","href":"https:\/\/api.w.org\/{rel}","templated":true}]}}