{"id":157477,"date":"2026-04-07T00:00:00","date_gmt":"2026-04-07T05:00:00","guid":{"rendered":"https:\/\/gpl-love.com\/es\/producto\/bookingpress-sms-notification\/"},"modified":"2026-04-07T17:16:43","modified_gmt":"2026-04-07T22:16:43","slug":"bookingpress-sms-notification","status":"publish","type":"product","link":"https:\/\/gpl-love.com\/es\/producto\/bookingpress-sms-notification\/","title":{"rendered":"BookingPress SMS Notification 2.6"},"content":{"rendered":"<h3>BookingPress SMS Notification Caracteristicas<\/h3>\n<p>Mejora la experiencia del cliente con las notificaciones SMS de BookingPress<\/p>\n<p>\u00bfListo para revolucionar la forma en que conectas con tus clientes? Las notificaciones SMS de BookingPress son la herramienta definitiva para una comunicaci\u00f3n fluida. Este robusto sistema de notificaciones SMS para BookingPress garantiza que ninguna cita pase desapercibida. Con los recordatorios de citas de BookingPress, puedes reducir las inasistencias y mantener un horario impecable y puntual todos los d\u00edas.<\/p>\n<p>Transforma la forma en que env\u00edas SMS de confirmaci\u00f3n de reservas de BookingPress. Nuestro sistema no solo te permite confirmar citas eficazmente, sino que tambi\u00e9n te permite enviar alertas m\u00f3viles de BookingPress oportunas, manteniendo a tus clientes informados y comprometidos. Configurarlo es muy f\u00e1cil con nuestra sencilla gu\u00eda de configuraci\u00f3n de notificaciones SMS de BookingPress, dise\u00f1ada para ahorrarte tiempo y molestias.<\/p>\n<p>Personaliza las notificaciones SMS de BookingPress para que se adapten al tono y estilo de tu negocio, haciendo que cada mensaje sea personal y profesional. Ya sea un recordatorio, una confirmaci\u00f3n o una alerta, aseg\u00farate de que reflejen tu marca a la perfecci\u00f3n.<\/p>\n<p>No dejes que tu negocio se quede atr\u00e1s en la comunicaci\u00f3n con los clientes. Actual\u00edzate hoy mismo a las notificaciones SMS de BookingPress y empieza.<\/p>\n<ul>\n<li>Notificaciones instant\u00e1neas por SMS para reservas, cancelaciones y reprogramaciones<\/li>\n<li>Plantillas de mensajes personalizables para una comunicaci\u00f3n personalizada<\/li>\n<li>Compatible con varios idiomas para uso global<\/li>\n<li>Integraci\u00f3n con las principales pasarelas de SMS para una entrega fiable<\/li>\n<li>Funci\u00f3n de mensajer\u00eda programada para planificar recordatorios con antelaci\u00f3n<\/li>\n<li>Informes de entrega en tiempo real para supervisar el estado de los SMS<\/li>\n<li>Opci\u00f3n de suscripci\u00f3n para que los clientes se suscriban o den de baja de las alertas SMS<\/li>\n<li>Compatible con dispositivos Android e iOS<\/li>\n<li>F\u00e1cil configuraci\u00f3n e interfaz intuitiva<\/li>\n<li>Gesti\u00f3n segura de datos y cumplimiento de la privacidad<\/li>\n<\/ul>\n","protected":false},"excerpt":{"rendered":"<p>Presentamos el sistema de notificaciones SMS de BookingPress: \u00a1la soluci\u00f3n definitiva para una comunicaci\u00f3n fluida! Mejora tu experiencia en BookingPress con notificaciones SMS personalizables, garantizando que tus clientes reciban recordatorios de citas, confirmaciones de reservas y alertas m\u00f3viles puntuales directamente en sus tel\u00e9fonos. Configurar las notificaciones SMS con BookingPress es muy sencillo, lo que te permite mantener a tus clientes informados y comprometidos. Tanto si confirmas citas como si env\u00edas recordatorios, nuestro sistema de notificaciones SMS para BookingPress facilita m\u00e1s que nunca mantener un excelente servicio al cliente y agiliza tu proceso de reserva. \u00a1Actualiza tu BookingPress con nuestro sistema de notificaciones SMS hoy mismo y transforma la forma en que conectas con tus clientes!<\/p>\n","protected":false},"featured_media":169211,"comment_status":"open","ping_status":"open","template":"","meta":[],"product_brand":[2682],"product_cat":[1232,1206,1211],"product_tag":[2323],"class_list":{"0":"post-157477","1":"product","2":"type-product","3":"status-publish","4":"has-post-thumbnail","6":"product_brand-bookingpress","7":"product_cat-marketing-wordpress-plugins","8":"product_cat-plugins","9":"product_cat-wordpress-plugins","10":"product_tag-bookingpress","11":"member-discount","12":"discount-restricted","14":"first","15":"instock","16":"sale","17":"downloadable","18":"virtual","19":"sold-individually","20":"purchasable","21":"product-type-simple"},"_links":{"self":[{"href":"https:\/\/gpl-love.com\/es\/wp-json\/wp\/v2\/product\/157477","targetHints":{"allow":["GET"]}}],"collection":[{"href":"https:\/\/gpl-love.com\/es\/wp-json\/wp\/v2\/product"}],"about":[{"href":"https:\/\/gpl-love.com\/es\/wp-json\/wp\/v2\/types\/product"}],"replies":[{"embeddable":true,"href":"https:\/\/gpl-love.com\/es\/wp-json\/wp\/v2\/comments?post=157477"}],"wp:featuredmedia":[{"embeddable":true,"href":"https:\/\/gpl-love.com\/es\/wp-json\/wp\/v2\/media\/169211"}],"wp:attachment":[{"href":"https:\/\/gpl-love.com\/es\/wp-json\/wp\/v2\/media?parent=157477"}],"wp:term":[{"taxonomy":"product_brand","embeddable":true,"href":"https:\/\/gpl-love.com\/es\/wp-json\/wp\/v2\/product_brand?post=157477"},{"taxonomy":"product_cat","embeddable":true,"href":"https:\/\/gpl-love.com\/es\/wp-json\/wp\/v2\/product_cat?post=157477"},{"taxonomy":"product_tag","embeddable":true,"href":"https:\/\/gpl-love.com\/es\/wp-json\/wp\/v2\/product_tag?post=157477"}],"curies":[{"name":"wp","href":"https:\/\/api.w.org\/{rel}","templated":true}]}}