{"id":157476,"date":"2025-05-15T00:00:00","date_gmt":"2025-05-15T05:00:00","guid":{"rendered":"https:\/\/gpl-love.com\/es\/producto\/bookingpress-square-payment-gateway\/"},"modified":"2026-03-09T08:46:39","modified_gmt":"2026-03-09T13:46:39","slug":"bookingpress-square-payment-gateway","status":"publish","type":"product","link":"https:\/\/gpl-love.com\/es\/producto\/bookingpress-square-payment-gateway\/","title":{"rendered":"BookingPress Square Payment Gateway 2.0"},"content":{"rendered":"<h3>BookingPress Square Payment Gateway Caracteristicas<\/h3>\n<p>Mejora tu experiencia en BookingPress con la integraci\u00f3n perfecta de la Pasarela de Pagos Square. Esta potente combinaci\u00f3n no solo simplifica el proceso de pago, sino que tambi\u00e9n mejora la seguridad, haciendo que cada transacci\u00f3n sea fluida y fiable. Tanto si est\u00e1s configurando como si buscas cambiar de procesador de pagos, nuestra completa gu\u00eda de configuraci\u00f3n de la Pasarela de Pagos Square de BookingPress te guiar\u00e1 paso a paso para configurarla f\u00e1cilmente.<\/p>\n<p>Descubre las numerosas ventajas de la Pasarela de Pagos Square para BookingPress. Desde un procesamiento de pagos r\u00e1pido hasta s\u00f3lidas funciones de seguridad, esta integraci\u00f3n garantiza la seguridad de cada transacci\u00f3n, permiti\u00e9ndote centrarte m\u00e1s en el crecimiento de tu negocio y menos en los problemas de pago. Implementar la Pasarela de Pagos Square en BookingPress es sencillo, y nuestra gu\u00eda te proporciona todos los detalles necesarios para una instalaci\u00f3n sin complicaciones.<\/p>\n<p>No te pierdas las funciones avanzadas que ofrece la Pasarela de Pagos Square de BookingPress. No se trata solo de aceptar pagos, sino de crear un entorno de reservas y pagos fiable y eficiente que mejore la satisfacci\u00f3n del usuario e impulse tus operaciones comerciales.<\/p>\n<ul>\n<li>Permite el procesamiento seguro de pagos a trav\u00e9s de Square<\/li>\n<li>Integraci\u00f3n perfecta con el plugin de BookingPress<\/li>\n<li>Compatible con las principales tarjetas de cr\u00e9dito, como Visa, MasterCard y American Express<\/li>\n<li>Procesamiento de pagos en tiempo real<\/li>\n<li>El cumplimiento de PCI garantiza una seguridad robusta<\/li>\n<li>F\u00e1cil configuraci\u00f3n<\/li>\n<li>Compatible con las transacciones en el punto de venta de Square<\/li>\n<li>Compatible con pagos m\u00f3viles<\/li>\n<li>Proporciona informes detallados de transacciones<\/li>\n<li>Ofrece asistencia para reembolsos y cancelaciones a trav\u00e9s del panel de control<\/li>\n<\/ul>\n","protected":false},"excerpt":{"rendered":"<p>Presentamos la integraci\u00f3n perfecta de la pasarela de pago Square de BookingPress, su soluci\u00f3n definitiva para un procesamiento de pagos seguro y eficiente. Descubra la facilidad de configuraci\u00f3n de la pasarela de pago Square en BookingPress con nuestra sencilla gu\u00eda de configuraci\u00f3n. Impulse su negocio implementando esta potente funci\u00f3n, dise\u00f1ada para agilizar las transacciones y aumentar la satisfacci\u00f3n del cliente. Aprenda a configurar la pasarela de pago Square en BookingPress y aproveche sus numerosas funciones, como medidas de seguridad mejoradas y una completa capacidad de procesamiento de pagos. Aproveche hoy mismo las ventajas de la pasarela de pago Square para BookingPress y transforme su sistema de reservas en un motor de eficiencia y fiabilidad.<\/p>\n","protected":false},"featured_media":169210,"comment_status":"open","ping_status":"open","template":"","meta":[],"product_brand":[2682],"product_cat":[1207,1426,1206],"product_tag":[2323],"class_list":{"0":"post-157476","1":"product","2":"type-product","3":"status-publish","4":"has-post-thumbnail","6":"product_brand-bookingpress","7":"product_cat-comercio-electronico-plugins","8":"product_cat-pago-comercio-electronico-plugins","9":"product_cat-plugins","10":"product_tag-bookingpress","11":"member-discount","12":"discount-restricted","14":"first","15":"instock","16":"sale","17":"downloadable","18":"virtual","19":"sold-individually","20":"purchasable","21":"product-type-simple"},"_links":{"self":[{"href":"https:\/\/gpl-love.com\/es\/wp-json\/wp\/v2\/product\/157476","targetHints":{"allow":["GET"]}}],"collection":[{"href":"https:\/\/gpl-love.com\/es\/wp-json\/wp\/v2\/product"}],"about":[{"href":"https:\/\/gpl-love.com\/es\/wp-json\/wp\/v2\/types\/product"}],"replies":[{"embeddable":true,"href":"https:\/\/gpl-love.com\/es\/wp-json\/wp\/v2\/comments?post=157476"}],"wp:featuredmedia":[{"embeddable":true,"href":"https:\/\/gpl-love.com\/es\/wp-json\/wp\/v2\/media\/169210"}],"wp:attachment":[{"href":"https:\/\/gpl-love.com\/es\/wp-json\/wp\/v2\/media?parent=157476"}],"wp:term":[{"taxonomy":"product_brand","embeddable":true,"href":"https:\/\/gpl-love.com\/es\/wp-json\/wp\/v2\/product_brand?post=157476"},{"taxonomy":"product_cat","embeddable":true,"href":"https:\/\/gpl-love.com\/es\/wp-json\/wp\/v2\/product_cat?post=157476"},{"taxonomy":"product_tag","embeddable":true,"href":"https:\/\/gpl-love.com\/es\/wp-json\/wp\/v2\/product_tag?post=157476"}],"curies":[{"name":"wp","href":"https:\/\/api.w.org\/{rel}","templated":true}]}}