{"id":157474,"date":"2025-06-09T00:00:00","date_gmt":"2025-06-09T05:00:00","guid":{"rendered":"https:\/\/gpl-love.com\/es\/producto\/bookingpress-tax\/"},"modified":"2026-03-09T08:46:37","modified_gmt":"2026-03-09T13:46:37","slug":"bookingpress-tax","status":"publish","type":"product","link":"https:\/\/gpl-love.com\/es\/producto\/bookingpress-tax\/","title":{"rendered":"BookingPress Tax 1.9"},"content":{"rendered":"<h3>BookingPress Tax Caracteristicas<\/h3>\n<p>Impulsa tu negocio con BookingPress Tax, la soluci\u00f3n definitiva para simplificar la gesti\u00f3n de impuestos en tu sistema de reservas. Ideal para peque\u00f1as y medianas empresas, BookingPress Tax se integra a la perfecci\u00f3n con tu sistema actual, automatizando el complejo proceso de c\u00e1lculo de impuestos.<\/p>\n<p>Olv\u00eddate de las complicaciones de la entrada manual de impuestos. Con BookingPress Tax, la precisi\u00f3n est\u00e1 garantizada, ya que actualiza autom\u00e1ticamente las tasas de impuestos seg\u00fan tu ubicaci\u00f3n y tipo de servicio, lo que facilita y simplifica el cumplimiento normativo. Tanto si gestionas impuestos para reservas de hotel, eventos o servicios, BookingPress Tax est\u00e1 dise\u00f1ado para gestionarlo todo de forma eficiente.<\/p>\n<ul>\n<li>Sistema de reservas en l\u00ednea optimizado para servicios de preparaci\u00f3n de impuestos<\/li>\n<li>Programaci\u00f3n de citas en tiempo real para clientes y profesionales de impuestos<\/li>\n<li>Gesti\u00f3n segura de cuentas de clientes con protecci\u00f3n de datos cifrada<\/li>\n<li>Recordatorios de citas automatizados por correo electr\u00f3nico y SMS<\/li>\n<li>Herramientas integrales de informes para seguimiento y an\u00e1lisis financiero<\/li>\n<li>Formularios de reserva personalizables para recopilar informaci\u00f3n esencial del cliente<\/li>\n<li>Integraci\u00f3n con software de contabilidad popular para optimizar las operaciones<\/li>\n<li>Acceso multiusuario, que permite diferentes niveles de permisos para el personal<\/li>\n<li>Dise\u00f1o optimizado para dispositivos m\u00f3viles para reservas en cualquier lugar<\/li>\n<li>Compatibilidad con m\u00faltiples ubicaciones y profesionales de impuestos en una sola plataforma<\/li>\n<\/ul>\n","protected":false},"excerpt":{"rendered":"<p>Claro, puedo ayudarte a crear una introducci\u00f3n atractiva para \u00abBookingPress Tax\u00bb. Sin embargo, parece que hubo un malentendido, ya que no recib\u00ed la lista de palabras clave. Por favor, proporciona la lista de palabras clave separadas por comas que deseas incluir en la descripci\u00f3n del producto y crear\u00e9 una introducci\u00f3n concisa y optimizada para SEO que destaque las caracter\u00edsticas y ventajas clave de BookingPress Tax.<\/p>\n","protected":false},"featured_media":169208,"comment_status":"open","ping_status":"open","template":"","meta":[],"product_brand":[2682],"product_cat":[1207,1426,1206],"product_tag":[2323],"class_list":{"0":"post-157474","1":"product","2":"type-product","3":"status-publish","4":"has-post-thumbnail","6":"product_brand-bookingpress","7":"product_cat-comercio-electronico-plugins","8":"product_cat-pago-comercio-electronico-plugins","9":"product_cat-plugins","10":"product_tag-bookingpress","11":"member-discount","12":"discount-restricted","14":"first","15":"instock","16":"sale","17":"downloadable","18":"virtual","19":"sold-individually","20":"purchasable","21":"product-type-simple"},"_links":{"self":[{"href":"https:\/\/gpl-love.com\/es\/wp-json\/wp\/v2\/product\/157474","targetHints":{"allow":["GET"]}}],"collection":[{"href":"https:\/\/gpl-love.com\/es\/wp-json\/wp\/v2\/product"}],"about":[{"href":"https:\/\/gpl-love.com\/es\/wp-json\/wp\/v2\/types\/product"}],"replies":[{"embeddable":true,"href":"https:\/\/gpl-love.com\/es\/wp-json\/wp\/v2\/comments?post=157474"}],"wp:featuredmedia":[{"embeddable":true,"href":"https:\/\/gpl-love.com\/es\/wp-json\/wp\/v2\/media\/169208"}],"wp:attachment":[{"href":"https:\/\/gpl-love.com\/es\/wp-json\/wp\/v2\/media?parent=157474"}],"wp:term":[{"taxonomy":"product_brand","embeddable":true,"href":"https:\/\/gpl-love.com\/es\/wp-json\/wp\/v2\/product_brand?post=157474"},{"taxonomy":"product_cat","embeddable":true,"href":"https:\/\/gpl-love.com\/es\/wp-json\/wp\/v2\/product_cat?post=157474"},{"taxonomy":"product_tag","embeddable":true,"href":"https:\/\/gpl-love.com\/es\/wp-json\/wp\/v2\/product_tag?post=157474"}],"curies":[{"name":"wp","href":"https:\/\/api.w.org\/{rel}","templated":true}]}}