{"id":157473,"date":"2026-04-07T00:00:00","date_gmt":"2026-04-07T05:00:00","guid":{"rendered":"https:\/\/gpl-love.com\/es\/producto\/bookingpress-tip\/"},"modified":"2026-04-07T17:16:42","modified_gmt":"2026-04-07T22:16:42","slug":"bookingpress-tip","status":"publish","type":"product","link":"https:\/\/gpl-love.com\/es\/producto\/bookingpress-tip\/","title":{"rendered":"BookingPress Tip 2.2"},"content":{"rendered":"<h3>BookingPress Tip Caracteristicas<\/h3>\n<p>BookingPress es un innovador plugin de reservas dise\u00f1ado para optimizar tu programaci\u00f3n y maximizar la eficiencia. Tanto si gestionas una peque\u00f1a empresa como si gestionas un gimnasio o un sal\u00f3n de belleza, BookingPress es la soluci\u00f3n definitiva para gestionar todas tus necesidades de citas sin problemas. Esta potente herramienta garantiza que tus clientes puedan reservar servicios cuando les resulte conveniente, 24\/7, directamente desde tu sitio web.<\/p>\n<p>Entre sus funciones clave se incluyen una interfaz intuitiva, formularios de reserva personalizables, recordatorios autom\u00e1ticos y actualizaciones de programaci\u00f3n en tiempo real, lo que facilita m\u00e1s que nunca la gesti\u00f3n de tus citas. Con BookingPress, puedes aumentar la satisfacci\u00f3n de tus clientes, reducir las inasistencias y aumentar tu productividad operativa.<\/p>\n<p>No dejes que la programaci\u00f3n manual te frene. Elige BookingPress y transforma la forma en que gestionas tus citas. Experimenta la facilidad de integrar este plugin en tu negocio hoy mismo y da el primer paso hacia una prestaci\u00f3n de servicios m\u00e1s organizada y eficiente. Mejora tu servicio al cliente con BookingPress: la simplicidad y la funcionalidad se unen.<\/p>\n<ul>\n<li>Software de programaci\u00f3n de citas en l\u00ednea<\/li>\n<li>Compatible con m\u00faltiples proveedores de servicios<\/li>\n<li>Formularios de reserva personalizables<\/li>\n<li>Procesamiento de pagos integrado<\/li>\n<li>Recordatorios autom\u00e1ticos de citas por correo electr\u00f3nico y SMS<\/li>\n<li>Dise\u00f1o optimizado para dispositivos m\u00f3viles<\/li>\n<li>Actualizaciones de disponibilidad del calendario en tiempo real<\/li>\n<li>Compatibilidad con reuniones virtuales mediante la integraci\u00f3n con Zoom<\/li>\n<li>Herramientas robustas de gesti\u00f3n de clientes<\/li>\n<li>Capacidad de an\u00e1lisis e informes<\/li>\n<\/ul>\n","protected":false},"excerpt":{"rendered":"<p>Presentamos BookingPress, \u00a1la soluci\u00f3n definitiva para programar citas sin esfuerzo! Esta innovadora herramienta agiliza tu proceso de reservas, mejorando la satisfacci\u00f3n del cliente y optimizando tu eficiencia operativa. Con BookingPress, disfruta de funciones como disponibilidad en tiempo real, recordatorios autom\u00e1ticos y formularios de reserva personalizables. Tanto si eres una peque\u00f1a empresa como una gran corporaci\u00f3n, BookingPress se adapta a tus necesidades, garantizando una integraci\u00f3n perfecta en tu flujo de trabajo. Disfruta de los beneficios de un aumento de reservas y una reducci\u00f3n de inasistencias. Optimiza la gesti\u00f3n de tus servicios con BookingPress: la combinaci\u00f3n perfecta de comodidad y funcionalidad. Transforma hoy mismo tu programaci\u00f3n de citas con BookingPress, la opci\u00f3n inteligente para empresas que buscan prosperar en la era digital.<\/p>\n","protected":false},"featured_media":169207,"comment_status":"open","ping_status":"open","template":"","meta":[],"product_brand":[2682],"product_cat":[1207,1426,1206],"product_tag":[2323],"class_list":{"0":"post-157473","1":"product","2":"type-product","3":"status-publish","4":"has-post-thumbnail","6":"product_brand-bookingpress","7":"product_cat-comercio-electronico-plugins","8":"product_cat-pago-comercio-electronico-plugins","9":"product_cat-plugins","10":"product_tag-bookingpress","11":"member-discount","12":"discount-restricted","14":"first","15":"instock","16":"sale","17":"downloadable","18":"virtual","19":"sold-individually","20":"purchasable","21":"product-type-simple"},"_links":{"self":[{"href":"https:\/\/gpl-love.com\/es\/wp-json\/wp\/v2\/product\/157473","targetHints":{"allow":["GET"]}}],"collection":[{"href":"https:\/\/gpl-love.com\/es\/wp-json\/wp\/v2\/product"}],"about":[{"href":"https:\/\/gpl-love.com\/es\/wp-json\/wp\/v2\/types\/product"}],"replies":[{"embeddable":true,"href":"https:\/\/gpl-love.com\/es\/wp-json\/wp\/v2\/comments?post=157473"}],"wp:featuredmedia":[{"embeddable":true,"href":"https:\/\/gpl-love.com\/es\/wp-json\/wp\/v2\/media\/169207"}],"wp:attachment":[{"href":"https:\/\/gpl-love.com\/es\/wp-json\/wp\/v2\/media?parent=157473"}],"wp:term":[{"taxonomy":"product_brand","embeddable":true,"href":"https:\/\/gpl-love.com\/es\/wp-json\/wp\/v2\/product_brand?post=157473"},{"taxonomy":"product_cat","embeddable":true,"href":"https:\/\/gpl-love.com\/es\/wp-json\/wp\/v2\/product_cat?post=157473"},{"taxonomy":"product_tag","embeddable":true,"href":"https:\/\/gpl-love.com\/es\/wp-json\/wp\/v2\/product_tag?post=157473"}],"curies":[{"name":"wp","href":"https:\/\/api.w.org\/{rel}","templated":true}]}}