{"id":157472,"date":"2024-05-07T00:00:00","date_gmt":"2024-05-07T05:00:00","guid":{"rendered":"https:\/\/gpl-love.com\/es\/producto\/bookingpress-two-checkout-payment-gateway\/"},"modified":"2026-03-09T08:46:34","modified_gmt":"2026-03-09T13:46:34","slug":"bookingpress-two-checkout-payment-gateway","status":"publish","type":"product","link":"https:\/\/gpl-love.com\/es\/producto\/bookingpress-two-checkout-payment-gateway\/","title":{"rendered":"BookingPress Two Checkout Payment Gateway 1.2"},"content":{"rendered":"<h3>BookingPress Two Checkout Payment Gateway Caracteristicas<\/h3>\n<p>Mejora tu plataforma BookingPress con la soluci\u00f3n de pago definitiva: la pasarela de pago Two Checkout de BookingPress. Integrar esta potente herramienta mejora tu sitio web, ofreciendo una pasarela de pago segura y fluida para los usuarios de BookingPress. El proceso de configuraci\u00f3n es sencillo, lo que garantiza que est\u00e9s listo para usar sin complicaciones.<\/p>\n<p>Esta integraci\u00f3n ofrece una amplia gama de opciones de pago en BookingPress, facilitando a tus clientes realizar transacciones de forma segura y confidencial. Con la pasarela de pago Two Checkout, te beneficias de s\u00f3lidas medidas de seguridad que protegen la informaci\u00f3n confidencial, ofreciendo a tus clientes tranquilidad al realizar transacciones en l\u00ednea.<\/p>\n<p>Ideal para empresas que buscan soluciones de pago en l\u00ednea confiables para BookingPress, esta pasarela admite una gran variedad de m\u00e9todos de pago, lo que garantiza que tu servicio sea accesible para un p\u00fablico m\u00e1s amplio. Mejora tu plataforma BookingPress con Two Checkout y experimenta un proceso de cobro m\u00e1s fluido y confiable.<\/p>\n<ul>\n<li>Se integra perfectamente con BookingPress para un procesamiento de pagos fluido.<\/li>\n<li>Admite m\u00faltiples divisas para transacciones globales.<\/li>\n<li>Permite pagos seguros con tarjeta de cr\u00e9dito directamente en su sitio web.<\/li>\n<li>Ofrece una interfaz intuitiva para una gesti\u00f3n sencilla de las transacciones.<\/li>\n<li>Proporciona autorizaci\u00f3n de pagos en tiempo real.<\/li>\n<li>Cumple con los est\u00e1ndares PCI DSS para garantizar una alta seguridad.<\/li>\n<li>Compatible con las principales tarjetas de cr\u00e9dito, como Visa, MasterCard y American Express.<\/li>\n<li>Incluye herramientas de protecci\u00f3n contra fraudes y gesti\u00f3n de riesgos.<\/li>\n<li>Admite pagos \u00fanicos y recurrentes.<\/li>\n<li>Configuraci\u00f3n r\u00e1pida y sencilla con requisitos t\u00e9cnicos m\u00ednimos.<\/li>\n<\/ul>\n","protected":false},"excerpt":{"rendered":"<p>Mejora tu experiencia en BookingPress con la integraci\u00f3n de la pasarela de pago Two Checkout. Esta pasarela de pago segura para BookingPress no solo simplifica tus transacciones, sino que tambi\u00e9n ampl\u00eda tus opciones de pago. Al configurar la pasarela de pago Two Checkout de BookingPress, ofreces a tus clientes soluciones de pago online fiables y seguras. Optimiza tu plataforma BookingPress con Two Checkout y disfruta de un proceso de pago fluido y eficiente. \u00a1Empieza hoy mismo y optimiza tu sistema de reservas con la fiable y vers\u00e1til integraci\u00f3n de la pasarela de pago Two Checkout!<\/p>\n","protected":false},"featured_media":169206,"comment_status":"open","ping_status":"open","template":"","meta":[],"product_brand":[2682],"product_cat":[1207,1426,1206],"product_tag":[2323],"class_list":{"0":"post-157472","1":"product","2":"type-product","3":"status-publish","4":"has-post-thumbnail","6":"product_brand-bookingpress","7":"product_cat-comercio-electronico-plugins","8":"product_cat-pago-comercio-electronico-plugins","9":"product_cat-plugins","10":"product_tag-bookingpress","11":"member-discount","12":"discount-restricted","14":"first","15":"instock","16":"sale","17":"downloadable","18":"virtual","19":"sold-individually","20":"purchasable","21":"product-type-simple"},"_links":{"self":[{"href":"https:\/\/gpl-love.com\/es\/wp-json\/wp\/v2\/product\/157472","targetHints":{"allow":["GET"]}}],"collection":[{"href":"https:\/\/gpl-love.com\/es\/wp-json\/wp\/v2\/product"}],"about":[{"href":"https:\/\/gpl-love.com\/es\/wp-json\/wp\/v2\/types\/product"}],"replies":[{"embeddable":true,"href":"https:\/\/gpl-love.com\/es\/wp-json\/wp\/v2\/comments?post=157472"}],"wp:featuredmedia":[{"embeddable":true,"href":"https:\/\/gpl-love.com\/es\/wp-json\/wp\/v2\/media\/169206"}],"wp:attachment":[{"href":"https:\/\/gpl-love.com\/es\/wp-json\/wp\/v2\/media?parent=157472"}],"wp:term":[{"taxonomy":"product_brand","embeddable":true,"href":"https:\/\/gpl-love.com\/es\/wp-json\/wp\/v2\/product_brand?post=157472"},{"taxonomy":"product_cat","embeddable":true,"href":"https:\/\/gpl-love.com\/es\/wp-json\/wp\/v2\/product_cat?post=157472"},{"taxonomy":"product_tag","embeddable":true,"href":"https:\/\/gpl-love.com\/es\/wp-json\/wp\/v2\/product_tag?post=157472"}],"curies":[{"name":"wp","href":"https:\/\/api.w.org\/{rel}","templated":true}]}}