{"id":157471,"date":"2025-10-04T00:00:00","date_gmt":"2025-10-04T05:00:00","guid":{"rendered":"https:\/\/gpl-love.com\/es\/producto\/bookingpress-waiting-list\/"},"modified":"2026-03-09T08:46:33","modified_gmt":"2026-03-09T13:46:33","slug":"bookingpress-waiting-list","status":"publish","type":"product","link":"https:\/\/gpl-love.com\/es\/producto\/bookingpress-waiting-list\/","title":{"rendered":"BookingPress Waiting List 2.3"},"content":{"rendered":"<h3>BookingPress Waiting List Caracteristicas<\/h3>\n<p>Optimice el proceso de citas de su negocio con BookingPress, la herramienta definitiva para la gesti\u00f3n eficiente de listas de espera y la programaci\u00f3n en l\u00ednea. Nuestro innovador sistema de gesti\u00f3n de listas de espera, BookingPress, permite a las empresas a\u00f1adir clientes a una lista de espera sin esfuerzo, garantizando que nunca pierda la oportunidad de atender a sus clientes, incluso en horas punta.<\/p>\n<p>Con la funci\u00f3n de programaci\u00f3n de citas en l\u00ednea de BookingPress, los clientes pueden reservar sus turnos cuando les resulte conveniente, reduciendo las llamadas telef\u00f3nicas y las reservas manuales. Las notificaciones automatizadas de la lista de espera de BookingPress mantienen a sus clientes informados en tiempo real, mejorando la satisfacci\u00f3n y la interacci\u00f3n.<\/p>\n<p>Gestione eficazmente las inasistencias con BookingPress ofreciendo autom\u00e1ticamente los turnos libres a los clientes de su lista de espera. Esto no solo optimiza la disponibilidad de su servicio, sino que tambi\u00e9n mantiene un flujo constante de clientes. La lista de espera del sistema de reservas de BookingPress est\u00e1 dise\u00f1ada para integrarse a la perfecci\u00f3n con sus herramientas existentes, lo que la convierte en una herramienta indispensable para su negocio.<\/p>\n<ul>\n<li>Permite a los clientes unirse a una lista de espera para servicios completos.<\/li>\n<li>Notifica autom\u00e1ticamente a los clientes cuando hay una plaza disponible.<\/li>\n<li>Se integra a la perfecci\u00f3n con el sistema de reservas BookingPress.<\/li>\n<li>F\u00e1cil gesti\u00f3n y priorizaci\u00f3n de listas de espera.<\/li>\n<li>Mensajes de notificaci\u00f3n personalizables para un enfoque personalizado.<\/li>\n<li>Proporciona an\u00e1lisis para rastrear la demanda y las tendencias de las listas de espera.<\/li>\n<li>Admite m\u00faltiples servicios y personal.<\/li>\n<li>Mejora la satisfacci\u00f3n del cliente al ofrecer posibles oportunidades de reserva.<\/li>\n<li>Reduce el impacto de las inasistencias y las cancelaciones de \u00faltima hora.<\/li>\n<li>Dise\u00f1o optimizado para dispositivos m\u00f3viles, tanto para clientes como para administradores.<\/li>\n<\/ul>\n","protected":false},"excerpt":{"rendered":"<p>Descubra el poder de BookingPress, la soluci\u00f3n definitiva para la programaci\u00f3n de citas online y la gesti\u00f3n de listas de espera. Nuestra plataforma ofrece diversas funciones, como a\u00f1adir clientes a una lista de espera, enviar notificaciones autom\u00e1ticas y gestionar eficazmente las ausencias. El sistema de reservas de BookingPress est\u00e1 dise\u00f1ado para optimizar las listas de espera, garantizando una experiencia fluida tanto para las empresas como para sus clientes. Con nuestras innovadoras herramientas y funciones de integraci\u00f3n de listas de espera, como la gesti\u00f3n automatizada y las notificaciones, BookingPress permite a las empresas mejorar el servicio, reducir los tiempos de espera y mejorar la satisfacci\u00f3n general del cliente. \u00a1Actualice a BookingPress y transforme su gesti\u00f3n de reservas y listas de espera hoy mismo!<\/p>\n","protected":false},"featured_media":169205,"comment_status":"open","ping_status":"open","template":"","meta":[],"product_brand":[2682],"product_cat":[1214,1206,1211],"product_tag":[2323],"class_list":{"0":"post-157471","1":"product","2":"type-product","3":"status-publish","4":"has-post-thumbnail","6":"product_brand-bookingpress","7":"product_cat-personalizacion","8":"product_cat-plugins","9":"product_cat-wordpress-plugins","10":"product_tag-bookingpress","11":"member-discount","12":"discount-restricted","14":"first","15":"instock","16":"sale","17":"downloadable","18":"virtual","19":"sold-individually","20":"purchasable","21":"product-type-simple"},"_links":{"self":[{"href":"https:\/\/gpl-love.com\/es\/wp-json\/wp\/v2\/product\/157471","targetHints":{"allow":["GET"]}}],"collection":[{"href":"https:\/\/gpl-love.com\/es\/wp-json\/wp\/v2\/product"}],"about":[{"href":"https:\/\/gpl-love.com\/es\/wp-json\/wp\/v2\/types\/product"}],"replies":[{"embeddable":true,"href":"https:\/\/gpl-love.com\/es\/wp-json\/wp\/v2\/comments?post=157471"}],"wp:featuredmedia":[{"embeddable":true,"href":"https:\/\/gpl-love.com\/es\/wp-json\/wp\/v2\/media\/169205"}],"wp:attachment":[{"href":"https:\/\/gpl-love.com\/es\/wp-json\/wp\/v2\/media?parent=157471"}],"wp:term":[{"taxonomy":"product_brand","embeddable":true,"href":"https:\/\/gpl-love.com\/es\/wp-json\/wp\/v2\/product_brand?post=157471"},{"taxonomy":"product_cat","embeddable":true,"href":"https:\/\/gpl-love.com\/es\/wp-json\/wp\/v2\/product_cat?post=157471"},{"taxonomy":"product_tag","embeddable":true,"href":"https:\/\/gpl-love.com\/es\/wp-json\/wp\/v2\/product_tag?post=157471"}],"curies":[{"name":"wp","href":"https:\/\/api.w.org\/{rel}","templated":true}]}}