{"id":157470,"date":"2026-04-21T00:00:00","date_gmt":"2026-04-21T05:00:00","guid":{"rendered":"https:\/\/gpl-love.com\/es\/producto\/bookingpress-whatsapp-notification\/"},"modified":"2026-04-21T11:17:01","modified_gmt":"2026-04-21T16:17:01","slug":"bookingpress-whatsapp-notification","status":"publish","type":"product","link":"https:\/\/gpl-love.com\/es\/producto\/bookingpress-whatsapp-notification\/","title":{"rendered":"BookingPress WhatsApp Notification 2.8"},"content":{"rendered":"<h3>BookingPress WhatsApp Notification Caracteristicas<\/h3>\n<p>\u00a1Mejora la comunicaci\u00f3n con tus clientes con la integraci\u00f3n de Notificaciones de WhatsApp de BookingPress! Dise\u00f1ada para mayor facilidad y eficiencia, esta funci\u00f3n te permite mantenerte conectado con tus clientes a trav\u00e9s de mensajes instant\u00e1neos de WhatsApp. Descubre las numerosas ventajas de las Notificaciones de WhatsApp de BookingPress, como actualizaciones y confirmaciones en tiempo real, la reducci\u00f3n de inasistencias y el aumento de la satisfacci\u00f3n del cliente.<\/p>\n<p>Configurarla es muy sencilla con nuestra gu\u00eda paso a paso de Notificaciones de WhatsApp de BookingPress. Aprende a usar las Notificaciones de WhatsApp de BookingPress con nuestro sencillo tutorial que te gu\u00eda paso a paso, desde la integraci\u00f3n hasta la optimizaci\u00f3n. Tanto si eres principiante como si eres un usuario experimentado, nuestra gu\u00eda y el equipo de soporte dedicado de Notificaciones de WhatsApp de BookingPress te garantizan una experiencia fluida.<\/p>\n<p>Descubre las diversas funciones personalizables de las Notificaciones de WhatsApp de BookingPress, que te permiten enviar mensajes personalizados autom\u00e1ticamente. Mantente al d\u00eda con las actualizaciones de las Notificaciones de WhatsApp de BookingPress y aseg\u00farate de tener siempre las \u00faltimas herramientas a tu disposici\u00f3n para optimizar tu experiencia.<\/p>\n<ul>\n<li>Env\u00eda notificaciones autom\u00e1ticas directamente al WhatsApp de tus clientes<\/li>\n<li>Admite confirmaciones, recordatorios y cancelaciones de reservas<\/li>\n<li>F\u00e1cil integraci\u00f3n con el plugin de BookingPress<\/li>\n<li>La comunicaci\u00f3n en tiempo real mejora la atenci\u00f3n al cliente<\/li>\n<li>Plantillas de mensajes personalizables para mantener la coherencia de la marca<\/li>\n<li>Compatible con varios idiomas para un alcance global<\/li>\n<li>Servicio de mensajer\u00eda seguro y fiable<\/li>\n<li>Opci\u00f3n para programar mensajes con antelaci\u00f3n<\/li>\n<li>Reduce las inasistencias con recordatorios oportunos<\/li>\n<li>Soluci\u00f3n rentable para mejorar la interacci\u00f3n con los clientes<\/li>\n<\/ul>\n","protected":false},"excerpt":{"rendered":"<p>\u00a1Descubre el poder de una comunicaci\u00f3n fluida configurando las notificaciones de WhatsApp de BookingPress! Nuestra gu\u00eda completa te ofrece pasos sencillos para usar las notificaciones de WhatsApp de BookingPress y maximizar sus funciones. Disfruta de las ventajas de las actualizaciones instant\u00e1neas y una interacci\u00f3n eficiente con los clientes integrando las notificaciones de WhatsApp en tu sistema BookingPress. Este tutorial simplifica el proceso y nuestro equipo de soporte est\u00e1 aqu\u00ed para ayudarte con cualquier consulta. Mant\u00e9n tu negocio a la vanguardia con las \u00faltimas actualizaciones de las notificaciones de WhatsApp de BookingPress y consejos para optimizar tu estrategia de notificaciones. \u00a1Empieza hoy mismo y transforma tu forma de conectar con tus clientes!<\/p>\n","protected":false},"featured_media":169204,"comment_status":"open","ping_status":"open","template":"","meta":[],"product_brand":[2682],"product_cat":[1232,1206,1211],"product_tag":[2323],"class_list":{"0":"post-157470","1":"product","2":"type-product","3":"status-publish","4":"has-post-thumbnail","6":"product_brand-bookingpress","7":"product_cat-marketing-wordpress-plugins","8":"product_cat-plugins","9":"product_cat-wordpress-plugins","10":"product_tag-bookingpress","11":"member-discount","12":"discount-restricted","14":"first","15":"instock","16":"sale","17":"downloadable","18":"virtual","19":"sold-individually","20":"purchasable","21":"product-type-simple"},"_links":{"self":[{"href":"https:\/\/gpl-love.com\/es\/wp-json\/wp\/v2\/product\/157470","targetHints":{"allow":["GET"]}}],"collection":[{"href":"https:\/\/gpl-love.com\/es\/wp-json\/wp\/v2\/product"}],"about":[{"href":"https:\/\/gpl-love.com\/es\/wp-json\/wp\/v2\/types\/product"}],"replies":[{"embeddable":true,"href":"https:\/\/gpl-love.com\/es\/wp-json\/wp\/v2\/comments?post=157470"}],"wp:featuredmedia":[{"embeddable":true,"href":"https:\/\/gpl-love.com\/es\/wp-json\/wp\/v2\/media\/169204"}],"wp:attachment":[{"href":"https:\/\/gpl-love.com\/es\/wp-json\/wp\/v2\/media?parent=157470"}],"wp:term":[{"taxonomy":"product_brand","embeddable":true,"href":"https:\/\/gpl-love.com\/es\/wp-json\/wp\/v2\/product_brand?post=157470"},{"taxonomy":"product_cat","embeddable":true,"href":"https:\/\/gpl-love.com\/es\/wp-json\/wp\/v2\/product_cat?post=157470"},{"taxonomy":"product_tag","embeddable":true,"href":"https:\/\/gpl-love.com\/es\/wp-json\/wp\/v2\/product_tag?post=157470"}],"curies":[{"name":"wp","href":"https:\/\/api.w.org\/{rel}","templated":true}]}}