{"id":157469,"date":"2024-09-01T00:00:00","date_gmt":"2024-09-01T05:00:00","guid":{"rendered":"https:\/\/gpl-love.com\/es\/producto\/bookingpress-woocommerce-payment-gateway\/"},"modified":"2026-03-09T08:46:31","modified_gmt":"2026-03-09T13:46:31","slug":"bookingpress-woocommerce-payment-gateway","status":"publish","type":"product","link":"https:\/\/gpl-love.com\/es\/producto\/bookingpress-woocommerce-payment-gateway\/","title":{"rendered":"BookingPress WooCommerce Payment Gateway 2.1"},"content":{"rendered":"<h3>BookingPress WooCommerce Payment Gateway Caracteristicas<\/h3>\n<p>Accede a soluciones de pago fluidas con la pasarela de pago WooCommerce de BookingPress, la integraci\u00f3n definitiva para tus servicios de reservas. Esta robusta pasarela de pago WooCommerce est\u00e1 dise\u00f1ada espec\u00edficamente para BookingPress, optimizando el proceso de pago de tus reservas online y mejorando la satisfacci\u00f3n del cliente.<\/p>\n<p>Convierte tu sitio web en un centro de reservas con nuestro sistema de pago eCommerce de BookingPress. Est\u00e1 dise\u00f1ado para gestionar todas las transacciones financieras sin problemas, garantizando seguridad y eficiencia. Ya sea que gestiones reservas de alojamiento, eventos o servicios, esta integraci\u00f3n te cubre las espaldas.<\/p>\n<p>Ideal para peque\u00f1as y medianas empresas, la pasarela de pago WooCommerce de BookingPress mejora tus capacidades operativas al proporcionar una soluci\u00f3n de pago de reservas online fiable y eficiente. Disfruta de la comodidad del comercio electr\u00f3nico moderno con una pasarela de pago adaptada a tus servicios de reservas. \u00a1Comienza a ofrecer a tus clientes una experiencia de reserva sin complicaciones hoy mismo!<\/p>\n<ul>\n<li>Se integra perfectamente con WooCommerce para agilizar las transacciones.<\/li>\n<li>Admite m\u00faltiples pasarelas de pago, como PayPal, Stripe y tarjetas de cr\u00e9dito.<\/li>\n<li>Ofrece procesamiento de pagos seguro con cifrado SSL.<\/li>\n<li>Facilita la gesti\u00f3n de reservas y pagos directamente desde el panel de WordPress.<\/li>\n<li>Ofrece opciones para configurar dep\u00f3sitos o pagos completos.<\/li>\n<li>Permite notificaciones autom\u00e1ticas por correo electr\u00f3nico tras un pago exitoso.<\/li>\n<li>Compatible con las principales divisas y pa\u00edses.<\/li>\n<li>Formularios de pago personalizables para adaptarse al estilo de tu sitio web.<\/li>\n<li>Configuraci\u00f3n r\u00e1pida con m\u00ednima necesidad de configuraci\u00f3n.<\/li>\n<li>Admite reembolsos y cancelaciones a trav\u00e9s de la interfaz de WooCommerce.<\/li>\n<\/ul>\n","protected":false},"excerpt":{"rendered":"<p>Presentamos la pasarela de pago WooCommerce de BookingPress, la soluci\u00f3n definitiva para una integraci\u00f3n fluida de pagos en servicios de reserva. Nuestro plugin combina a la perfecci\u00f3n las funcionalidades de la pasarela de pago WooCommerce, dise\u00f1adas espec\u00edficamente para BookingPress, garantizando un proceso de transacci\u00f3n fluido. Con el pago eCommerce de BookingPress, ofrece a tus clientes diversas soluciones de pago para reservas online, mejorando la experiencia del usuario e impulsando tus ventas. Ideal para cualquier negocio de servicios, esta integraci\u00f3n de pasarela de pago es compatible con las principales tarjetas y m\u00e9todos de pago, ofreciendo una forma segura, fiable y eficiente de gestionar las transacciones. \u00a1Mejora tu plataforma de servicios con la mejor integraci\u00f3n de pagos de BookingPress hoy mismo!<\/p>\n","protected":false},"featured_media":169203,"comment_status":"open","ping_status":"open","template":"","meta":[],"product_brand":[2682],"product_cat":[1207,1426,1206],"product_tag":[2323],"class_list":{"0":"post-157469","1":"product","2":"type-product","3":"status-publish","4":"has-post-thumbnail","6":"product_brand-bookingpress","7":"product_cat-comercio-electronico-plugins","8":"product_cat-pago-comercio-electronico-plugins","9":"product_cat-plugins","10":"product_tag-bookingpress","11":"member-discount","12":"discount-restricted","14":"first","15":"instock","16":"sale","17":"downloadable","18":"virtual","19":"sold-individually","20":"purchasable","21":"product-type-simple"},"_links":{"self":[{"href":"https:\/\/gpl-love.com\/es\/wp-json\/wp\/v2\/product\/157469","targetHints":{"allow":["GET"]}}],"collection":[{"href":"https:\/\/gpl-love.com\/es\/wp-json\/wp\/v2\/product"}],"about":[{"href":"https:\/\/gpl-love.com\/es\/wp-json\/wp\/v2\/types\/product"}],"replies":[{"embeddable":true,"href":"https:\/\/gpl-love.com\/es\/wp-json\/wp\/v2\/comments?post=157469"}],"wp:featuredmedia":[{"embeddable":true,"href":"https:\/\/gpl-love.com\/es\/wp-json\/wp\/v2\/media\/169203"}],"wp:attachment":[{"href":"https:\/\/gpl-love.com\/es\/wp-json\/wp\/v2\/media?parent=157469"}],"wp:term":[{"taxonomy":"product_brand","embeddable":true,"href":"https:\/\/gpl-love.com\/es\/wp-json\/wp\/v2\/product_brand?post=157469"},{"taxonomy":"product_cat","embeddable":true,"href":"https:\/\/gpl-love.com\/es\/wp-json\/wp\/v2\/product_cat?post=157469"},{"taxonomy":"product_tag","embeddable":true,"href":"https:\/\/gpl-love.com\/es\/wp-json\/wp\/v2\/product_tag?post=157469"}],"curies":[{"name":"wp","href":"https:\/\/api.w.org\/{rel}","templated":true}]}}