{"id":157468,"date":"2024-05-07T00:00:00","date_gmt":"2024-05-07T05:00:00","guid":{"rendered":"https:\/\/gpl-love.com\/es\/producto\/bookingpress-worldpay-payment-gateway\/"},"modified":"2026-03-09T08:46:30","modified_gmt":"2026-03-09T13:46:30","slug":"bookingpress-worldpay-payment-gateway","status":"publish","type":"product","link":"https:\/\/gpl-love.com\/es\/producto\/bookingpress-worldpay-payment-gateway\/","title":{"rendered":"BookingPress Worldpay Payment Gateway 1.2"},"content":{"rendered":"<h3>BookingPress Worldpay Payment Gateway Caracteristicas<\/h3>\n<p>Lleva tu sistema de reservas online al siguiente nivel con la integraci\u00f3n de la pasarela de pago Worldpay de BookingPress. Esta potente incorporaci\u00f3n a tu plataforma BookingPress te permite ofrecer un procesamiento de pagos seguro, generando confianza y comodidad para tus clientes. Con la pasarela de pago Worldpay para BookingPress, la gesti\u00f3n de transacciones se vuelve fluida y sin complicaciones.<\/p>\n<p>Configurar la pasarela Worldpay para BookingPress es muy sencillo, lo que te permite ponerte en marcha r\u00e1pidamente y sin complicaciones t\u00e9cnicas. Esta integraci\u00f3n no solo mejora tu plataforma BookingPress, sino que tambi\u00e9n proporciona una s\u00f3lida infraestructura para gestionar los pagos de forma segura y eficiente.<\/p>\n<p>Al elegir la pasarela de pago Worldpay para BookingPress, est\u00e1s optando por una soluci\u00f3n compatible con una amplia gama de tarjetas de cr\u00e9dito y d\u00e9bito, garantizando que ning\u00fan cliente se quede atr\u00e1s. Tanto si gestionas un hotel, un servicio de gesti\u00f3n de eventos o cualquier negocio que requiera servicios de reservas, esta integraci\u00f3n est\u00e1 dise\u00f1ada para satisfacer tus necesidades.<\/p>\n<ul>\n<li>Integraci\u00f3n perfecta con el plugin de BookingPress<\/li>\n<li>Procesamiento seguro de pagos a trav\u00e9s de Worldpay<\/li>\n<li>Admite m\u00faltiples divisas para transacciones internacionales<\/li>\n<li>Permite pagos recurrentes para suscripciones y membres\u00edas<\/li>\n<li>Compatible con las principales tarjetas de cr\u00e9dito y d\u00e9bito<\/li>\n<li>Ofrece protecci\u00f3n contra fraudes y funciones de gesti\u00f3n de riesgos<\/li>\n<li>F\u00e1cil de configurar y usar, no requiere conocimientos t\u00e9cnicos<\/li>\n<li>Autorizaci\u00f3n de pagos en tiempo real<\/li>\n<li>Admite reembolsos y gesti\u00f3n de contracargos<\/li>\n<li>Informes detallados de transacciones para una gesti\u00f3n financiera sencilla<\/li>\n<\/ul>\n","protected":false},"excerpt":{"rendered":"<p>Presentamos la integraci\u00f3n de la pasarela de pago Worldpay de BookingPress, su soluci\u00f3n definitiva para el procesamiento seguro de pagos. Mejore su experiencia en BookingPress con la pasarela de pago Worldpay, dise\u00f1ada espec\u00edficamente para agilizar las transacciones y aumentar la eficiencia. Configurar la pasarela de pago Worldpay para BookingPress es sencillo, lo que le garantiza beneficiarse r\u00e1pidamente de sus robustas funciones de seguridad y rendimiento fiable. Elija la pasarela de pago Worldpay para BookingPress y mejore su sistema de reservas con soluciones de pago seguras y fluidas que impulsan el crecimiento de su negocio. \u00a1Desbloquee el potencial de sus reservas con la fiabilidad de Worldpay hoy mismo!<\/p>\n","protected":false},"featured_media":169202,"comment_status":"open","ping_status":"open","template":"","meta":[],"product_brand":[2682],"product_cat":[1207,1426,1206],"product_tag":[2323],"class_list":{"0":"post-157468","1":"product","2":"type-product","3":"status-publish","4":"has-post-thumbnail","6":"product_brand-bookingpress","7":"product_cat-comercio-electronico-plugins","8":"product_cat-pago-comercio-electronico-plugins","9":"product_cat-plugins","10":"product_tag-bookingpress","11":"member-discount","12":"discount-restricted","14":"first","15":"instock","16":"sale","17":"downloadable","18":"virtual","19":"sold-individually","20":"purchasable","21":"product-type-simple"},"_links":{"self":[{"href":"https:\/\/gpl-love.com\/es\/wp-json\/wp\/v2\/product\/157468","targetHints":{"allow":["GET"]}}],"collection":[{"href":"https:\/\/gpl-love.com\/es\/wp-json\/wp\/v2\/product"}],"about":[{"href":"https:\/\/gpl-love.com\/es\/wp-json\/wp\/v2\/types\/product"}],"replies":[{"embeddable":true,"href":"https:\/\/gpl-love.com\/es\/wp-json\/wp\/v2\/comments?post=157468"}],"wp:featuredmedia":[{"embeddable":true,"href":"https:\/\/gpl-love.com\/es\/wp-json\/wp\/v2\/media\/169202"}],"wp:attachment":[{"href":"https:\/\/gpl-love.com\/es\/wp-json\/wp\/v2\/media?parent=157468"}],"wp:term":[{"taxonomy":"product_brand","embeddable":true,"href":"https:\/\/gpl-love.com\/es\/wp-json\/wp\/v2\/product_brand?post=157468"},{"taxonomy":"product_cat","embeddable":true,"href":"https:\/\/gpl-love.com\/es\/wp-json\/wp\/v2\/product_cat?post=157468"},{"taxonomy":"product_tag","embeddable":true,"href":"https:\/\/gpl-love.com\/es\/wp-json\/wp\/v2\/product_tag?post=157468"}],"curies":[{"name":"wp","href":"https:\/\/api.w.org\/{rel}","templated":true}]}}