{"id":157467,"date":"2024-05-02T00:00:00","date_gmt":"2024-05-02T05:00:00","guid":{"rendered":"https:\/\/gpl-love.com\/es\/producto\/bookingpress-zapier\/"},"modified":"2026-03-09T08:46:29","modified_gmt":"2026-03-09T13:46:29","slug":"bookingpress-zapier","status":"publish","type":"product","link":"https:\/\/gpl-love.com\/es\/producto\/bookingpress-zapier\/","title":{"rendered":"BookingPress Zapier 1.8"},"content":{"rendered":"<h3>BookingPress Zapier Caracteristicas<\/h3>\n<p>\u00a1Desbloquea todo el potencial de tu programaci\u00f3n con la integraci\u00f3n de BookingPress con Zapier! Conecta BookingPress con Zapier sin problemas para automatizar tus procesos de reserva y optimizar la eficiencia de tu flujo de trabajo. Al integrar BookingPress, un robusto sistema de reservas online, con Zapier, puedes optimizar tus operaciones, ahorrando tiempo y reduciendo el trabajo manual.<\/p>\n<p>Con la integraci\u00f3n de BookingPress con Zapier, configurar la automatizaci\u00f3n es pan comido. Automatiza BookingPress creando flujos de trabajo personalizados que activan acciones en cientos de aplicaciones sin una sola l\u00ednea de c\u00f3digo. Desde el env\u00edo de confirmaciones autom\u00e1ticas por correo electr\u00f3nico hasta la sincronizaci\u00f3n de citas con tu calendario, las posibilidades son infinitas.<\/p>\n<p>Mejora BookingPress con Zapier y aprovecha sus potentes activadores para responder al instante a nuevas solicitudes de reserva, cancelaciones o cambios. Esto no solo mejora tus tiempos de respuesta, sino que tambi\u00e9n mejora la experiencia del cliente. La automatizaci\u00f3n del flujo de trabajo de BookingPress garantiza que todos los aspectos de tu sistema de reservas funcionen de forma fluida y eficiente, permiti\u00e9ndote centrarte en el crecimiento de tu negocio.<\/p>\n<ul>\n<li>Integraci\u00f3n con m\u00e1s de 3000 aplicaciones a trav\u00e9s de Zapier<\/li>\n<li>Automatiza flujos de trabajo y reduce la entrada manual de datos<\/li>\n<li>Sincroniza datos de BookingPress con CRM, herramientas de marketing y m\u00e1s<\/li>\n<li>Compartici\u00f3n de datos en tiempo real entre diferentes plataformas<\/li>\n<li>Activadores y acciones personalizables para adaptarse a las necesidades espec\u00edficas de tu negocio<\/li>\n<li>F\u00e1cil configuraci\u00f3n sin necesidad de programaci\u00f3n<\/li>\n<li>Mejora la productividad automatizando tareas repetitivas<\/li>\n<li>Transferencia segura de datos entre sistemas<\/li>\n<li>Optimiza la programaci\u00f3n y gesti\u00f3n de citas<\/li>\n<li>Admite tanto activadores como acciones para opciones de automatizaci\u00f3n vers\u00e1tiles<\/li>\n<\/ul>\n","protected":false},"excerpt":{"rendered":"<p>\u00a1Desata todo el potencial de tu programaci\u00f3n con la integraci\u00f3n de BookingPress con Zapier! Automatiza y optimiza tu sistema de reservas online de BookingPress sin esfuerzo. Conecta BookingPress con Zapier para optimizar tu flujo de trabajo mediante una potente automatizaci\u00f3n. Activa acciones dentro de tu sistema de reservas de BookingPress, simplificando la configuraci\u00f3n y el seguimiento de citas. Con la integraci\u00f3n del software de programaci\u00f3n de BookingPress con Zapier, puedes personalizar activadores y acciones que ahorran tiempo y aumentan la eficiencia. Mejora tu experiencia con BookingPress automatizando tareas rutinarias para que puedas concentrarte en el crecimiento de tu negocio. \u00a1Aprovecha la simplicidad de la automatizaci\u00f3n y optimiza tu flujo de trabajo en BookingPress como nunca!<\/p>\n","protected":false},"featured_media":169201,"comment_status":"open","ping_status":"open","template":"","meta":[],"product_brand":[2682],"product_cat":[1214,1206,1211],"product_tag":[2323],"class_list":{"0":"post-157467","1":"product","2":"type-product","3":"status-publish","4":"has-post-thumbnail","6":"product_brand-bookingpress","7":"product_cat-personalizacion","8":"product_cat-plugins","9":"product_cat-wordpress-plugins","10":"product_tag-bookingpress","11":"member-discount","12":"discount-restricted","14":"first","15":"instock","16":"sale","17":"downloadable","18":"virtual","19":"sold-individually","20":"purchasable","21":"product-type-simple"},"_links":{"self":[{"href":"https:\/\/gpl-love.com\/es\/wp-json\/wp\/v2\/product\/157467","targetHints":{"allow":["GET"]}}],"collection":[{"href":"https:\/\/gpl-love.com\/es\/wp-json\/wp\/v2\/product"}],"about":[{"href":"https:\/\/gpl-love.com\/es\/wp-json\/wp\/v2\/types\/product"}],"replies":[{"embeddable":true,"href":"https:\/\/gpl-love.com\/es\/wp-json\/wp\/v2\/comments?post=157467"}],"wp:featuredmedia":[{"embeddable":true,"href":"https:\/\/gpl-love.com\/es\/wp-json\/wp\/v2\/media\/169201"}],"wp:attachment":[{"href":"https:\/\/gpl-love.com\/es\/wp-json\/wp\/v2\/media?parent=157467"}],"wp:term":[{"taxonomy":"product_brand","embeddable":true,"href":"https:\/\/gpl-love.com\/es\/wp-json\/wp\/v2\/product_brand?post=157467"},{"taxonomy":"product_cat","embeddable":true,"href":"https:\/\/gpl-love.com\/es\/wp-json\/wp\/v2\/product_cat?post=157467"},{"taxonomy":"product_tag","embeddable":true,"href":"https:\/\/gpl-love.com\/es\/wp-json\/wp\/v2\/product_tag?post=157467"}],"curies":[{"name":"wp","href":"https:\/\/api.w.org\/{rel}","templated":true}]}}