{"id":157466,"date":"2025-05-20T00:00:00","date_gmt":"2025-05-20T05:00:00","guid":{"rendered":"https:\/\/gpl-love.com\/es\/producto\/bookingpress-zoom\/"},"modified":"2026-03-09T08:46:27","modified_gmt":"2026-03-09T13:46:27","slug":"bookingpress-zoom","status":"publish","type":"product","link":"https:\/\/gpl-love.com\/es\/producto\/bookingpress-zoom\/","title":{"rendered":"BookingPress Zoom 1.9"},"content":{"rendered":"<h3>BookingPress Zoom Caracteristicas<\/h3>\n<p>Optimiza la programaci\u00f3n de tus citas con el plugin de BookingPress Zoom, la soluci\u00f3n definitiva para videoconferencias y reservas online sin complicaciones. Ideal para empresas de todos los tama\u00f1os, este potente plugin de BookingPress Zoom transforma tu sitio web en una eficiente plataforma de reservas, integrada directamente con Zoom.<\/p>\n<p>Con el sistema de reservas online de BookingPress Zoom, programar citas es muy sencillo, tanto para ti como para tus clientes. Nuestra intuitiva gu\u00eda de configuraci\u00f3n de BookingPress Zoom garantiza una instalaci\u00f3n y configuraci\u00f3n sencillas en tu sitio web de WordPress, lo que te permitir\u00e1 ponerlo en marcha en un abrir y cerrar de ojos. Adem\u00e1s, con el tutorial de BookingPress Zoom, dominar\u00e1s todas las funciones r\u00e1pidamente.<\/p>\n<p>El plugin de BookingPress Zoom para WordPress mejora tu sitio web a\u00f1adiendo potentes funciones de gesti\u00f3n de citas. Programa, gestiona y realiza reuniones de Zoom desde un solo lugar, sin esfuerzo. Tanto si eres consultor, educador o profesional de la salud, nuestro software de programaci\u00f3n BookingPress Zoom est\u00e1 dise\u00f1ado para satisfacer tus necesidades, ofreci\u00e9ndote una experiencia profesional, fiable y f\u00e1cil de usar.<\/p>\n<ul>\n<li>Se integra perfectamente con Zoom para facilitar las videoconferencias.<\/li>\n<li>Permite programar y gestionar citas online.<\/li>\n<li>Formularios de reserva personalizables para adaptarse a tu marca.<\/li>\n<li>Recordatorios autom\u00e1ticos por correo electr\u00f3nico y SMS para reducir las inasistencias.<\/li>\n<li>Configuraci\u00f3n para m\u00faltiples empleados y servicios.<\/li>\n<li>Admite pagos online a trav\u00e9s de diversas pasarelas.<\/li>\n<li>La disponibilidad en tiempo real muestra solo las franjas horarias disponibles a los clientes.<\/li>\n<li>Dise\u00f1o optimizado para m\u00f3viles para reservar desde cualquier dispositivo.<\/li>\n<li>Herramientas de informes detallados para el seguimiento del rendimiento empresarial.<\/li>\n<li>Compatible con varios idiomas y divisas para uso global.<\/li>\n<\/ul>\n","protected":false},"excerpt":{"rendered":"<p>Presentamos la integraci\u00f3n de BookingPress Zoom, un potente plugin dise\u00f1ado para optimizar tu sistema de reservas online. Integra a la perfecci\u00f3n las videoconferencias de Zoom con nuestro plugin para BookingPress Zoom y transforma tu proceso de gesti\u00f3n de citas. Este plugin esencial para WordPress de BookingPress Zoom simplifica la programaci\u00f3n gracias a las potentes funciones del software de programaci\u00f3n BookingPress Zoom. Empieza f\u00e1cilmente con nuestra completa gu\u00eda de configuraci\u00f3n y tutorial de BookingPress Zoom. Tanto si coordinas reuniones con clientes como si gestionas sesiones de equipo, nuestro sistema de reservas online BookingPress Zoom es tu soluci\u00f3n integral para optimizar las operaciones y aumentar la eficiencia. \u00a1Mejora tu experiencia de reserva con BookingPress Zoom hoy mismo!<\/p>\n","protected":false},"featured_media":169200,"comment_status":"open","ping_status":"open","template":"","meta":[],"product_brand":[2682],"product_cat":[1214,1206,1211],"product_tag":[2323],"class_list":{"0":"post-157466","1":"product","2":"type-product","3":"status-publish","4":"has-post-thumbnail","6":"product_brand-bookingpress","7":"product_cat-personalizacion","8":"product_cat-plugins","9":"product_cat-wordpress-plugins","10":"product_tag-bookingpress","11":"member-discount","12":"discount-restricted","14":"first","15":"instock","16":"sale","17":"downloadable","18":"virtual","19":"sold-individually","20":"purchasable","21":"product-type-simple"},"_links":{"self":[{"href":"https:\/\/gpl-love.com\/es\/wp-json\/wp\/v2\/product\/157466","targetHints":{"allow":["GET"]}}],"collection":[{"href":"https:\/\/gpl-love.com\/es\/wp-json\/wp\/v2\/product"}],"about":[{"href":"https:\/\/gpl-love.com\/es\/wp-json\/wp\/v2\/types\/product"}],"replies":[{"embeddable":true,"href":"https:\/\/gpl-love.com\/es\/wp-json\/wp\/v2\/comments?post=157466"}],"wp:featuredmedia":[{"embeddable":true,"href":"https:\/\/gpl-love.com\/es\/wp-json\/wp\/v2\/media\/169200"}],"wp:attachment":[{"href":"https:\/\/gpl-love.com\/es\/wp-json\/wp\/v2\/media?parent=157466"}],"wp:term":[{"taxonomy":"product_brand","embeddable":true,"href":"https:\/\/gpl-love.com\/es\/wp-json\/wp\/v2\/product_brand?post=157466"},{"taxonomy":"product_cat","embeddable":true,"href":"https:\/\/gpl-love.com\/es\/wp-json\/wp\/v2\/product_cat?post=157466"},{"taxonomy":"product_tag","embeddable":true,"href":"https:\/\/gpl-love.com\/es\/wp-json\/wp\/v2\/product_tag?post=157466"}],"curies":[{"name":"wp","href":"https:\/\/api.w.org\/{rel}","templated":true}]}}