{"id":157184,"date":"2026-01-12T00:00:00","date_gmt":"2026-01-12T05:00:00","guid":{"rendered":"https:\/\/gpl-love.com\/es\/producto\/newsletter-wp-users\/"},"modified":"2026-03-09T08:46:26","modified_gmt":"2026-03-09T13:46:26","slug":"newsletter-wp-users","status":"publish","type":"product","link":"https:\/\/gpl-love.com\/es\/producto\/newsletter-wp-users\/","title":{"rendered":"Newsletter WP Users 1.4.8"},"content":{"rendered":"<h3>Newsletter WP Users Caracteristicas<\/h3>\n<p>Mejora la funcionalidad de tu sitio web de WordPress con el plugin Newsletter \u2013 Integraci\u00f3n de Usuarios de WP. Este plugin, que integra a la perfecci\u00f3n el registro de usuarios con las suscripciones al bolet\u00edn, optimiza tu flujo de trabajo eliminando la necesidad de sincronizaci\u00f3n manual. Con la posibilidad de importar todos los usuarios de WordPress como suscriptores, puedes aumentar f\u00e1cilmente tu base de suscriptores e interactuar con tu audiencia de forma m\u00e1s eficaz. Tanto si gestionas un blog, un sitio de comercio electr\u00f3nico como una plataforma comunitaria, este plugin te permite optimizar tu estrategia de email marketing, ahorrando tiempo y recursos valiosos.<\/p>\n<ul>\n<li>Integraci\u00f3n fluida con usuarios de WordPress: Sincroniza f\u00e1cilmente el registro de usuarios con las suscripciones a boletines, garantizando una experiencia de usuario fluida.<\/li>\n<li>Simplifica la creaci\u00f3n de boletines: Crea boletines cautivadores f\u00e1cilmente con herramientas y funciones intuitivas.<\/li>\n<li>Personaliza las plantillas seg\u00fan tu marca: Personaliza las plantillas de boletines para reflejar tu identidad de marca y cautivar a tu audiencia.<\/li>\n<li>Supervisa el rendimiento con estad\u00edsticas detalladas: Realiza un seguimiento de m\u00e9tricas valiosas para medir la eficacia de tus campa\u00f1as y tomar decisiones informadas.<\/li>\n<li>Acelera el crecimiento de suscriptores con formularios de suscripci\u00f3n: Utiliza formularios de suscripci\u00f3n atractivos para atraer nuevos suscriptores y ampliar el alcance de tu audiencia.<\/li>\n<li>Segmentaci\u00f3n precisa: Divide tu base de suscriptores en segmentos para campa\u00f1as dirigidas, maximizando la interacci\u00f3n y las tasas de conversi\u00f3n.<\/li>\n<li>Optimiza la comunicaci\u00f3n con correos electr\u00f3nicos automatizados: Env\u00eda correos electr\u00f3nicos autom\u00e1ticamente a tus suscriptores cada vez que se publiquen nuevas publicaciones, manteni\u00e9ndolos informados e interesados.<\/li>\n<li>Perfecta compatibilidad con otros plugins: Integraci\u00f3n fluida con una amplia gama de plugins para mejorar la funcionalidad y optimizar los flujos de trabajo. Dise\u00f1o adaptable a dispositivos m\u00f3viles para mayor accesibilidad: Garantice una experiencia fluida en todos los dispositivos con un dise\u00f1o adaptable y optimizado para la visualizaci\u00f3n m\u00f3vil.<\/li>\n<li>Interfaz intuitiva para una gesti\u00f3n sencilla: Disfrute de una interfaz intuitiva dise\u00f1ada para la simplicidad y la eficiencia, que facilita la gesti\u00f3n de sus campa\u00f1as de email marketing.<\/li>\n<\/ul>\n","protected":false},"excerpt":{"rendered":"<p>El complemento Newsletter \u2013 Integraci\u00f3n de usuarios de WP conecta sin problemas el registro de usuarios de WordPress con las suscripciones al bolet\u00edn informativo, ofreciendo la opci\u00f3n de importar todos los usuarios de WordPress como suscriptores.<\/p>\n","protected":false},"featured_media":169199,"comment_status":"open","ping_status":"open","template":"","meta":[],"product_brand":[2506],"product_cat":[1214,1206,1211],"product_tag":[2211],"class_list":{"0":"post-157184","1":"product","2":"type-product","3":"status-publish","4":"has-post-thumbnail","6":"product_brand-newsletter","7":"product_cat-personalizacion","8":"product_cat-plugins","9":"product_cat-wordpress-plugins","10":"product_tag-newsletter","11":"member-discount","12":"discount-restricted","14":"first","15":"instock","16":"sale","17":"downloadable","18":"virtual","19":"sold-individually","20":"purchasable","21":"product-type-simple"},"_links":{"self":[{"href":"https:\/\/gpl-love.com\/es\/wp-json\/wp\/v2\/product\/157184","targetHints":{"allow":["GET"]}}],"collection":[{"href":"https:\/\/gpl-love.com\/es\/wp-json\/wp\/v2\/product"}],"about":[{"href":"https:\/\/gpl-love.com\/es\/wp-json\/wp\/v2\/types\/product"}],"replies":[{"embeddable":true,"href":"https:\/\/gpl-love.com\/es\/wp-json\/wp\/v2\/comments?post=157184"}],"wp:featuredmedia":[{"embeddable":true,"href":"https:\/\/gpl-love.com\/es\/wp-json\/wp\/v2\/media\/169199"}],"wp:attachment":[{"href":"https:\/\/gpl-love.com\/es\/wp-json\/wp\/v2\/media?parent=157184"}],"wp:term":[{"taxonomy":"product_brand","embeddable":true,"href":"https:\/\/gpl-love.com\/es\/wp-json\/wp\/v2\/product_brand?post=157184"},{"taxonomy":"product_cat","embeddable":true,"href":"https:\/\/gpl-love.com\/es\/wp-json\/wp\/v2\/product_cat?post=157184"},{"taxonomy":"product_tag","embeddable":true,"href":"https:\/\/gpl-love.com\/es\/wp-json\/wp\/v2\/product_tag?post=157184"}],"curies":[{"name":"wp","href":"https:\/\/api.w.org\/{rel}","templated":true}]}}