{"id":156841,"date":"2024-04-01T00:00:00","date_gmt":"2024-04-01T05:00:00","guid":{"rendered":"https:\/\/gpl-love.com\/es\/producto\/motopress-entrepreneur\/"},"modified":"2026-03-13T17:37:14","modified_gmt":"2026-03-13T22:37:14","slug":"motopress-entrepreneur","status":"publish","type":"product","link":"https:\/\/gpl-love.com\/es\/producto\/motopress-entrepreneur\/","title":{"rendered":"MotoPress Entrepreneur 1.3.2"},"content":{"rendered":"<h3>MotoPress Entrepreneur Caracteristicas<\/h3>\n<p>Como emprendedor de MotoPress Startup, te beneficiar\u00e1s de la inclusi\u00f3n de un plugin premium para formularios de reserva de citas. Este fant\u00e1stico ahorro de tiempo es una herramienta clave para gestionar reservas online. El tema MotoPress Business Entrepreneur ofrece una combinaci\u00f3n \u00fanica de estilo y funcionalidad, ideal para emprendedores ambiciosos.<\/p>\n<p>Descubre las ventajas inigualables del tema MotoPress Entrepreneur, que lleva tu negocio a la vanguardia del panorama digital. Este tema no es solo una soluci\u00f3n empresarial, sino un camino al \u00e9xito para cualquier emprendedor de startup.<\/p>\n<ul>\n<li>Dise\u00f1ado espec\u00edficamente para emprendedores<\/li>\n<li>Soluci\u00f3n ideal para reservar citas<\/li>\n<li>Integraci\u00f3n perfecta con el Personalizador de WordPress<\/li>\n<li>Ofrece opciones de color personalizadas<\/li>\n<li>Incluye una gama de m\u00f3dulos para una presentaci\u00f3n eficaz de sus servicios<\/li>\n<li>Incluye un plugin premium para el formulario de reserva de citas<\/li>\n<li>Herramienta clave para gestionar reservas online<\/li>\n<li>Ofrece una combinaci\u00f3n \u00fanica de estilo y funcionalidad<\/li>\n<li>Lleva tu negocio a la vanguardia del panorama digital<\/li>\n<li>No es solo una soluci\u00f3n empresarial, sino un camino al \u00e9xito para emprendedores de startups.<\/li>\n<\/ul>\n","protected":false},"excerpt":{"rendered":"<p>Empieza tu camino hacia la prosperidad con el tema de WordPress MotoPress Entrepreneur Business. Dise\u00f1ado espec\u00edficamente para emprendedores, este tema es la soluci\u00f3n ideal para reservar citas. Con una integraci\u00f3n perfecta con el Personalizador de WordPress, ofrece opciones de color personalizadas y una variedad de m\u00f3dulos que te permiten presentar tus servicios eficazmente.<\/p>\n","protected":false},"featured_media":169198,"comment_status":"open","ping_status":"open","template":"","meta":[],"product_brand":[2681],"product_cat":[1307,1237,1238],"product_tag":[2319],"class_list":{"0":"post-156841","1":"product","2":"type-product","3":"status-publish","4":"has-post-thumbnail","6":"product_brand-motopress","7":"product_cat-negocio-wordpress-temas","8":"product_cat-temas","9":"product_cat-wordpress-temas","10":"product_tag-motopress","11":"member-discount","12":"discount-restricted","14":"first","15":"instock","16":"sale","17":"downloadable","18":"virtual","19":"sold-individually","20":"purchasable","21":"product-type-simple"},"_links":{"self":[{"href":"https:\/\/gpl-love.com\/es\/wp-json\/wp\/v2\/product\/156841","targetHints":{"allow":["GET"]}}],"collection":[{"href":"https:\/\/gpl-love.com\/es\/wp-json\/wp\/v2\/product"}],"about":[{"href":"https:\/\/gpl-love.com\/es\/wp-json\/wp\/v2\/types\/product"}],"replies":[{"embeddable":true,"href":"https:\/\/gpl-love.com\/es\/wp-json\/wp\/v2\/comments?post=156841"}],"wp:featuredmedia":[{"embeddable":true,"href":"https:\/\/gpl-love.com\/es\/wp-json\/wp\/v2\/media\/169198"}],"wp:attachment":[{"href":"https:\/\/gpl-love.com\/es\/wp-json\/wp\/v2\/media?parent=156841"}],"wp:term":[{"taxonomy":"product_brand","embeddable":true,"href":"https:\/\/gpl-love.com\/es\/wp-json\/wp\/v2\/product_brand?post=156841"},{"taxonomy":"product_cat","embeddable":true,"href":"https:\/\/gpl-love.com\/es\/wp-json\/wp\/v2\/product_cat?post=156841"},{"taxonomy":"product_tag","embeddable":true,"href":"https:\/\/gpl-love.com\/es\/wp-json\/wp\/v2\/product_tag?post=156841"}],"curies":[{"name":"wp","href":"https:\/\/api.w.org\/{rel}","templated":true}]}}