{"id":156839,"date":"2024-04-01T00:00:00","date_gmt":"2024-04-01T05:00:00","guid":{"rendered":"https:\/\/gpl-love.com\/es\/producto\/motopress-pixetty\/"},"modified":"2026-03-13T17:37:13","modified_gmt":"2026-03-13T22:37:13","slug":"motopress-pixetty","status":"publish","type":"product","link":"https:\/\/gpl-love.com\/es\/producto\/motopress-pixetty\/","title":{"rendered":"MotoPress Pixetty 1.1.3"},"content":{"rendered":"<h3>MotoPress Pixetty Caracteristicas<\/h3>\n<p>La magia de MotoPress WordPress se despliega con la perfecta integraci\u00f3n del editor de bloques de WordPress y el complemento Getwid. Esta combinaci\u00f3n de creador de p\u00e1ginas Pixetty permite una personalizaci\u00f3n del sitio web sencilla y eficiente.<\/p>\n<p>Transforma tu presencia online con el creador de p\u00e1ginas Pixetty de MotoPress. El tema Pixetty para WordPress es tu soluci\u00f3n integral para un sitio web de fotograf\u00eda profesional, f\u00e1cil de navegar y visualmente impactante. Aprovecha al m\u00e1ximo tu plataforma digital con MotoPress Pixetty, donde la creatividad se fusiona con la funcionalidad.<\/p>\n<ul>\n<li>Tema de fotograf\u00eda superior para WordPress, dise\u00f1ado espec\u00edficamente para fot\u00f3grafos y estudios.<\/li>\n<li>Enriquecido con funciones avanzadas para agilizar la programaci\u00f3n de citas.<\/li>\n<li>Presenta un portafolio impresionante.<\/li>\n<li>Integrado con el plugin MotoPress Appointment Booking para gestionar f\u00e1cilmente las reservas y los pagos en l\u00ednea.<\/li>\n<li>Perfecta integraci\u00f3n con el editor de bloques de WordPress para una personalizaci\u00f3n eficiente del sitio web.<\/li>\n<li>Incluye el complemento Getwid para mayor capacidad de creaci\u00f3n de p\u00e1ginas.<\/li>\n<li>Soluci\u00f3n integral para un sitio web de fotograf\u00eda profesional, f\u00e1cil de navegar y visualmente impactante.<\/li>\n<li>Combinaci\u00f3n con el creador de p\u00e1ginas Pixetty para una personalizaci\u00f3n sencilla del sitio web.<\/li>\n<li>Mejora tu plataforma digital para maximizar tu presencia en l\u00ednea.<\/li>\n<li>Combinaci\u00f3n perfecta de creatividad y funcionalidad con MotoPress Pixetty.<\/li>\n<\/ul>\n","protected":false},"excerpt":{"rendered":"<p>Experimenta la creatividad de MotoPress Pixetty, un tema de WordPress de fotograf\u00eda superior, dise\u00f1ado espec\u00edficamente para fot\u00f3grafos y estudios. Este tema Pixetty para WordPress cuenta con funciones avanzadas para agilizar la programaci\u00f3n de citas y mostrar un portafolio impresionante. Se integra con el potente plugin MotoPress Appointment Booking, lo que facilita la gesti\u00f3n de reservas y pagos en l\u00ednea.<\/p>\n","protected":false},"featured_media":169197,"comment_status":"open","ping_status":"open","template":"","meta":[],"product_brand":[2681],"product_cat":[1267,1237,1238],"product_tag":[2319],"class_list":{"0":"post-156839","1":"product","2":"type-product","3":"status-publish","4":"has-post-thumbnail","6":"product_brand-motopress","7":"product_cat-creativo","8":"product_cat-temas","9":"product_cat-wordpress-temas","10":"product_tag-motopress","11":"member-discount","12":"discount-restricted","14":"first","15":"instock","16":"sale","17":"downloadable","18":"virtual","19":"sold-individually","20":"purchasable","21":"product-type-simple"},"_links":{"self":[{"href":"https:\/\/gpl-love.com\/es\/wp-json\/wp\/v2\/product\/156839","targetHints":{"allow":["GET"]}}],"collection":[{"href":"https:\/\/gpl-love.com\/es\/wp-json\/wp\/v2\/product"}],"about":[{"href":"https:\/\/gpl-love.com\/es\/wp-json\/wp\/v2\/types\/product"}],"replies":[{"embeddable":true,"href":"https:\/\/gpl-love.com\/es\/wp-json\/wp\/v2\/comments?post=156839"}],"wp:featuredmedia":[{"embeddable":true,"href":"https:\/\/gpl-love.com\/es\/wp-json\/wp\/v2\/media\/169197"}],"wp:attachment":[{"href":"https:\/\/gpl-love.com\/es\/wp-json\/wp\/v2\/media?parent=156839"}],"wp:term":[{"taxonomy":"product_brand","embeddable":true,"href":"https:\/\/gpl-love.com\/es\/wp-json\/wp\/v2\/product_brand?post=156839"},{"taxonomy":"product_cat","embeddable":true,"href":"https:\/\/gpl-love.com\/es\/wp-json\/wp\/v2\/product_cat?post=156839"},{"taxonomy":"product_tag","embeddable":true,"href":"https:\/\/gpl-love.com\/es\/wp-json\/wp\/v2\/product_tag?post=156839"}],"curies":[{"name":"wp","href":"https:\/\/api.w.org\/{rel}","templated":true}]}}