{"id":156837,"date":"2024-04-01T00:00:00","date_gmt":"2024-04-01T05:00:00","guid":{"rendered":"https:\/\/gpl-love.com\/es\/producto\/motopress-petotel\/"},"modified":"2026-03-13T17:37:13","modified_gmt":"2026-03-13T22:37:13","slug":"motopress-petotel","status":"publish","type":"product","link":"https:\/\/gpl-love.com\/es\/producto\/motopress-petotel\/","title":{"rendered":"MotoPress Petotel 1.3.3"},"content":{"rendered":"<h3>MotoPress Petotel Caracteristicas<\/h3>\n<p>Adem\u00e1s, Petotel MotoPress integra el plugin de bloques Getwid Gutenberg. Ofrece una amplia biblioteca de bloques de contenido predise\u00f1ados para una f\u00e1cil personalizaci\u00f3n dentro de la interfaz intuitiva del nuevo Editor de Bloques sin necesidad de programar.<\/p>\n<p>Tanto si gestiona un hotel para perros como si ofrece servicios profesionales de cuidado de mascotas, los servicios de MotoPress Petotel est\u00e1n preparados para satisfacer las necesidades de su negocio.<\/p>\n<ul>\n<li>Plantilla web de cuidado de mascotas Gutenberg altamente personalizable<\/li>\n<li>Dise\u00f1ada espec\u00edficamente para hoteles para perros, servicios de alojamiento y cuidadores profesionales de mascotas<\/li>\n<li>Soluci\u00f3n completa para servicios de cuidado de mascotas<\/li>\n<li>Incluye dos potentes plugins: MotoPress Hotel Booking y Getwid Gutenberg<\/li>\n<li>Experiencia de reserva online fluida para alojamientos y servicios de cuidado de mascotas<\/li>\n<li>Permite realizar reservas online manteniendo un control total sobre el proceso de reserva<\/li>\n<li>Integra el plugin de bloques Getwid Gutenberg<\/li>\n<li>Ofrece una amplia biblioteca de bloques de contenido predise\u00f1ados para una f\u00e1cil personalizaci\u00f3n<\/li>\n<li>Interfaz intuitiva del nuevo editor de bloques sin necesidad de programar<\/li>\n<li>Equipado para satisfacer las necesidades de hoteles para perros o servicios profesionales de cuidado de mascotas<\/li>\n<\/ul>\n","protected":false},"excerpt":{"rendered":"<p>Experimente la comodidad y eficiencia de MotoPress Petotel, una plantilla web de cuidado de mascotas Gutenberg altamente personalizable, dise\u00f1ada espec\u00edficamente para hoteles para perros, servicios de alojamiento y cuidadores profesionales. Petotel de MotoPress no es solo una plantilla, es una soluci\u00f3n completa para sus servicios de cuidado de mascotas.<br \/>\nCon dos potentes plugins incluidos: MotoPress Hotel Booking y Getwid Gutenberg, MotoPress Pet Hotel garantiza una experiencia de reserva en l\u00ednea fluida para alojamientos y servicios de cuidado de mascotas. Los servicios de MotoPress Petotel est\u00e1n dise\u00f1ados para simplificarle la vida, permiti\u00e9ndole reservar en l\u00ednea y manteniendo un control total sobre el proceso.<\/p>\n","protected":false},"featured_media":169196,"comment_status":"open","ping_status":"open","template":"","meta":[],"product_brand":[2681],"product_cat":[1307,1237,1238],"product_tag":[2319],"class_list":{"0":"post-156837","1":"product","2":"type-product","3":"status-publish","4":"has-post-thumbnail","6":"product_brand-motopress","7":"product_cat-negocio-wordpress-temas","8":"product_cat-temas","9":"product_cat-wordpress-temas","10":"product_tag-motopress","11":"member-discount","12":"discount-restricted","14":"first","15":"instock","16":"sale","17":"downloadable","18":"virtual","19":"sold-individually","20":"purchasable","21":"product-type-simple"},"_links":{"self":[{"href":"https:\/\/gpl-love.com\/es\/wp-json\/wp\/v2\/product\/156837","targetHints":{"allow":["GET"]}}],"collection":[{"href":"https:\/\/gpl-love.com\/es\/wp-json\/wp\/v2\/product"}],"about":[{"href":"https:\/\/gpl-love.com\/es\/wp-json\/wp\/v2\/types\/product"}],"replies":[{"embeddable":true,"href":"https:\/\/gpl-love.com\/es\/wp-json\/wp\/v2\/comments?post=156837"}],"wp:featuredmedia":[{"embeddable":true,"href":"https:\/\/gpl-love.com\/es\/wp-json\/wp\/v2\/media\/169196"}],"wp:attachment":[{"href":"https:\/\/gpl-love.com\/es\/wp-json\/wp\/v2\/media?parent=156837"}],"wp:term":[{"taxonomy":"product_brand","embeddable":true,"href":"https:\/\/gpl-love.com\/es\/wp-json\/wp\/v2\/product_brand?post=156837"},{"taxonomy":"product_cat","embeddable":true,"href":"https:\/\/gpl-love.com\/es\/wp-json\/wp\/v2\/product_cat?post=156837"},{"taxonomy":"product_tag","embeddable":true,"href":"https:\/\/gpl-love.com\/es\/wp-json\/wp\/v2\/product_tag?post=156837"}],"curies":[{"name":"wp","href":"https:\/\/api.w.org\/{rel}","templated":true}]}}