{"id":156831,"date":"2024-04-01T00:00:00","date_gmt":"2024-04-01T05:00:00","guid":{"rendered":"https:\/\/gpl-love.com\/es\/producto\/motopress-mountainview\/"},"modified":"2026-03-13T17:37:10","modified_gmt":"2026-03-13T22:37:10","slug":"motopress-mountainview","status":"publish","type":"product","link":"https:\/\/gpl-love.com\/es\/producto\/motopress-mountainview\/","title":{"rendered":"MotoPress Mountainview 1.6.2"},"content":{"rendered":"<h3>MotoPress Mountainview Caracteristicas<\/h3>\n<p>Adem\u00e1s, MotoPress Mountainview te permite procesar reservas online seguras sin comisiones, lo que lo convierte en una opci\u00f3n rentable. Al considerar el precio de MotoPress Mountainview, sus beneficios superan con creces su coste, ofreci\u00e9ndote una soluci\u00f3n completa para tu negocio de alquiler de propiedades.<\/p>\n<p>\u00bfBuscas alternativas a MotoPress Mountainview? Quiz\u00e1s te resulte dif\u00edcil encontrar un producto que iguale su dise\u00f1o elegante, su funcionalidad intuitiva y las funciones que mejora tu negocio.<\/p>\n<ul>\n<li>Tema de WordPress ligero, elegante y potente<\/li>\n<li>Dise\u00f1ado espec\u00edficamente para propietarios de propiedades en alquiler<\/li>\n<li>Ideal para mostrar caba\u00f1as, chalets, villas u otras casas de vacaciones<\/li>\n<li>Incluye un plugin de WordPress dedicado para reservas de propiedades<\/li>\n<li>Simplifica la personalizaci\u00f3n del sitio web<\/li>\n<li>Facilita la conexi\u00f3n con agencias de viajes externas a trav\u00e9s de iCalendar<\/li>\n<li>Permite establecer tarifas personalizadas para temporada alta<\/li>\n<li>Permite reservas online seguras sin comisiones<\/li>\n<li>Ofrece una soluci\u00f3n rentable para el negocio de alquiler de propiedades<\/li>\n<li>Combina un dise\u00f1o elegante con una funcionalidad intuitiva.<\/li>\n<\/ul>\n","protected":false},"excerpt":{"rendered":"<p>Descubre MotoPress Mountainview, un tema de WordPress ligero, elegante y potente, dise\u00f1ado para propietarios de propiedades en alquiler. Centrado en caba\u00f1as, chalets, villas o cualquier otra casa de vacaciones, Mountainview de MotoPress es tu aliado ideal para atraer a posibles inquilinos.<br \/>\nEsta rese\u00f1a de MotoPress Mountainview destaca las caracter\u00edsticas \u00fanicas del tema, incluyendo un plugin de WordPress dedicado a la reserva de propiedades. Esta funci\u00f3n de MotoPress Mountainview simplifica la personalizaci\u00f3n, facilita la conexi\u00f3n con agencias de viajes externas a trav\u00e9s de iCalendar y facilita la configuraci\u00f3n de tarifas personalizadas para temporada alta.<\/p>\n","protected":false},"featured_media":169193,"comment_status":"open","ping_status":"open","template":"","meta":[],"product_brand":[2681],"product_cat":[1307,1237,1238],"product_tag":[2319],"class_list":{"0":"post-156831","1":"product","2":"type-product","3":"status-publish","4":"has-post-thumbnail","6":"product_brand-motopress","7":"product_cat-negocio-wordpress-temas","8":"product_cat-temas","9":"product_cat-wordpress-temas","10":"product_tag-motopress","11":"member-discount","12":"discount-restricted","14":"first","15":"instock","16":"sale","17":"downloadable","18":"virtual","19":"sold-individually","20":"purchasable","21":"product-type-simple"},"_links":{"self":[{"href":"https:\/\/gpl-love.com\/es\/wp-json\/wp\/v2\/product\/156831","targetHints":{"allow":["GET"]}}],"collection":[{"href":"https:\/\/gpl-love.com\/es\/wp-json\/wp\/v2\/product"}],"about":[{"href":"https:\/\/gpl-love.com\/es\/wp-json\/wp\/v2\/types\/product"}],"replies":[{"embeddable":true,"href":"https:\/\/gpl-love.com\/es\/wp-json\/wp\/v2\/comments?post=156831"}],"wp:featuredmedia":[{"embeddable":true,"href":"https:\/\/gpl-love.com\/es\/wp-json\/wp\/v2\/media\/169193"}],"wp:attachment":[{"href":"https:\/\/gpl-love.com\/es\/wp-json\/wp\/v2\/media?parent=156831"}],"wp:term":[{"taxonomy":"product_brand","embeddable":true,"href":"https:\/\/gpl-love.com\/es\/wp-json\/wp\/v2\/product_brand?post=156831"},{"taxonomy":"product_cat","embeddable":true,"href":"https:\/\/gpl-love.com\/es\/wp-json\/wp\/v2\/product_cat?post=156831"},{"taxonomy":"product_tag","embeddable":true,"href":"https:\/\/gpl-love.com\/es\/wp-json\/wp\/v2\/product_tag?post=156831"}],"curies":[{"name":"wp","href":"https:\/\/api.w.org\/{rel}","templated":true}]}}