{"id":156829,"date":"2024-04-01T00:00:00","date_gmt":"2024-04-01T05:00:00","guid":{"rendered":"https:\/\/gpl-love.com\/es\/producto\/motopress-medmix\/"},"modified":"2026-03-13T17:37:09","modified_gmt":"2026-03-13T22:37:09","slug":"motopress-medmix","status":"publish","type":"product","link":"https:\/\/gpl-love.com\/es\/producto\/motopress-medmix\/","title":{"rendered":"MotoPress Medmix 1.4.2"},"content":{"rendered":"<h3>MotoPress Medmix Caracteristicas<\/h3>\n<p>MotoPress para SEO ofrece una plataforma ideal para mostrar sus servicios, precios y especialistas, lo que la convierte en la opci\u00f3n predilecta para muchos profesionales de la salud. Cada detalle de Medmix est\u00e1 dise\u00f1ado pensando en el SEO, lo que la distingue como l\u00edder en SEO para Medmix.<\/p>\n<p>Adem\u00e1s, el tema MotoPress Medmix integra un plugin de WordPress para reservar citas m\u00e9dicas, tanto para consultas gratuitas como de pago, lo que garantiza una experiencia de usuario fluida. Esta funci\u00f3n contribuye a la optimizaci\u00f3n de contenido de MotoPress y Medmix, haciendo que su sitio web sea m\u00e1s visible y accesible para los usuarios.<\/p>\n<ul>\n<li>Tema m\u00e9dico de WordPress basado en Elementor, dise\u00f1ado para centros de salud.<\/li>\n<li>Mejora el SEO para usuarios de MotoPress.<\/li>\n<li>Garantiza una optimizaci\u00f3n eficiente del contenido.<\/li>\n<li>Plataforma ideal para mostrar servicios, precios y especialistas.<\/li>\n<li>Dise\u00f1ado pensando en el SEO.<\/li>\n<li>Integra un plugin de WordPress para reservar citas m\u00e9dicas.<\/li>\n<li>Ofrece consultas gratuitas y de pago.<\/li>\n<li>Se centra en palabras clave longtail para mejorar el alcance del sitio web.<\/li>\n<li>Hace que el sitio web sea m\u00e1s visible y accesible para los usuarios.<\/li>\n<li>Se distingue como l\u00edder en SEO para Medmix.<\/li>\n<\/ul>\n","protected":false},"excerpt":{"rendered":"<p>Maximiza el potencial SEO de tu sitio web con MotoPress Medmix, un tema m\u00e9dico de WordPress basado en Elementor, dise\u00f1ado espec\u00edficamente para centros de salud como cl\u00ednicas, hospitales y m\u00e1s. Medmix optimiza el SEO para los usuarios de MotoPress y garantiza una optimizaci\u00f3n eficiente del contenido.<\/p>\n","protected":false},"featured_media":169192,"comment_status":"open","ping_status":"open","template":"","meta":[],"product_brand":[2681],"product_cat":[1307,1237,1238],"product_tag":[2319],"class_list":{"0":"post-156829","1":"product","2":"type-product","3":"status-publish","4":"has-post-thumbnail","6":"product_brand-motopress","7":"product_cat-negocio-wordpress-temas","8":"product_cat-temas","9":"product_cat-wordpress-temas","10":"product_tag-motopress","11":"member-discount","12":"discount-restricted","14":"first","15":"instock","16":"sale","17":"downloadable","18":"virtual","19":"sold-individually","20":"purchasable","21":"product-type-simple"},"_links":{"self":[{"href":"https:\/\/gpl-love.com\/es\/wp-json\/wp\/v2\/product\/156829","targetHints":{"allow":["GET"]}}],"collection":[{"href":"https:\/\/gpl-love.com\/es\/wp-json\/wp\/v2\/product"}],"about":[{"href":"https:\/\/gpl-love.com\/es\/wp-json\/wp\/v2\/types\/product"}],"replies":[{"embeddable":true,"href":"https:\/\/gpl-love.com\/es\/wp-json\/wp\/v2\/comments?post=156829"}],"wp:featuredmedia":[{"embeddable":true,"href":"https:\/\/gpl-love.com\/es\/wp-json\/wp\/v2\/media\/169192"}],"wp:attachment":[{"href":"https:\/\/gpl-love.com\/es\/wp-json\/wp\/v2\/media?parent=156829"}],"wp:term":[{"taxonomy":"product_brand","embeddable":true,"href":"https:\/\/gpl-love.com\/es\/wp-json\/wp\/v2\/product_brand?post=156829"},{"taxonomy":"product_cat","embeddable":true,"href":"https:\/\/gpl-love.com\/es\/wp-json\/wp\/v2\/product_cat?post=156829"},{"taxonomy":"product_tag","embeddable":true,"href":"https:\/\/gpl-love.com\/es\/wp-json\/wp\/v2\/product_tag?post=156829"}],"curies":[{"name":"wp","href":"https:\/\/api.w.org\/{rel}","templated":true}]}}