{"id":156825,"date":"2024-04-01T00:00:00","date_gmt":"2024-04-01T05:00:00","guid":{"rendered":"https:\/\/gpl-love.com\/es\/producto\/motopress-lotus-spa\/"},"modified":"2026-03-13T17:37:07","modified_gmt":"2026-03-13T22:37:07","slug":"motopress-lotus-spa","status":"publish","type":"product","link":"https:\/\/gpl-love.com\/es\/producto\/motopress-lotus-spa\/","title":{"rendered":"MotoPress Lotus Spa 1.2.2"},"content":{"rendered":"<h3>MotoPress Lotus Spa Caracteristicas<\/h3>\n<p>El tema Lotus Spa Treatments de MotoPress ofrece una variedad ilimitada de servicios y ubicaciones, satisfaciendo las necesidades de una amplia gama de clientes. Adem\u00e1s, admite horarios flexibles y procesamiento de pagos en l\u00ednea, lo que garantiza una experiencia fluida y sin complicaciones.<\/p>\n<p>El tema Lotus Spa Wellness de MotoPress no solo se centra en la funcionalidad, sino tambi\u00e9n en crear una presencia visualmente atractiva. Con Elementor integrado, nuestro tema ofrece opciones de personalizaci\u00f3n ilimitadas. Esto convierte a MotoPress Spa Services en la opci\u00f3n ideal para establecimientos que priorizan la est\u00e9tica sobre la funcionalidad.<\/p>\n<ul>\n<li>Dise\u00f1o elegante, ideal para peluquer\u00edas, centros de bienestar y estudios de u\u00f1as y peluquer\u00eda.<\/li>\n<li>Integraci\u00f3n perfecta con el plugin de reserva de citas de primera l\u00ednea MotoPress.<\/li>\n<li>Reservas de citas online automatizadas y a gran escala para facilitar el acceso de los clientes.<\/li>\n<li>Ofertas de servicios y ubicaciones ilimitadas para satisfacer una amplia gama de necesidades de los clientes.<\/li>\n<li>Admite horarios flexibles y procesamiento de pagos online para una experiencia fluida.<\/li>\n<li>Presencia visualmente atractiva con Elementor integrado.<\/li>\n<li>Opciones de personalizaci\u00f3n ilimitadas para una est\u00e9tica \u00fanica.<\/li>\n<li>Equilibrio perfecto entre est\u00e9tica y funcionalidad.<\/li>\n<li>Capacidad para impulsar su presencia online y llegar a m\u00e1s clientes.<\/li>\n<li>Ideal para establecimientos que valoran la est\u00e9tica tanto como la funcionalidad.<\/li>\n<\/ul>\n","protected":false},"excerpt":{"rendered":"<p>Experimente el lujo y el bienestar en su m\u00e1xima expresi\u00f3n con el tema de WordPress Lotus Spa MotoPress, dise\u00f1ado con gran precisi\u00f3n. Ideal para peluquer\u00edas, centros de bienestar y estudios de u\u00f1as y peluquer\u00eda, el tema MotoPress Luxury Lotus Spa es la clave para una presencia online exitosa.<br \/>\nNuestro tema Lotus Spa Services MotoPress se integra a la perfecci\u00f3n con el plugin de reserva de citas de alta gama MotoPress. Esto permite a su negocio ofrecer reservas de citas online automatizadas y completas, facilitando a sus clientes el acceso a sus servicios.<\/p>\n","protected":false},"featured_media":169190,"comment_status":"open","ping_status":"open","template":"","meta":[],"product_brand":[2681],"product_cat":[1307,1237,1238],"product_tag":[2319],"class_list":{"0":"post-156825","1":"product","2":"type-product","3":"status-publish","4":"has-post-thumbnail","6":"product_brand-motopress","7":"product_cat-negocio-wordpress-temas","8":"product_cat-temas","9":"product_cat-wordpress-temas","10":"product_tag-motopress","11":"member-discount","12":"discount-restricted","14":"first","15":"instock","16":"sale","17":"downloadable","18":"virtual","19":"sold-individually","20":"purchasable","21":"product-type-simple"},"_links":{"self":[{"href":"https:\/\/gpl-love.com\/es\/wp-json\/wp\/v2\/product\/156825","targetHints":{"allow":["GET"]}}],"collection":[{"href":"https:\/\/gpl-love.com\/es\/wp-json\/wp\/v2\/product"}],"about":[{"href":"https:\/\/gpl-love.com\/es\/wp-json\/wp\/v2\/types\/product"}],"replies":[{"embeddable":true,"href":"https:\/\/gpl-love.com\/es\/wp-json\/wp\/v2\/comments?post=156825"}],"wp:featuredmedia":[{"embeddable":true,"href":"https:\/\/gpl-love.com\/es\/wp-json\/wp\/v2\/media\/169190"}],"wp:attachment":[{"href":"https:\/\/gpl-love.com\/es\/wp-json\/wp\/v2\/media?parent=156825"}],"wp:term":[{"taxonomy":"product_brand","embeddable":true,"href":"https:\/\/gpl-love.com\/es\/wp-json\/wp\/v2\/product_brand?post=156825"},{"taxonomy":"product_cat","embeddable":true,"href":"https:\/\/gpl-love.com\/es\/wp-json\/wp\/v2\/product_cat?post=156825"},{"taxonomy":"product_tag","embeddable":true,"href":"https:\/\/gpl-love.com\/es\/wp-json\/wp\/v2\/product_tag?post=156825"}],"curies":[{"name":"wp","href":"https:\/\/api.w.org\/{rel}","templated":true}]}}