{"id":156821,"date":"2024-04-01T00:00:00","date_gmt":"2024-04-01T05:00:00","guid":{"rendered":"https:\/\/gpl-love.com\/es\/producto\/motopress-laveri\/"},"modified":"2026-03-13T17:37:05","modified_gmt":"2026-03-13T22:37:05","slug":"motopress-laveri","status":"publish","type":"product","link":"https:\/\/gpl-love.com\/es\/producto\/motopress-laveri\/","title":{"rendered":"MotoPress Laveri 1.1.1"},"content":{"rendered":"<h3>MotoPress Laveri Caracteristicas<\/h3>\n<p>Consulta el tutorial de MotoPress Laveri para obtener una gu\u00eda paso a paso sobre c\u00f3mo aprovechar al m\u00e1ximo esta plataforma. Descubre las m\u00faltiples maneras en que MotoPress Laveri puede mejorar tu tienda online, ya sea que vendas alta costura o artesan\u00eda.<\/p>\n<p>En cuanto al precio, MotoPress Laveri ofrece una excelente relaci\u00f3n calidad-precio. Es asequible y est\u00e1 repleta de funciones que rivalizan con alternativas mucho m\u00e1s caras.<\/p>\n<ul>\n<li>Tema WooCommerce de WordPress dedicado a la moda<\/li>\n<li>Especialmente dise\u00f1ado para vender ropa, joyer\u00eda y accesorios online<\/li>\n<li>Dise\u00f1o de p\u00e1gina de inicio orientado al comercio electr\u00f3nico<\/li>\n<li>Cat\u00e1logos de tienda claros<\/li>\n<li>P\u00e1ginas de producto individuales con numerosas funciones<\/li>\n<li>Funciones sociales integradas<\/li>\n<li>Empaquetado en una plantilla de tienda minimalista para comprar online sin esfuerzo<\/li>\n<li>Tutorial paso a paso para aprovechar al m\u00e1ximo la plataforma<\/li>\n<li>Precios asequibles con una excelente relaci\u00f3n calidad-precio<\/li>\n<li>Puede mejorar su tienda online, tanto si vende alta costura como artesan\u00eda.<\/li>\n<\/ul>\n","protected":false},"excerpt":{"rendered":"<p>Descubre el poder de MotoPress Laveri, un tema WooCommerce de WordPress dedicado a la moda, especialmente dise\u00f1ado para vender ropa, joyer\u00eda y accesorios online. Esta rese\u00f1a de MotoPress Laveri ilustrar\u00e1 las numerosas ventajas de usar esta plataforma, con su dise\u00f1o de p\u00e1gina de inicio orientado al comercio electr\u00f3nico y sus cat\u00e1logos de tienda claros.<br \/>\nExplora las caracter\u00edsticas de MotoPress Laveri, que incluyen p\u00e1ginas de producto con numerosas funciones y funciones sociales integradas, todo cuidadosamente integrado en una plantilla de tienda minimalista. Esto hace que tu experiencia de compra online sea sencilla y agradable, mostrando tus productos de la mejor manera posible.<\/p>\n","protected":false},"featured_media":169188,"comment_status":"open","ping_status":"open","template":"","meta":[],"product_brand":[2681],"product_cat":[1307,1237,1238],"product_tag":[2319],"class_list":{"0":"post-156821","1":"product","2":"type-product","3":"status-publish","4":"has-post-thumbnail","6":"product_brand-motopress","7":"product_cat-negocio-wordpress-temas","8":"product_cat-temas","9":"product_cat-wordpress-temas","10":"product_tag-motopress","11":"member-discount","12":"discount-restricted","14":"first","15":"instock","16":"sale","17":"downloadable","18":"virtual","19":"sold-individually","20":"purchasable","21":"product-type-simple"},"_links":{"self":[{"href":"https:\/\/gpl-love.com\/es\/wp-json\/wp\/v2\/product\/156821","targetHints":{"allow":["GET"]}}],"collection":[{"href":"https:\/\/gpl-love.com\/es\/wp-json\/wp\/v2\/product"}],"about":[{"href":"https:\/\/gpl-love.com\/es\/wp-json\/wp\/v2\/types\/product"}],"replies":[{"embeddable":true,"href":"https:\/\/gpl-love.com\/es\/wp-json\/wp\/v2\/comments?post=156821"}],"wp:featuredmedia":[{"embeddable":true,"href":"https:\/\/gpl-love.com\/es\/wp-json\/wp\/v2\/media\/169188"}],"wp:attachment":[{"href":"https:\/\/gpl-love.com\/es\/wp-json\/wp\/v2\/media?parent=156821"}],"wp:term":[{"taxonomy":"product_brand","embeddable":true,"href":"https:\/\/gpl-love.com\/es\/wp-json\/wp\/v2\/product_brand?post=156821"},{"taxonomy":"product_cat","embeddable":true,"href":"https:\/\/gpl-love.com\/es\/wp-json\/wp\/v2\/product_cat?post=156821"},{"taxonomy":"product_tag","embeddable":true,"href":"https:\/\/gpl-love.com\/es\/wp-json\/wp\/v2\/product_tag?post=156821"}],"curies":[{"name":"wp","href":"https:\/\/api.w.org\/{rel}","templated":true}]}}