{"id":156819,"date":"2024-04-01T00:00:00","date_gmt":"2024-04-01T05:00:00","guid":{"rendered":"https:\/\/gpl-love.com\/es\/producto\/motopress-frutta-verde\/"},"modified":"2026-03-13T17:37:05","modified_gmt":"2026-03-13T22:37:05","slug":"motopress-frutta-verde","status":"publish","type":"product","link":"https:\/\/gpl-love.com\/es\/producto\/motopress-frutta-verde\/","title":{"rendered":"MotoPress Frutta Verde 1.0.3"},"content":{"rendered":"<h3>MotoPress Frutta Verde Caracteristicas<\/h3>\n<p>Las estrategias de Frutta Verde MotoPress incluyen la integraci\u00f3n de pasarelas de pago integradas para garantizar un proceso de pago r\u00e1pido y sencillo. Aprovecha las funciones de Optimizaci\u00f3n de Contenido de MotoPress y Frutta Verde para que el contenido de tu sitio web sea atractivo y optimizado para SEO.<\/p>\n<ul>\n<li>Dise\u00f1ado para tiendas de alimentaci\u00f3n, mercados agr\u00edcolas y fruter\u00edas.<\/li>\n<li>Optimizaci\u00f3n SEO de MotoPress y Frutta Verde para un alto posicionamiento en buscadores.<\/li>\n<li>Optimizaci\u00f3n MotoPress Frutta Verde para mejorar las ventas online a restaurantes y clientes.<\/li>\n<li>Servicios de entrega a domicilio y comida para llevar opcionales.<\/li>\n<li>Dise\u00f1os limpios para una apariencia profesional y atractiva.<\/li>\n<li>Opciones de personalizaci\u00f3n robustas para una experiencia de usuario personalizada.<\/li>\n<li>Pasarelas de pago integradas para un proceso de pago r\u00e1pido y sencillo.<\/li>\n<li>Optimizaci\u00f3n de contenido MotoPress y Frutta Verde para que el contenido del sitio web sea atractivo y optimizado para SEO.<\/li>\n<li>Estrategias dise\u00f1adas para facilitar el negocio online, haci\u00e9ndolo f\u00e1cil de usar y compatible con SEO.<\/li>\n<li>Tema Frutta Verde de vanguardia para impulsar tu presencia online.<\/li>\n<\/ul>\n","protected":false},"excerpt":{"rendered":"<p>Experimenta las capacidades din\u00e1micas de MotoPress Frutta Verde, un tema de tienda WooCommerce dise\u00f1ado espec\u00edficamente para tiendas de alimentaci\u00f3n, mercados agr\u00edcolas y fruter\u00edas. Con un SEO de primera categor\u00eda para MotoPress y Frutta Verde, este tema garantiza que tu tienda online tenga un buen posicionamiento en los resultados de b\u00fasqueda.<br \/>\nLa optimizaci\u00f3n de MotoPress Frutta Verde impulsa tus ventas online a restaurantes y clientes, ofreciendo servicios opcionales de entrega a domicilio y comida para llevar. Con dise\u00f1os limpios y amplias opciones de personalizaci\u00f3n, MotoPress Frutta Verde ofrece una experiencia de usuario optimizada.<\/p>\n","protected":false},"featured_media":169187,"comment_status":"open","ping_status":"open","template":"","meta":[],"product_brand":[2681],"product_cat":[1263,1264,1237],"product_tag":[2319],"class_list":{"0":"post-156819","1":"product","2":"type-product","3":"status-publish","4":"has-post-thumbnail","6":"product_brand-motopress","7":"product_cat-comercio-electronico-temas","8":"product_cat-negocio","9":"product_cat-temas","10":"product_tag-motopress","11":"member-discount","12":"discount-restricted","14":"first","15":"instock","16":"sale","17":"downloadable","18":"virtual","19":"sold-individually","20":"purchasable","21":"product-type-simple"},"_links":{"self":[{"href":"https:\/\/gpl-love.com\/es\/wp-json\/wp\/v2\/product\/156819","targetHints":{"allow":["GET"]}}],"collection":[{"href":"https:\/\/gpl-love.com\/es\/wp-json\/wp\/v2\/product"}],"about":[{"href":"https:\/\/gpl-love.com\/es\/wp-json\/wp\/v2\/types\/product"}],"replies":[{"embeddable":true,"href":"https:\/\/gpl-love.com\/es\/wp-json\/wp\/v2\/comments?post=156819"}],"wp:featuredmedia":[{"embeddable":true,"href":"https:\/\/gpl-love.com\/es\/wp-json\/wp\/v2\/media\/169187"}],"wp:attachment":[{"href":"https:\/\/gpl-love.com\/es\/wp-json\/wp\/v2\/media?parent=156819"}],"wp:term":[{"taxonomy":"product_brand","embeddable":true,"href":"https:\/\/gpl-love.com\/es\/wp-json\/wp\/v2\/product_brand?post=156819"},{"taxonomy":"product_cat","embeddable":true,"href":"https:\/\/gpl-love.com\/es\/wp-json\/wp\/v2\/product_cat?post=156819"},{"taxonomy":"product_tag","embeddable":true,"href":"https:\/\/gpl-love.com\/es\/wp-json\/wp\/v2\/product_tag?post=156819"}],"curies":[{"name":"wp","href":"https:\/\/api.w.org\/{rel}","templated":true}]}}