{"id":156817,"date":"2024-04-01T00:00:00","date_gmt":"2024-04-01T05:00:00","guid":{"rendered":"https:\/\/gpl-love.com\/es\/producto\/motopress-profit\/"},"modified":"2026-03-13T17:37:04","modified_gmt":"2026-03-13T22:37:04","slug":"motopress-profit","status":"publish","type":"product","link":"https:\/\/gpl-love.com\/es\/producto\/motopress-profit\/","title":{"rendered":"MotoPress Profit 1.6.5"},"content":{"rendered":"<h3>MotoPress Profit Caracteristicas<\/h3>\n<p>MotoPress Profit garantiza que el mensaje de tu negocio se comunique eficazmente a tu p\u00fablico gracias a sus numerosos m\u00f3dulos de contenido. Con MotoPress Business Profit, puedes crear un perfil online s\u00f3lido que no solo complementa, sino que tambi\u00e9n mejora las operaciones de tu negocio.<\/p>\n<p>Beneficiate del tema MotoPress y lleva tu negocio al siguiente nivel. El tema MotoPress Profit es m\u00e1s que una simple inversi\u00f3n; es un paso hacia un futuro rentable.<\/p>\n<ul>\n<li>Tema financiero de WordPress dise\u00f1ado espec\u00edficamente para firmas de contabilidad, corredores, consultor\u00eda financiera, servicios de seguros y sectores de criptomonedas.<\/li>\n<li>Equipado con widgets especializados dise\u00f1ados para el sector financiero.<\/li>\n<li>Control deslizante de encabezado totalmente personalizable con tres dise\u00f1os \u00fanicos.<\/li>\n<li>Herramienta eficaz para impulsar la presencia online de su negocio.<\/li>\n<li>Garantiza una comunicaci\u00f3n eficaz del mensaje empresarial a su p\u00fablico.<\/li>\n<li>Numerosos m\u00f3dulos de contenido para contenido diverso.<\/li>\n<li>Facilita la creaci\u00f3n de un perfil online s\u00f3lido que complementa y mejora las operaciones comerciales.<\/li>\n<li>Ideal para impulsar su negocio al siguiente nivel.<\/li>\n<li>M\u00e1s que una simple inversi\u00f3n; un paso hacia un futuro rentable.<\/li>\n<li>Proporciona una plataforma para experimentar el avance empresarial y un crecimiento sin precedentes.<\/li>\n<\/ul>\n","protected":false},"excerpt":{"rendered":"<p>Experimente el progreso empresarial como nunca antes con MotoPress Profit, un tema financiero de WordPress dise\u00f1ado espec\u00edficamente para sectores como firmas de contabilidad, corredores, consultor\u00eda financiera, servicios de seguros y el mundo en constante evoluci\u00f3n de las criptomonedas. Obtenga ganancias con MotoPress y lleve su negocio a niveles sin precedentes.<\/p>\n<p>MotoPress Profit no es solo un tema; es una herramienta empresarial equipada con widgets especializados dise\u00f1ados para el sector financiero. El tema tambi\u00e9n cuenta con un slider de encabezado totalmente personalizable con tres dise\u00f1os \u00fanicos. Estas caracter\u00edsticas lo convierten en una soluci\u00f3n de primer nivel para empresas que buscan mejorar su presencia en l\u00ednea.<\/p>\n","protected":false},"featured_media":169186,"comment_status":"open","ping_status":"open","template":"","meta":[],"product_brand":[2681],"product_cat":[1307,1237,1238],"product_tag":[2319],"class_list":{"0":"post-156817","1":"product","2":"type-product","3":"status-publish","4":"has-post-thumbnail","6":"product_brand-motopress","7":"product_cat-negocio-wordpress-temas","8":"product_cat-temas","9":"product_cat-wordpress-temas","10":"product_tag-motopress","11":"member-discount","12":"discount-restricted","14":"first","15":"instock","16":"sale","17":"downloadable","18":"virtual","19":"sold-individually","20":"purchasable","21":"product-type-simple"},"_links":{"self":[{"href":"https:\/\/gpl-love.com\/es\/wp-json\/wp\/v2\/product\/156817","targetHints":{"allow":["GET"]}}],"collection":[{"href":"https:\/\/gpl-love.com\/es\/wp-json\/wp\/v2\/product"}],"about":[{"href":"https:\/\/gpl-love.com\/es\/wp-json\/wp\/v2\/types\/product"}],"replies":[{"embeddable":true,"href":"https:\/\/gpl-love.com\/es\/wp-json\/wp\/v2\/comments?post=156817"}],"wp:featuredmedia":[{"embeddable":true,"href":"https:\/\/gpl-love.com\/es\/wp-json\/wp\/v2\/media\/169186"}],"wp:attachment":[{"href":"https:\/\/gpl-love.com\/es\/wp-json\/wp\/v2\/media?parent=156817"}],"wp:term":[{"taxonomy":"product_brand","embeddable":true,"href":"https:\/\/gpl-love.com\/es\/wp-json\/wp\/v2\/product_brand?post=156817"},{"taxonomy":"product_cat","embeddable":true,"href":"https:\/\/gpl-love.com\/es\/wp-json\/wp\/v2\/product_cat?post=156817"},{"taxonomy":"product_tag","embeddable":true,"href":"https:\/\/gpl-love.com\/es\/wp-json\/wp\/v2\/product_tag?post=156817"}],"curies":[{"name":"wp","href":"https:\/\/api.w.org\/{rel}","templated":true}]}}