{"id":156813,"date":"2024-04-01T00:00:00","date_gmt":"2024-04-01T05:00:00","guid":{"rendered":"https:\/\/gpl-love.com\/es\/producto\/motopress-edme\/"},"modified":"2026-03-13T17:37:02","modified_gmt":"2026-03-13T22:37:02","slug":"motopress-edme","status":"publish","type":"product","link":"https:\/\/gpl-love.com\/es\/producto\/motopress-edme\/","title":{"rendered":"MotoPress Edme 1.4.3"},"content":{"rendered":"<h3>MotoPress Edme Caracteristicas<\/h3>\n<ul>\n<li>Tema especializado de WordPress, dise\u00f1ado para cursos online y presenciales.<\/li>\n<li>Ideal para centros de tutor\u00eda, instructores individuales e instituciones de formaci\u00f3n.<\/li>\n<li>Integraci\u00f3n perfecta con el plugin de reserva de citas MotoPress.<\/li>\n<li>Asistente de reserva web intuitivo para facilitar la inscripci\u00f3n a cursos y clases.<\/li>\n<li>Combinaci\u00f3n perfecta de funcionalidad y estilo.<\/li>\n<li>Ayuda a posicionar la plataforma educativa en los primeros puestos de los resultados de b\u00fasqueda.<\/li>\n<li>Reserva de cursos m\u00e1s sencilla con la tecnolog\u00eda MotoPress y el tema Edme.<\/li>\n<li>Tema personalizable para adaptarse a las necesidades individuales.<\/li>\n<li>Experiencia de usuario de alta calidad con funciones de navegaci\u00f3n sencillas.<\/li>\n<li>Compatible con varios dispositivos y navegadores para una experiencia de usuario fluida.<\/li>\n<\/ul>\n","protected":false},"excerpt":{"rendered":"<p>Descubre el poder de MotoPress Edme, un tema especializado de WordPress dise\u00f1ado espec\u00edficamente para cursos online y presenciales. Ideal para centros de tutor\u00eda, instructores individuales y diversas instituciones de formaci\u00f3n, Edme ofrece una integraci\u00f3n perfecta con el plugin MotoPress Appointment Booking. Esta funci\u00f3n \u00fanica proporciona un asistente de reserva web intuitivo que simplifica el proceso de inscripci\u00f3n a cursos y clases. Con MotoPress Edme, disfruta de la combinaci\u00f3n perfecta de funcionalidad y estilo para posicionar tu plataforma educativa en los primeros puestos de los resultados de b\u00fasqueda. Aprovecha las ventajas de la tecnolog\u00eda MotoPress con el tema Edme, donde reservar cursos nunca ha sido tan f\u00e1cil.<\/p>\n","protected":false},"featured_media":169184,"comment_status":"open","ping_status":"open","template":"","meta":[],"product_brand":[2681],"product_cat":[1307,1237,1238],"product_tag":[2319],"class_list":{"0":"post-156813","1":"product","2":"type-product","3":"status-publish","4":"has-post-thumbnail","6":"product_brand-motopress","7":"product_cat-negocio-wordpress-temas","8":"product_cat-temas","9":"product_cat-wordpress-temas","10":"product_tag-motopress","11":"member-discount","12":"discount-restricted","14":"first","15":"instock","16":"sale","17":"downloadable","18":"virtual","19":"sold-individually","20":"purchasable","21":"product-type-simple"},"_links":{"self":[{"href":"https:\/\/gpl-love.com\/es\/wp-json\/wp\/v2\/product\/156813","targetHints":{"allow":["GET"]}}],"collection":[{"href":"https:\/\/gpl-love.com\/es\/wp-json\/wp\/v2\/product"}],"about":[{"href":"https:\/\/gpl-love.com\/es\/wp-json\/wp\/v2\/types\/product"}],"replies":[{"embeddable":true,"href":"https:\/\/gpl-love.com\/es\/wp-json\/wp\/v2\/comments?post=156813"}],"wp:featuredmedia":[{"embeddable":true,"href":"https:\/\/gpl-love.com\/es\/wp-json\/wp\/v2\/media\/169184"}],"wp:attachment":[{"href":"https:\/\/gpl-love.com\/es\/wp-json\/wp\/v2\/media?parent=156813"}],"wp:term":[{"taxonomy":"product_brand","embeddable":true,"href":"https:\/\/gpl-love.com\/es\/wp-json\/wp\/v2\/product_brand?post=156813"},{"taxonomy":"product_cat","embeddable":true,"href":"https:\/\/gpl-love.com\/es\/wp-json\/wp\/v2\/product_cat?post=156813"},{"taxonomy":"product_tag","embeddable":true,"href":"https:\/\/gpl-love.com\/es\/wp-json\/wp\/v2\/product_tag?post=156813"}],"curies":[{"name":"wp","href":"https:\/\/api.w.org\/{rel}","templated":true}]}}