{"id":156811,"date":"2024-04-01T00:00:00","date_gmt":"2024-04-01T05:00:00","guid":{"rendered":"https:\/\/gpl-love.com\/es\/producto\/motopress-creatista\/"},"modified":"2026-03-13T17:37:01","modified_gmt":"2026-03-13T22:37:01","slug":"motopress-creatista","status":"publish","type":"product","link":"https:\/\/gpl-love.com\/es\/producto\/motopress-creatista\/","title":{"rendered":"MotoPress Creatista 1.1.2"},"content":{"rendered":"<h3>MotoPress Creatista Caracteristicas<\/h3>\n<p>Con la Optimizaci\u00f3n de Contenido de MotoPress, tu portafolio no solo lucir\u00e1 espectacular, sino que tambi\u00e9n ocupar\u00e1 un lugar destacado en los resultados de b\u00fasqueda. El SEO de MotoPress Creatista garantiza que tus obras creativas se descubran f\u00e1cilmente en l\u00ednea, llevando tu talento art\u00edstico a la vanguardia de tu p\u00fablico objetivo.<\/p>\n<p>Optimizar MotoPress Creatista nunca ha sido tan f\u00e1cil; el tema cuenta con un dise\u00f1o minimalista y equilibrado y portafolios flexibles, lo que garantiza una instalaci\u00f3n sencilla. Para mejorar a\u00fan m\u00e1s la visibilidad de tu sitio, la Optimizaci\u00f3n de Palabras Clave de MotoPress Creatista est\u00e1 integrada en el tema, asegurando que tu trabajo creativo reciba la atenci\u00f3n que merece en l\u00ednea.<\/p>\n<ul>\n<li>Dise\u00f1ado espec\u00edficamente para exhibir las creaciones art\u00edsticas de dise\u00f1adores, ilustradores y artistas.<\/li>\n<li>Dise\u00f1ado para una visibilidad \u00f3ptima.<\/li>\n<li>Ideal para diversos campos creativos, como ilustraciones, caricaturas, dise\u00f1o de productos, fan art, poligraf\u00eda, bocetos a mano y m\u00e1s.<\/li>\n<li>Incluye la optimizaci\u00f3n de contenido de MotoPress para portafolios impactantes y de alto nivel.<\/li>\n<li>La integraci\u00f3n SEO garantiza que las obras creativas se descubran f\u00e1cilmente en l\u00ednea.<\/li>\n<li>Equilibra un dise\u00f1o minimalista con portafolios flexibles.<\/li>\n<li>Garantiza un proceso de instalaci\u00f3n sencillo.<\/li>\n<li>Optimizaci\u00f3n de palabras clave MotoPress Creatista integrada para una mayor visibilidad del sitio.<\/li>\n<li>La combinaci\u00f3n perfecta de creatividad y SEO, que destaca el talento art\u00edstico.<\/li>\n<li>Excelente opci\u00f3n para creadores que buscan mejorar su portafolio creativo.<\/li>\n<\/ul>\n","protected":false},"excerpt":{"rendered":"<p>Impulsa tu portafolio creativo con Creatista MotoPress, el tema definitivo para portafolios de WordPress, dise\u00f1ado para mostrar el trabajo art\u00edstico de dise\u00f1adores, ilustradores y artistas. Nuestro SEO MotoPress Creatista est\u00e1 dise\u00f1ado espec\u00edficamente para una visibilidad \u00f3ptima, lo que lo convierte en la opci\u00f3n predilecta para creadores de diversos campos, como ilustraci\u00f3n, vi\u00f1etas, dise\u00f1o de productos, fan art, poligraf\u00eda, dibujo a mano y m\u00e1s.<\/p>\n","protected":false},"featured_media":169183,"comment_status":"open","ping_status":"open","template":"","meta":[],"product_brand":[2681],"product_cat":[1267,1237,1238],"product_tag":[2319],"class_list":{"0":"post-156811","1":"product","2":"type-product","3":"status-publish","4":"has-post-thumbnail","6":"product_brand-motopress","7":"product_cat-creativo","8":"product_cat-temas","9":"product_cat-wordpress-temas","10":"product_tag-motopress","11":"member-discount","12":"discount-restricted","14":"first","15":"instock","16":"sale","17":"downloadable","18":"virtual","19":"sold-individually","20":"purchasable","21":"product-type-simple"},"_links":{"self":[{"href":"https:\/\/gpl-love.com\/es\/wp-json\/wp\/v2\/product\/156811","targetHints":{"allow":["GET"]}}],"collection":[{"href":"https:\/\/gpl-love.com\/es\/wp-json\/wp\/v2\/product"}],"about":[{"href":"https:\/\/gpl-love.com\/es\/wp-json\/wp\/v2\/types\/product"}],"replies":[{"embeddable":true,"href":"https:\/\/gpl-love.com\/es\/wp-json\/wp\/v2\/comments?post=156811"}],"wp:featuredmedia":[{"embeddable":true,"href":"https:\/\/gpl-love.com\/es\/wp-json\/wp\/v2\/media\/169183"}],"wp:attachment":[{"href":"https:\/\/gpl-love.com\/es\/wp-json\/wp\/v2\/media?parent=156811"}],"wp:term":[{"taxonomy":"product_brand","embeddable":true,"href":"https:\/\/gpl-love.com\/es\/wp-json\/wp\/v2\/product_brand?post=156811"},{"taxonomy":"product_cat","embeddable":true,"href":"https:\/\/gpl-love.com\/es\/wp-json\/wp\/v2\/product_cat?post=156811"},{"taxonomy":"product_tag","embeddable":true,"href":"https:\/\/gpl-love.com\/es\/wp-json\/wp\/v2\/product_tag?post=156811"}],"curies":[{"name":"wp","href":"https:\/\/api.w.org\/{rel}","templated":true}]}}