{"id":156809,"date":"2024-04-01T00:00:00","date_gmt":"2024-04-01T05:00:00","guid":{"rendered":"https:\/\/gpl-love.com\/es\/producto\/motopress-coachzee\/"},"modified":"2026-03-13T17:37:00","modified_gmt":"2026-03-13T22:37:00","slug":"motopress-coachzee","status":"publish","type":"product","link":"https:\/\/gpl-love.com\/es\/producto\/motopress-coachzee\/","title":{"rendered":"MotoPress Coachzee 1.1.2"},"content":{"rendered":"<h3>MotoPress Coachzee Caracteristicas<\/h3>\n<ul>\n<li>Tema innovador de WordPress MotoPress Coachzee<\/li>\n<li>Optimizado para profesionales de diversos campos del coaching<\/li>\n<li>Tema vers\u00e1til ideal para terapeutas, instructores de conducci\u00f3n, coaches de vida, profesores y coaches de salud<\/li>\n<li>Integraci\u00f3n del plugin premium MotoPress Appointment Booking<\/li>\n<li>Mejora tu presencia online<\/li>\n<li>Optimiza la programaci\u00f3n de citas<\/li>\n<li>Soluci\u00f3n integral para la gesti\u00f3n automatizada de citas<\/li>\n<li>Experiencia de programaci\u00f3n fluida<\/li>\n<li>Funcionalidad impresionante<\/li>\n<li>Comodidad superior para profesionales del coaching.<\/li>\n<\/ul>\n","protected":false},"excerpt":{"rendered":"<p>Experimente el futuro del coaching con el innovador tema de WordPress MotoPress Coachzee, optimizado para profesionales de diversos campos del coaching. Desde terapeutas y profesores de conducci\u00f3n hasta coaches personales, profesores y coaches de salud, este vers\u00e1til tema se adapta a todos. Con la integraci\u00f3n del plugin premium MotoPress Appointment Booking, Coachzee no solo mejora su presencia online, sino que tambi\u00e9n agiliza la programaci\u00f3n de citas. Descubra la soluci\u00f3n integral para la gesti\u00f3n automatizada de citas con MotoPress Coachzee y lleve sus servicios de coaching a un nuevo nivel. Disfrute de una programaci\u00f3n fluida, una funcionalidad impresionante y una comodidad superior con MotoPress Coachzee, la opci\u00f3n definitiva para profesionales del coaching.<\/p>\n","protected":false},"featured_media":169182,"comment_status":"open","ping_status":"open","template":"","meta":[],"product_brand":[2681],"product_cat":[1307,1237,1238],"product_tag":[2319],"class_list":{"0":"post-156809","1":"product","2":"type-product","3":"status-publish","4":"has-post-thumbnail","6":"product_brand-motopress","7":"product_cat-negocio-wordpress-temas","8":"product_cat-temas","9":"product_cat-wordpress-temas","10":"product_tag-motopress","11":"member-discount","12":"discount-restricted","14":"first","15":"instock","16":"sale","17":"downloadable","18":"virtual","19":"sold-individually","20":"purchasable","21":"product-type-simple"},"_links":{"self":[{"href":"https:\/\/gpl-love.com\/es\/wp-json\/wp\/v2\/product\/156809","targetHints":{"allow":["GET"]}}],"collection":[{"href":"https:\/\/gpl-love.com\/es\/wp-json\/wp\/v2\/product"}],"about":[{"href":"https:\/\/gpl-love.com\/es\/wp-json\/wp\/v2\/types\/product"}],"replies":[{"embeddable":true,"href":"https:\/\/gpl-love.com\/es\/wp-json\/wp\/v2\/comments?post=156809"}],"wp:featuredmedia":[{"embeddable":true,"href":"https:\/\/gpl-love.com\/es\/wp-json\/wp\/v2\/media\/169182"}],"wp:attachment":[{"href":"https:\/\/gpl-love.com\/es\/wp-json\/wp\/v2\/media?parent=156809"}],"wp:term":[{"taxonomy":"product_brand","embeddable":true,"href":"https:\/\/gpl-love.com\/es\/wp-json\/wp\/v2\/product_brand?post=156809"},{"taxonomy":"product_cat","embeddable":true,"href":"https:\/\/gpl-love.com\/es\/wp-json\/wp\/v2\/product_cat?post=156809"},{"taxonomy":"product_tag","embeddable":true,"href":"https:\/\/gpl-love.com\/es\/wp-json\/wp\/v2\/product_tag?post=156809"}],"curies":[{"name":"wp","href":"https:\/\/api.w.org\/{rel}","templated":true}]}}