{"id":156807,"date":"2024-08-21T00:00:00","date_gmt":"2024-08-21T05:00:00","guid":{"rendered":"https:\/\/gpl-love.com\/es\/producto\/motopress-ciestra\/"},"modified":"2026-03-13T17:36:59","modified_gmt":"2026-03-13T22:36:59","slug":"motopress-ciestra","status":"publish","type":"product","link":"https:\/\/gpl-love.com\/es\/producto\/motopress-ciestra\/","title":{"rendered":"MotoPress Ciestra 1.7.0"},"content":{"rendered":"<h3>MotoPress Ciestra Caracteristicas<\/h3>\n<p>El tema Ciestra es una opci\u00f3n de primer nivel en temas de WordPress para alquiler de propiedades, lo que garantiza que su sitio web destaque entre la competencia local. No es solo un tema, sino una soluci\u00f3n integral de MotoPress Rental que ofrece una experiencia m\u00f3vil fluida para las reservas.<\/p>\n<p>Nuestro tema Ciestra MotoPress incluye herramientas SEO f\u00e1ciles de usar que le ayudar\u00e1n a posicionarse mejor en los resultados de b\u00fasqueda, situ\u00e1ndose por delante de la competencia. Adem\u00e1s, este tema MotoPress Rental ofrece sincronizaci\u00f3n con OTA, una caracter\u00edstica que lo distingue de otros temas para propiedades de alquiler.<\/p>\n<ul>\n<li>Soluci\u00f3n de reservas de hotel MotoPress para su sitio web<\/li>\n<li>Dise\u00f1ada espec\u00edficamente con el sistema de reservas MotoPress<\/li>\n<li>Edici\u00f3n visual intuitiva de propiedades y sitios web<\/li>\n<li>Ideal para quienes no tienen experiencia t\u00e9cnica<\/li>\n<li>Selecci\u00f3n de primer nivel en temas de WordPress para alquiler de propiedades<\/li>\n<li>Ofrece una experiencia m\u00f3vil fluida para reservas<\/li>\n<li>Incluye herramientas SEO f\u00e1ciles de usar<\/li>\n<li>Sincronizaci\u00f3n con OTA<\/li>\n<li>Se distingue de otros temas para propiedades de alquiler<\/li>\n<li>Ideal para impulsar su negocio de alquiler de propiedades al siguiente nivel<\/li>\n<\/ul>\n","protected":false},"excerpt":{"rendered":"<p>Descubra el poder de MotoPress Ciestra, la soluci\u00f3n definitiva de reservas de hotel de MotoPress para su sitio web. El tema Ciestra para WordPress est\u00e1 dise\u00f1ado espec\u00edficamente con un sistema de reservas de MotoPress que ofrece una intuitiva funci\u00f3n de edici\u00f3n visual de propiedades y sitios web, ideal para quienes no tienen experiencia t\u00e9cnica.<\/p>\n","protected":false},"featured_media":169181,"comment_status":"open","ping_status":"open","template":"","meta":[],"product_brand":[2681],"product_cat":[1307,1237,1238],"product_tag":[2319],"class_list":{"0":"post-156807","1":"product","2":"type-product","3":"status-publish","4":"has-post-thumbnail","6":"product_brand-motopress","7":"product_cat-negocio-wordpress-temas","8":"product_cat-temas","9":"product_cat-wordpress-temas","10":"product_tag-motopress","11":"member-discount","12":"discount-restricted","14":"first","15":"instock","16":"sale","17":"downloadable","18":"virtual","19":"sold-individually","20":"purchasable","21":"product-type-simple"},"_links":{"self":[{"href":"https:\/\/gpl-love.com\/es\/wp-json\/wp\/v2\/product\/156807","targetHints":{"allow":["GET"]}}],"collection":[{"href":"https:\/\/gpl-love.com\/es\/wp-json\/wp\/v2\/product"}],"about":[{"href":"https:\/\/gpl-love.com\/es\/wp-json\/wp\/v2\/types\/product"}],"replies":[{"embeddable":true,"href":"https:\/\/gpl-love.com\/es\/wp-json\/wp\/v2\/comments?post=156807"}],"wp:featuredmedia":[{"embeddable":true,"href":"https:\/\/gpl-love.com\/es\/wp-json\/wp\/v2\/media\/169181"}],"wp:attachment":[{"href":"https:\/\/gpl-love.com\/es\/wp-json\/wp\/v2\/media?parent=156807"}],"wp:term":[{"taxonomy":"product_brand","embeddable":true,"href":"https:\/\/gpl-love.com\/es\/wp-json\/wp\/v2\/product_brand?post=156807"},{"taxonomy":"product_cat","embeddable":true,"href":"https:\/\/gpl-love.com\/es\/wp-json\/wp\/v2\/product_cat?post=156807"},{"taxonomy":"product_tag","embeddable":true,"href":"https:\/\/gpl-love.com\/es\/wp-json\/wp\/v2\/product_tag?post=156807"}],"curies":[{"name":"wp","href":"https:\/\/api.w.org\/{rel}","templated":true}]}}