{"id":156805,"date":"2024-04-01T00:00:00","date_gmt":"2024-04-01T05:00:00","guid":{"rendered":"https:\/\/gpl-love.com\/es\/producto\/motopress-carni-rosso\/"},"modified":"2026-03-13T17:36:58","modified_gmt":"2026-03-13T22:36:58","slug":"motopress-carni-rosso","status":"publish","type":"product","link":"https:\/\/gpl-love.com\/es\/producto\/motopress-carni-rosso\/","title":{"rendered":"MotoPress Carni Rosso 1.0.3"},"content":{"rendered":"<h3>MotoPress Carni Rosso Caracteristicas<\/h3>\n<p>Nuestro tema Rosso MotoPress cuenta con espacios dedicados para tus productos destacados, mostr\u00e1ndolos de forma destacada para atraer a m\u00e1s clientes. Tambi\u00e9n cuenta con \u00e1reas espec\u00edficas para categor\u00edas, lo que facilita la navegaci\u00f3n de los clientes por tu diversa gama de productos.<\/p>\n<p>Una de las caracter\u00edsticas destacadas de MotoPress Rosso Carni es su enfoque en los productos m\u00e1s vendidos. Esta funci\u00f3n permite a tus clientes ver los productos m\u00e1s populares, ayud\u00e1ndoles a tomar decisiones de compra r\u00e1pidas y sencillas.<\/p>\n<ul>\n<li>Experiencia de compra online fluida para carnicer\u00edas, marisquer\u00edas y negocios similares.<\/li>\n<li>Tema WooCommerce completo, meticulosamente dise\u00f1ado para diversos comercios de alimentaci\u00f3n.<\/li>\n<li>Dise\u00f1o superior que permite a los clientes pedir su comida favorita online desde cualquier dispositivo.<\/li>\n<li>Totalmente optimizado para ventas online, lo que permite un servicio eficiente de entrega y comida para llevar.<\/li>\n<li>La soluci\u00f3n perfecta para negocios que buscan ampliar su alcance e impulsar las ventas.<\/li>\n<li>Espacios dedicados a productos destacados, expuestos de forma destacada para atraer a m\u00e1s clientes.<\/li>\n<li>\u00c1reas espec\u00edficas para categor\u00edas, que facilitan la navegaci\u00f3n por la diversa gama de productos.<\/li>\n<li>Funci\u00f3n destacada en los m\u00e1s vendidos, que facilita la toma de decisiones de compra r\u00e1pidas y sencillas.<\/li>\n<li>Gran importancia para el servicio al cliente, lo que garantiza una experiencia de compra satisfactoria.<\/li>\n<li>Flexibilidad y adaptabilidad para satisfacer las diferentes necesidades comerciales y preferencias de los clientes.<\/li>\n<\/ul>\n","protected":false},"excerpt":{"rendered":"<p>Experimente una experiencia de compra online fluida con Carni Rosso MotoPress. Nuestro completo tema WooCommerce est\u00e1 meticulosamente dise\u00f1ado no solo para carnicer\u00edas, sino tambi\u00e9n para marisquer\u00edas y negocios similares. Carni Rosso MotoPress, con su dise\u00f1o superior, permite a los clientes pedir su comida favorita online desde cualquier dispositivo.<\/p>\n<p>El tema MotoPress Carni est\u00e1 totalmente optimizado para las ventas online, lo que permite un servicio eficiente de entrega y comida para llevar. Es la soluci\u00f3n perfecta para negocios que desean ampliar su alcance e impulsar sus ventas.<\/p>\n","protected":false},"featured_media":169180,"comment_status":"open","ping_status":"open","template":"","meta":[],"product_brand":[2681],"product_cat":[1307,1237,1238],"product_tag":[2319],"class_list":{"0":"post-156805","1":"product","2":"type-product","3":"status-publish","4":"has-post-thumbnail","6":"product_brand-motopress","7":"product_cat-negocio-wordpress-temas","8":"product_cat-temas","9":"product_cat-wordpress-temas","10":"product_tag-motopress","11":"member-discount","12":"discount-restricted","14":"first","15":"instock","16":"sale","17":"downloadable","18":"virtual","19":"sold-individually","20":"purchasable","21":"product-type-simple"},"_links":{"self":[{"href":"https:\/\/gpl-love.com\/es\/wp-json\/wp\/v2\/product\/156805","targetHints":{"allow":["GET"]}}],"collection":[{"href":"https:\/\/gpl-love.com\/es\/wp-json\/wp\/v2\/product"}],"about":[{"href":"https:\/\/gpl-love.com\/es\/wp-json\/wp\/v2\/types\/product"}],"replies":[{"embeddable":true,"href":"https:\/\/gpl-love.com\/es\/wp-json\/wp\/v2\/comments?post=156805"}],"wp:featuredmedia":[{"embeddable":true,"href":"https:\/\/gpl-love.com\/es\/wp-json\/wp\/v2\/media\/169180"}],"wp:attachment":[{"href":"https:\/\/gpl-love.com\/es\/wp-json\/wp\/v2\/media?parent=156805"}],"wp:term":[{"taxonomy":"product_brand","embeddable":true,"href":"https:\/\/gpl-love.com\/es\/wp-json\/wp\/v2\/product_brand?post=156805"},{"taxonomy":"product_cat","embeddable":true,"href":"https:\/\/gpl-love.com\/es\/wp-json\/wp\/v2\/product_cat?post=156805"},{"taxonomy":"product_tag","embeddable":true,"href":"https:\/\/gpl-love.com\/es\/wp-json\/wp\/v2\/product_tag?post=156805"}],"curies":[{"name":"wp","href":"https:\/\/api.w.org\/{rel}","templated":true}]}}