{"id":156803,"date":"2024-04-01T00:00:00","date_gmt":"2024-04-01T05:00:00","guid":{"rendered":"https:\/\/gpl-love.com\/es\/producto\/motopress-campterra\/"},"modified":"2026-03-13T17:36:58","modified_gmt":"2026-03-13T22:36:58","slug":"motopress-campterra","status":"publish","type":"product","link":"https:\/\/gpl-love.com\/es\/producto\/motopress-campterra\/","title":{"rendered":"MotoPress Campterra 1.5.4"},"content":{"rendered":"<h3>MotoPress Campterra Caracteristicas<\/h3>\n<p>El sistema de gesti\u00f3n de campings MotoPress integra un plugin de reservas para WordPress para gestionar todas tus reservas online de forma eficiente. Con la aplicaci\u00f3n MotoPress Campterra, editar el tema visual es facil\u00edsimo, lo que te permite construir la imagen de tu marca online de forma eficaz.<\/p>\n<p>Camping MotoPress no es solo un tema; es una soluci\u00f3n integral para gestionar tu camping y sitio de aventuras al aire libre. El sistema Campterra MotoPress garantiza la fluidez del funcionamiento y la gesti\u00f3n de tu negocio online.<\/p>\n<ul>\n<li>Tema especializado de WordPress, dise\u00f1ado espec\u00edficamente para campings, parques de autocaravanas y m\u00e1s.<\/li>\n<li>Permite alquilar alojamientos o remolques sin esfuerzo y ofrecer parcelas para caravanas.<\/li>\n<li>Integra un plugin de reservas de WordPress para una gesti\u00f3n eficiente de las reservas online.<\/li>\n<li>Permite la edici\u00f3n visual del tema para una efectiva creaci\u00f3n de imagen de marca online.<\/li>\n<li>Soluci\u00f3n integral para la gesti\u00f3n de campings y sitios de aventuras al aire libre.<\/li>\n<li>Garantiza la fluidez de la gesti\u00f3n de tu negocio online.<\/li>\n<li>Ofrece una plataforma integral para gestionar tu camping o parque de autocaravanas.<\/li>\n<li>Garantiza el buen funcionamiento de tu negocio.<\/li>\n<li>Dise\u00f1ado pensando en las necesidades del usuario.<\/li>\n<li>Potente herramienta para gestionar tu presencia online.<\/li>\n<\/ul>\n","protected":false},"excerpt":{"rendered":"<p>Experimente las mejores aventuras al aire libre con el software MotoPress Campterra, un tema especializado de WordPress dise\u00f1ado espec\u00edficamente para campings, parques de autocaravanas y m\u00e1s. Esta soluci\u00f3n de acampada Campterra le permite alquilar alojamientos o remolques y ofrecer parcelas para caravanas sin esfuerzo.<\/p>\n","protected":false},"featured_media":169179,"comment_status":"open","ping_status":"open","template":"","meta":[],"product_brand":[2681],"product_cat":[1307,1237,1238],"product_tag":[2319],"class_list":{"0":"post-156803","1":"product","2":"type-product","3":"status-publish","4":"has-post-thumbnail","6":"product_brand-motopress","7":"product_cat-negocio-wordpress-temas","8":"product_cat-temas","9":"product_cat-wordpress-temas","10":"product_tag-motopress","11":"member-discount","12":"discount-restricted","14":"first","15":"instock","16":"sale","17":"downloadable","18":"virtual","19":"sold-individually","20":"purchasable","21":"product-type-simple"},"_links":{"self":[{"href":"https:\/\/gpl-love.com\/es\/wp-json\/wp\/v2\/product\/156803","targetHints":{"allow":["GET"]}}],"collection":[{"href":"https:\/\/gpl-love.com\/es\/wp-json\/wp\/v2\/product"}],"about":[{"href":"https:\/\/gpl-love.com\/es\/wp-json\/wp\/v2\/types\/product"}],"replies":[{"embeddable":true,"href":"https:\/\/gpl-love.com\/es\/wp-json\/wp\/v2\/comments?post=156803"}],"wp:featuredmedia":[{"embeddable":true,"href":"https:\/\/gpl-love.com\/es\/wp-json\/wp\/v2\/media\/169179"}],"wp:attachment":[{"href":"https:\/\/gpl-love.com\/es\/wp-json\/wp\/v2\/media?parent=156803"}],"wp:term":[{"taxonomy":"product_brand","embeddable":true,"href":"https:\/\/gpl-love.com\/es\/wp-json\/wp\/v2\/product_brand?post=156803"},{"taxonomy":"product_cat","embeddable":true,"href":"https:\/\/gpl-love.com\/es\/wp-json\/wp\/v2\/product_cat?post=156803"},{"taxonomy":"product_tag","embeddable":true,"href":"https:\/\/gpl-love.com\/es\/wp-json\/wp\/v2\/product_tag?post=156803"}],"curies":[{"name":"wp","href":"https:\/\/api.w.org\/{rel}","templated":true}]}}