{"id":156801,"date":"2026-02-18T00:00:00","date_gmt":"2026-02-18T05:00:00","guid":{"rendered":"https:\/\/gpl-love.com\/es\/producto\/motopress-booklium\/"},"modified":"2026-03-13T17:36:57","modified_gmt":"2026-03-13T22:36:57","slug":"motopress-booklium","status":"publish","type":"product","link":"https:\/\/gpl-love.com\/es\/producto\/motopress-booklium\/","title":{"rendered":"MotoPress Booklium 2.0.0"},"content":{"rendered":"<h3>MotoPress Booklium Caracteristicas<\/h3>\n<p>El tema MotoPress Booklium est\u00e1 dise\u00f1ado para optimizar tu estrategia SEO, impulsando tu presencia y posicionamiento online. Con Booklium SEO, tu negocio de alojamiento ganar\u00e1 mayor visibilidad, atrayendo tr\u00e1fico y clientes potenciales a tu sitio web. La potencia combinada de SEO MotoPress y SEO Booklium garantiza la m\u00e1xima visibilidad online, convirtiendo tu sitio web en un competidor l\u00edder en el competitivo sector hotelero.<\/p>\n<p>Elige MotoPress Booklium para una soluci\u00f3n eficiente y optimizada para SEO que te ofrece resultados. Con Booklium MotoPress, tendr\u00e1s la herramienta perfecta para impulsar tu negocio al siguiente nivel.<\/p>\n<ul>\n<li>Dise\u00f1o profesional, ideal para hostales, hoteles y alquileres vacacionales.<\/li>\n<li>Con tecnolog\u00eda de MotoPress, garantiza un rendimiento e integraci\u00f3n fluidos.<\/li>\n<li>Perfectamente integrado con el plugin de alquiler de propiedades de MotoPress para WordPress.<\/li>\n<li>Sistema integral de reservas de alojamiento online.<\/li>\n<li>Herramientas eficaces de gesti\u00f3n de propiedades.<\/li>\n<li>Gesti\u00f3n de canales OTA para un mayor alcance.<\/li>\n<li>Dise\u00f1ado para optimizar la estrategia SEO y mejorar la presencia online.<\/li>\n<li>Visibilidad mejorada que atrae tr\u00e1fico y clientes potenciales a tu sitio web.<\/li>\n<li>Altamente competitivo en el sector hotelero gracias a sus capacidades SEO.<\/li>\n<li>Una herramienta que impulsa tu negocio a nuevas alturas.<\/li>\n<\/ul>\n","protected":false},"excerpt":{"rendered":"<p>Experimente la versatilidad y el dise\u00f1o sofisticado de Booklium, el tema premium de WordPress para alojamiento y desayuno, dise\u00f1ado por expertos para transformar su hotel o negocio de alquiler vacacional. Desarrollado con MotoPress, Booklium se integra a la perfecci\u00f3n con el plugin de propiedades de alquiler de MotoPress para WordPress. Esta integraci\u00f3n perfecta ofrece un paquete completo para la reserva de alojamiento en l\u00ednea, la gesti\u00f3n de propiedades y la gesti\u00f3n de canales de agencias de viajes online (OTA).<\/p>\n","protected":false},"featured_media":169178,"comment_status":"open","ping_status":"open","template":"","meta":[],"product_brand":[2681],"product_cat":[1307,1237,1238],"product_tag":[2319],"class_list":{"0":"post-156801","1":"product","2":"type-product","3":"status-publish","4":"has-post-thumbnail","6":"product_brand-motopress","7":"product_cat-negocio-wordpress-temas","8":"product_cat-temas","9":"product_cat-wordpress-temas","10":"product_tag-motopress","11":"member-discount","12":"discount-restricted","14":"first","15":"instock","16":"sale","17":"downloadable","18":"virtual","19":"sold-individually","20":"purchasable","21":"product-type-simple"},"_links":{"self":[{"href":"https:\/\/gpl-love.com\/es\/wp-json\/wp\/v2\/product\/156801","targetHints":{"allow":["GET"]}}],"collection":[{"href":"https:\/\/gpl-love.com\/es\/wp-json\/wp\/v2\/product"}],"about":[{"href":"https:\/\/gpl-love.com\/es\/wp-json\/wp\/v2\/types\/product"}],"replies":[{"embeddable":true,"href":"https:\/\/gpl-love.com\/es\/wp-json\/wp\/v2\/comments?post=156801"}],"wp:featuredmedia":[{"embeddable":true,"href":"https:\/\/gpl-love.com\/es\/wp-json\/wp\/v2\/media\/169178"}],"wp:attachment":[{"href":"https:\/\/gpl-love.com\/es\/wp-json\/wp\/v2\/media?parent=156801"}],"wp:term":[{"taxonomy":"product_brand","embeddable":true,"href":"https:\/\/gpl-love.com\/es\/wp-json\/wp\/v2\/product_brand?post=156801"},{"taxonomy":"product_cat","embeddable":true,"href":"https:\/\/gpl-love.com\/es\/wp-json\/wp\/v2\/product_cat?post=156801"},{"taxonomy":"product_tag","embeddable":true,"href":"https:\/\/gpl-love.com\/es\/wp-json\/wp\/v2\/product_tag?post=156801"}],"curies":[{"name":"wp","href":"https:\/\/api.w.org\/{rel}","templated":true}]}}