{"id":156799,"date":"2024-04-01T00:00:00","date_gmt":"2024-04-01T05:00:00","guid":{"rendered":"https:\/\/gpl-love.com\/es\/producto\/motopress-bimba\/"},"modified":"2026-03-13T17:36:56","modified_gmt":"2026-03-13T22:36:56","slug":"motopress-bimba","status":"publish","type":"product","link":"https:\/\/gpl-love.com\/es\/producto\/motopress-bimba\/","title":{"rendered":"MotoPress Bimba 1.0.4"},"content":{"rendered":"<h3>MotoPress Bimba Caracteristicas<\/h3>\n<p>Desarrollado espec\u00edficamente para el nuevo editor de bloques de WordPress, Bimba MotoPress SEO es totalmente compatible con el plugin Getwid, ofreciendo una colecci\u00f3n de bloques Gutenberg listos para usar. Con Bimba SEO MotoPress, tu tienda online no solo lucir\u00e1 espectacular, sino que tambi\u00e9n tendr\u00e1 un excelente rendimiento en los buscadores.<\/p>\n<p>Optimizaci\u00f3n: Bimba MotoPress le da a tu sitio web una ventaja competitiva, facilitando que los clientes potenciales encuentren tu tienda. La funci\u00f3n MotoPress SEO de Bimba garantiza que tus productos sean f\u00e1cilmente visibles online.<\/p>\n<ul>\n<li>Optimizado para la venta de textiles infantiles y para el hogar, ropa infantil hecha a mano, juguetes de comercio justo, decoraci\u00f3n y otros art\u00edculos \u00fanicos hechos a mano.<\/li>\n<li>Plataforma con un dise\u00f1o atractivo, despejada y ligera.<\/li>\n<li>Excelentes opciones de edici\u00f3n de contenido.<\/li>\n<li>Desarrollado espec\u00edficamente para el nuevo editor de bloques de WordPress.<\/li>\n<li>Totalmente compatible con el plugin Getwid.<\/li>\n<li>Ofrece una colecci\u00f3n de bloques Gutenberg listos para usar.<\/li>\n<li>Garantiza un excelente rendimiento en el posicionamiento en buscadores.<\/li>\n<li>Le da a tu sitio web una ventaja SEO, facilitando que los clientes potenciales encuentren tu tienda.<\/li>\n<li>Garantiza que tus productos sean f\u00e1cilmente detectables en l\u00ednea.<\/li>\n<li>La soluci\u00f3n definitiva para cualquier tienda online de artesan\u00eda y productos hechos a mano que busque mejorar su SEO.<\/li>\n<\/ul>\n","protected":false},"excerpt":{"rendered":"<p>Descubre el poder de MotoPress Bimba, un tema WooCommerce para tiendas de artesan\u00edas y productos hechos a mano, optimizado para vender textiles para ni\u00f1os y el hogar, ropa infantil hecha a mano, juguetes de comercio justo, decoraci\u00f3n y otros art\u00edculos \u00fanicos hechos a mano. Bimba MotoPress ofrece una plataforma elegante, sencilla y ligera que destaca por sus opciones de edici\u00f3n de contenido.<\/p>\n","protected":false},"featured_media":169177,"comment_status":"open","ping_status":"open","template":"","meta":[],"product_brand":[2681],"product_cat":[1263,1264,1237],"product_tag":[2319],"class_list":{"0":"post-156799","1":"product","2":"type-product","3":"status-publish","4":"has-post-thumbnail","6":"product_brand-motopress","7":"product_cat-comercio-electronico-temas","8":"product_cat-negocio","9":"product_cat-temas","10":"product_tag-motopress","11":"member-discount","12":"discount-restricted","14":"first","15":"instock","16":"sale","17":"downloadable","18":"virtual","19":"sold-individually","20":"purchasable","21":"product-type-simple"},"_links":{"self":[{"href":"https:\/\/gpl-love.com\/es\/wp-json\/wp\/v2\/product\/156799","targetHints":{"allow":["GET"]}}],"collection":[{"href":"https:\/\/gpl-love.com\/es\/wp-json\/wp\/v2\/product"}],"about":[{"href":"https:\/\/gpl-love.com\/es\/wp-json\/wp\/v2\/types\/product"}],"replies":[{"embeddable":true,"href":"https:\/\/gpl-love.com\/es\/wp-json\/wp\/v2\/comments?post=156799"}],"wp:featuredmedia":[{"embeddable":true,"href":"https:\/\/gpl-love.com\/es\/wp-json\/wp\/v2\/media\/169177"}],"wp:attachment":[{"href":"https:\/\/gpl-love.com\/es\/wp-json\/wp\/v2\/media?parent=156799"}],"wp:term":[{"taxonomy":"product_brand","embeddable":true,"href":"https:\/\/gpl-love.com\/es\/wp-json\/wp\/v2\/product_brand?post=156799"},{"taxonomy":"product_cat","embeddable":true,"href":"https:\/\/gpl-love.com\/es\/wp-json\/wp\/v2\/product_cat?post=156799"},{"taxonomy":"product_tag","embeddable":true,"href":"https:\/\/gpl-love.com\/es\/wp-json\/wp\/v2\/product_tag?post=156799"}],"curies":[{"name":"wp","href":"https:\/\/api.w.org\/{rel}","templated":true}]}}