{"id":156797,"date":"2024-04-01T00:00:00","date_gmt":"2024-04-01T05:00:00","guid":{"rendered":"https:\/\/gpl-love.com\/es\/producto\/motopress-artwork\/"},"modified":"2026-03-13T17:36:55","modified_gmt":"2026-03-13T22:36:55","slug":"motopress-artwork","status":"publish","type":"product","link":"https:\/\/gpl-love.com\/es\/producto\/motopress-artwork\/","title":{"rendered":"MotoPress Artwork 1.5.2"},"content":{"rendered":"<h3>MotoPress Artwork Caracteristicas<\/h3>\n<ul>\n<li>Exquisitas obras de arte de MotoPress que combinan creatividad e innovaci\u00f3n<\/li>\n<li>Constantemente en el primer puesto de su categor\u00eda<\/li>\n<li>Dise\u00f1os \u00fanicos y detalles intrincados<\/li>\n<li>Ideal para amantes del arte<\/li>\n<li>Perfecto para dise\u00f1adores de interiores<\/li>\n<li>Extraordinario atractivo visual<\/li>\n<li>Brillantez art\u00edstica<\/li>\n<li>Realza cualquier espacio sin esfuerzo<\/li>\n<li>Producci\u00f3n art\u00edstica de alta calidad<\/li>\n<li>Amplia gama de dise\u00f1os para elegir<\/li>\n<\/ul>\n","protected":false},"excerpt":{"rendered":"<p>Descubra la exquisita obra de arte de MotoPress, que combina a la perfecci\u00f3n creatividad e innovaci\u00f3n. Sum\u00e9rjase en la impresionante obra de arte de MotoPress, que constantemente se posiciona como la mejor en su categor\u00eda. Los dise\u00f1os \u00fanicos y los intrincados detalles de las obras de arte de MotoPress las distinguen en el mercado, convirti\u00e9ndolas en una herramienta imprescindible tanto para amantes del arte como para dise\u00f1adores de interiores. Experimente hoy mismo el extraordinario atractivo visual y la brillantez art\u00edstica de MotoPress Artwork.<\/p>\n","protected":false},"featured_media":169176,"comment_status":"open","ping_status":"open","template":"","meta":[],"product_brand":[2681],"product_cat":[1267,1237,1238],"product_tag":[2319],"class_list":{"0":"post-156797","1":"product","2":"type-product","3":"status-publish","4":"has-post-thumbnail","6":"product_brand-motopress","7":"product_cat-creativo","8":"product_cat-temas","9":"product_cat-wordpress-temas","10":"product_tag-motopress","11":"member-discount","12":"discount-restricted","14":"first","15":"instock","16":"sale","17":"downloadable","18":"virtual","19":"sold-individually","20":"purchasable","21":"product-type-simple"},"_links":{"self":[{"href":"https:\/\/gpl-love.com\/es\/wp-json\/wp\/v2\/product\/156797","targetHints":{"allow":["GET"]}}],"collection":[{"href":"https:\/\/gpl-love.com\/es\/wp-json\/wp\/v2\/product"}],"about":[{"href":"https:\/\/gpl-love.com\/es\/wp-json\/wp\/v2\/types\/product"}],"replies":[{"embeddable":true,"href":"https:\/\/gpl-love.com\/es\/wp-json\/wp\/v2\/comments?post=156797"}],"wp:featuredmedia":[{"embeddable":true,"href":"https:\/\/gpl-love.com\/es\/wp-json\/wp\/v2\/media\/169176"}],"wp:attachment":[{"href":"https:\/\/gpl-love.com\/es\/wp-json\/wp\/v2\/media?parent=156797"}],"wp:term":[{"taxonomy":"product_brand","embeddable":true,"href":"https:\/\/gpl-love.com\/es\/wp-json\/wp\/v2\/product_brand?post=156797"},{"taxonomy":"product_cat","embeddable":true,"href":"https:\/\/gpl-love.com\/es\/wp-json\/wp\/v2\/product_cat?post=156797"},{"taxonomy":"product_tag","embeddable":true,"href":"https:\/\/gpl-love.com\/es\/wp-json\/wp\/v2\/product_tag?post=156797"}],"curies":[{"name":"wp","href":"https:\/\/api.w.org\/{rel}","templated":true}]}}