{"id":156795,"date":"2024-04-01T00:00:00","date_gmt":"2024-04-01T05:00:00","guid":{"rendered":"https:\/\/gpl-love.com\/es\/producto\/motopress-image-hotspot\/"},"modified":"2026-03-09T08:45:52","modified_gmt":"2026-03-09T13:45:52","slug":"motopress-image-hotspot","status":"publish","type":"product","link":"https:\/\/gpl-love.com\/es\/producto\/motopress-image-hotspot\/","title":{"rendered":"MotoPress Image Hotspot 1.4.2"},"content":{"rendered":"<h3>MotoPress Image Hotspot Caracteristicas<\/h3>\n<p>Ideal para rese\u00f1as de productos, gu\u00edas visuales e instrucciones, la herramienta MotoPress Hotspot ofrece una forma din\u00e1mica de describir cualquier parte de una imagen. Con la capacidad de a\u00f1adir una capa interactiva a tus im\u00e1genes, el complemento MotoPress Image Hotspot da vida a tu contenido, aumentando la interacci\u00f3n y optimizando la experiencia del usuario.<\/p>\n<p>Descubre el poder de la interactividad con MotoPress Image Hotspot: una herramienta imprescindible para cualquier creador de contenido que busque mejorar su contenido visual y mejorar su posicionamiento SEO.<\/p>\n<ul>\n<li>Mejora el contenido visual convirtiendo im\u00e1genes est\u00e1ndar en experiencias interactivas.<\/li>\n<li>Dise\u00f1ado espec\u00edficamente para el editor de contenido de MotoPress.<\/li>\n<li>Permite la integraci\u00f3n de punteros animados con informaci\u00f3n sobre herramientas sobre las im\u00e1genes.<\/li>\n<li>Hace que las im\u00e1genes sean m\u00e1s informativas y atractivas.<\/li>\n<li>Ideal para rese\u00f1as de productos, gu\u00edas visuales e instrucciones.<\/li>\n<li>Proporciona una forma din\u00e1mica de describir cualquier parte de una imagen.<\/li>\n<li>A\u00f1ade una capa interactiva a las im\u00e1genes, dando vida al contenido.<\/li>\n<li>Aumenta la interacci\u00f3n y mejora la experiencia del usuario.<\/li>\n<li>Mejora el contenido visual y mejora el posicionamiento SEO.<\/li>\n<li>Una herramienta imprescindible para cualquier creador de contenido.<\/li>\n<\/ul>\n","protected":false},"excerpt":{"rendered":"<p>Mejore su contenido visual con el complemento MotoPress Image Hotspot. Esta innovadora herramienta, dise\u00f1ada espec\u00edficamente para el Editor de Contenido de MotoPress, convierte sus im\u00e1genes est\u00e1ndar en experiencias interactivas. Image Hotspot de MotoPress permite integrar punteros animados con informaci\u00f3n sobre herramientas sobre las im\u00e1genes, lo que las hace m\u00e1s informativas y atractivas.<\/p>\n","protected":false},"featured_media":169175,"comment_status":"open","ping_status":"open","template":"","meta":[],"product_brand":[2681],"product_cat":[1214,1206,1211],"product_tag":[2319],"class_list":{"0":"post-156795","1":"product","2":"type-product","3":"status-publish","4":"has-post-thumbnail","6":"product_brand-motopress","7":"product_cat-personalizacion","8":"product_cat-plugins","9":"product_cat-wordpress-plugins","10":"product_tag-motopress","11":"member-discount","12":"discount-restricted","14":"first","15":"instock","16":"sale","17":"downloadable","18":"virtual","19":"sold-individually","20":"purchasable","21":"product-type-simple"},"_links":{"self":[{"href":"https:\/\/gpl-love.com\/es\/wp-json\/wp\/v2\/product\/156795","targetHints":{"allow":["GET"]}}],"collection":[{"href":"https:\/\/gpl-love.com\/es\/wp-json\/wp\/v2\/product"}],"about":[{"href":"https:\/\/gpl-love.com\/es\/wp-json\/wp\/v2\/types\/product"}],"replies":[{"embeddable":true,"href":"https:\/\/gpl-love.com\/es\/wp-json\/wp\/v2\/comments?post=156795"}],"wp:featuredmedia":[{"embeddable":true,"href":"https:\/\/gpl-love.com\/es\/wp-json\/wp\/v2\/media\/169175"}],"wp:attachment":[{"href":"https:\/\/gpl-love.com\/es\/wp-json\/wp\/v2\/media?parent=156795"}],"wp:term":[{"taxonomy":"product_brand","embeddable":true,"href":"https:\/\/gpl-love.com\/es\/wp-json\/wp\/v2\/product_brand?post=156795"},{"taxonomy":"product_cat","embeddable":true,"href":"https:\/\/gpl-love.com\/es\/wp-json\/wp\/v2\/product_cat?post=156795"},{"taxonomy":"product_tag","embeddable":true,"href":"https:\/\/gpl-love.com\/es\/wp-json\/wp\/v2\/product_tag?post=156795"}],"curies":[{"name":"wp","href":"https:\/\/api.w.org\/{rel}","templated":true}]}}