{"id":156791,"date":"2024-04-01T00:00:00","date_gmt":"2024-04-01T05:00:00","guid":{"rendered":"https:\/\/gpl-love.com\/es\/producto\/motopress-restaurant-menu-toppings\/"},"modified":"2026-03-09T08:45:49","modified_gmt":"2026-03-09T13:45:49","slug":"motopress-restaurant-menu-toppings","status":"publish","type":"product","link":"https:\/\/gpl-love.com\/es\/producto\/motopress-restaurant-menu-toppings\/","title":{"rendered":"MotoPress Restaurant Menu Toppings 1.1.5"},"content":{"rendered":"<h3>MotoPress Restaurant Menu Toppings Caracteristicas<\/h3>\n<p>Una de las caracter\u00edsticas principales de este complemento son los horarios de entrega seleccionables que ofrece MotoPress Restaurant Toppings, lo que garantiza que tus clientes reciban sus platos justo cuando los desean. MotoPress Menu Toppings tambi\u00e9n incluye un formulario de env\u00edo de pedidos avanzado, lo que facilita a tus clientes realizar sus pedidos.<\/p>\n<p>Adem\u00e1s, el complemento MotoPress Restaurant Menu Delivery tambi\u00e9n ofrece opciones de entrega gratuitas y de pago. As\u00ed, puedes elegir la opci\u00f3n que mejor se adapte a tu modelo de negocio.<\/p>\n<ul>\n<li>Integraci\u00f3n perfecta con el plugin MotoPress Restaurant Menu<\/li>\n<li>Aumenta el potencial de ventas online<\/li>\n<li>Ofrece opciones de entrega a domicilio y recogida<\/li>\n<li>Funci\u00f3n MotoPress de ingredientes para el men\u00fa que ofrece una amplia selecci\u00f3n de ingredientes<\/li>\n<li>Horarios de entrega seleccionables para la comodidad del cliente<\/li>\n<li>Formulario avanzado de pedidos para facilitar su pedido<\/li>\n<li>Opciones de entrega gratuita y de pago<\/li>\n<li>Flexibilidad para elegir la opci\u00f3n que mejor se adapte a su modelo de negocio<\/li>\n<li>Esencial para cualquier restaurante que busque impulsar su servicio digital<\/li>\n<li>Aumenta la satisfacci\u00f3n del cliente con comidas entregadas justo cuando las necesitan<\/li>\n<\/ul>\n","protected":false},"excerpt":{"rendered":"<p>Impulsa tu servicio de comida digital con el complemento de entrega de men\u00fas de restaurante de MotoPress, dise\u00f1ado para integrarse a la perfecci\u00f3n con tu plugin de men\u00fa de restaurante de MotoPress. Este complemento no solo aumenta tu potencial de ventas online, sino que tambi\u00e9n ofrece opciones de entrega y recogida para satisfacer las diversas necesidades de tus clientes. No te pierdas la funci\u00f3n de ingredientes de men\u00fa de MotoPress, que ofrece una amplia selecci\u00f3n de ingredientes para tus platos.<\/p>\n","protected":false},"featured_media":169173,"comment_status":"open","ping_status":"open","template":"","meta":[],"product_brand":[2681],"product_cat":[1214,1206,1211],"product_tag":[2319],"class_list":{"0":"post-156791","1":"product","2":"type-product","3":"status-publish","4":"has-post-thumbnail","6":"product_brand-motopress","7":"product_cat-personalizacion","8":"product_cat-plugins","9":"product_cat-wordpress-plugins","10":"product_tag-motopress","11":"member-discount","12":"discount-restricted","14":"first","15":"instock","16":"sale","17":"downloadable","18":"virtual","19":"sold-individually","20":"purchasable","21":"product-type-simple"},"_links":{"self":[{"href":"https:\/\/gpl-love.com\/es\/wp-json\/wp\/v2\/product\/156791","targetHints":{"allow":["GET"]}}],"collection":[{"href":"https:\/\/gpl-love.com\/es\/wp-json\/wp\/v2\/product"}],"about":[{"href":"https:\/\/gpl-love.com\/es\/wp-json\/wp\/v2\/types\/product"}],"replies":[{"embeddable":true,"href":"https:\/\/gpl-love.com\/es\/wp-json\/wp\/v2\/comments?post=156791"}],"wp:featuredmedia":[{"embeddable":true,"href":"https:\/\/gpl-love.com\/es\/wp-json\/wp\/v2\/media\/169173"}],"wp:attachment":[{"href":"https:\/\/gpl-love.com\/es\/wp-json\/wp\/v2\/media?parent=156791"}],"wp:term":[{"taxonomy":"product_brand","embeddable":true,"href":"https:\/\/gpl-love.com\/es\/wp-json\/wp\/v2\/product_brand?post=156791"},{"taxonomy":"product_cat","embeddable":true,"href":"https:\/\/gpl-love.com\/es\/wp-json\/wp\/v2\/product_cat?post=156791"},{"taxonomy":"product_tag","embeddable":true,"href":"https:\/\/gpl-love.com\/es\/wp-json\/wp\/v2\/product_tag?post=156791"}],"curies":[{"name":"wp","href":"https:\/\/api.w.org\/{rel}","templated":true}]}}