{"id":156789,"date":"2024-04-01T00:00:00","date_gmt":"2024-04-01T05:00:00","guid":{"rendered":"https:\/\/gpl-love.com\/es\/producto\/motopress-restaurant-menu-delivery\/"},"modified":"2026-03-09T08:45:48","modified_gmt":"2026-03-09T13:45:48","slug":"motopress-restaurant-menu-delivery","status":"publish","type":"product","link":"https:\/\/gpl-love.com\/es\/producto\/motopress-restaurant-menu-delivery\/","title":{"rendered":"MotoPress Restaurant Menu Delivery 1.1.5"},"content":{"rendered":"<h3>MotoPress Restaurant Menu Delivery Caracteristicas<\/h3>\n<p>Con el Servicio de Entrega a Restaurantes MotoPress, disfrute de la ventaja de los formularios de env\u00edo de pedidos avanzados, lo que garantiza un proceso de pedido \u00e1gil y sin complicaciones. Elija entre opciones de entrega gratuitas o de pago seg\u00fan su conveniencia. Mejore su experiencia gastron\u00f3mica con nuestro servicio de Entrega en L\u00ednea MotoPress, dise\u00f1ado para satisfacer las necesidades de entrega del men\u00fa de su restaurante. Descubra el futuro de la entrega de men\u00fas en l\u00ednea con MotoPress Delivery.<\/p>\n<ul>\n<li>Comodidad total con el servicio de entrega de men\u00fas de restaurante de MotoPress<\/li>\n<li>Una incorporaci\u00f3n \u00fanica al plugin gratuito de men\u00fas de restaurante de MotoPress<\/li>\n<li>Interfaz intuitiva para realizar pedidos f\u00e1cilmente<\/li>\n<li>Flexibilidad para elegir los horarios de entrega preferidos<\/li>\n<li>Ventaja adicional de los formularios de env\u00edo de pedidos avanzados<\/li>\n<li>Proceso de pedido \u00e1gil y sin complicaciones<\/li>\n<li>Opciones de entrega gratuita o de pago seg\u00fan la conveniencia del usuario<\/li>\n<li>Experiencia gastron\u00f3mica mejorada con el servicio de entrega en l\u00ednea de MotoPress<\/li>\n<li>Dise\u00f1ado para satisfacer las necesidades de entrega de men\u00fas de restaurantes<\/li>\n<li>El futuro de la entrega de men\u00fas en l\u00ednea con MotoPress Delivery<\/li>\n<\/ul>\n","protected":false},"excerpt":{"rendered":"<p>Experimente la comodidad del servicio de entrega de men\u00fas de restaurante de MotoPress. Mejore su experiencia gastron\u00f3mica con la funci\u00f3n de entrega de MotoPress, una adici\u00f3n \u00fanica al plugin gratuito de men\u00fas de restaurante de MotoPress. Nuestro servicio de entrega de men\u00fas en l\u00ednea no solo ofrece una interfaz intuitiva para realizar pedidos f\u00e1cilmente, sino que tambi\u00e9n le ofrece la flexibilidad de elegir sus horarios de entrega preferidos.<\/p>\n","protected":false},"featured_media":169172,"comment_status":"open","ping_status":"open","template":"","meta":[],"product_brand":[2681],"product_cat":[1214,1206,1211],"product_tag":[2319],"class_list":{"0":"post-156789","1":"product","2":"type-product","3":"status-publish","4":"has-post-thumbnail","6":"product_brand-motopress","7":"product_cat-personalizacion","8":"product_cat-plugins","9":"product_cat-wordpress-plugins","10":"product_tag-motopress","11":"member-discount","12":"discount-restricted","14":"first","15":"instock","16":"sale","17":"downloadable","18":"virtual","19":"sold-individually","20":"purchasable","21":"product-type-simple"},"_links":{"self":[{"href":"https:\/\/gpl-love.com\/es\/wp-json\/wp\/v2\/product\/156789","targetHints":{"allow":["GET"]}}],"collection":[{"href":"https:\/\/gpl-love.com\/es\/wp-json\/wp\/v2\/product"}],"about":[{"href":"https:\/\/gpl-love.com\/es\/wp-json\/wp\/v2\/types\/product"}],"replies":[{"embeddable":true,"href":"https:\/\/gpl-love.com\/es\/wp-json\/wp\/v2\/comments?post=156789"}],"wp:featuredmedia":[{"embeddable":true,"href":"https:\/\/gpl-love.com\/es\/wp-json\/wp\/v2\/media\/169172"}],"wp:attachment":[{"href":"https:\/\/gpl-love.com\/es\/wp-json\/wp\/v2\/media?parent=156789"}],"wp:term":[{"taxonomy":"product_brand","embeddable":true,"href":"https:\/\/gpl-love.com\/es\/wp-json\/wp\/v2\/product_brand?post=156789"},{"taxonomy":"product_cat","embeddable":true,"href":"https:\/\/gpl-love.com\/es\/wp-json\/wp\/v2\/product_cat?post=156789"},{"taxonomy":"product_tag","embeddable":true,"href":"https:\/\/gpl-love.com\/es\/wp-json\/wp\/v2\/product_tag?post=156789"}],"curies":[{"name":"wp","href":"https:\/\/api.w.org\/{rel}","templated":true}]}}