{"id":156785,"date":"2025-09-09T00:00:00","date_gmt":"2025-09-09T05:00:00","guid":{"rendered":"https:\/\/gpl-love.com\/es\/producto\/motopress-hotel-booking-reviews\/"},"modified":"2026-03-09T08:45:45","modified_gmt":"2026-03-09T13:45:45","slug":"motopress-hotel-booking-reviews","status":"publish","type":"product","link":"https:\/\/gpl-love.com\/es\/producto\/motopress-hotel-booking-reviews\/","title":{"rendered":"MotoPress Hotel Booking Reviews 1.2.8"},"content":{"rendered":"<h3>MotoPress Hotel Booking Reviews Caracteristicas<\/h3>\n<p>Explora las rese\u00f1as de MotoPress Hotel Booking y descubre c\u00f3mo el sistema de calificaci\u00f3n de cinco estrellas, los criterios de calificaci\u00f3n personalizados ilimitados y la integraci\u00f3n perfecta con el sistema de comentarios nativo de WordPress para una f\u00e1cil moderaci\u00f3n han mejorado la experiencia del usuario. Los comentarios sobre MotoPress Hotel Booking destacan constantemente estas caracter\u00edsticas como factores clave para optimizar la gesti\u00f3n de sitios web de alquiler de propiedades.<\/p>\n<p>Las opiniones de los usuarios y clientes de MotoPress Hotel Booking demuestran su eficacia y facilidad de uso. Aprovecha esta informaci\u00f3n para comprender por qu\u00e9 MotoPress Hotel Booking Reviews es la opci\u00f3n preferida para optimizar sitios web de alquiler de propiedades.<\/p>\n<ul>\n<li>Mejora la clasificaci\u00f3n y la reputaci\u00f3n de los sitios web de alquiler de propiedades<\/li>\n<li>Complemento para el plugin MotoPress Hotel Booking<\/li>\n<li>Muy valorado en las opiniones de usuarios y clientes<\/li>\n<li>Permite a los hu\u00e9spedes compartir experiencias mediante rese\u00f1as completas y valoraciones con estrellas<\/li>\n<li>Fomenta un entorno de confianza y transparencia<\/li>\n<li>Cuenta con un sistema de calificaci\u00f3n de cinco estrellas<\/li>\n<li>Ofrece criterios de calificaci\u00f3n personalizados ilimitados<\/li>\n<li>Integraci\u00f3n perfecta con el sistema de comentarios nativo de WordPress para una f\u00e1cil moderaci\u00f3n<\/li>\n<li>Optimiza la gesti\u00f3n de sitios web de alquiler de propiedades<\/li>\n<li>Eficacia y facilidad de uso comprobadas seg\u00fan las opiniones de usuarios y clientes<\/li>\n<\/ul>\n","protected":false},"excerpt":{"rendered":"<p>Mejore el posicionamiento y la reputaci\u00f3n de su sitio web de alquiler de propiedades con MotoPress Hotel Booking Reviews. Este complemento para el plugin MotoPress Hotel Booking ha recibido numerosos elogios entre los usuarios y las rese\u00f1as de clientes. Permite a los hu\u00e9spedes compartir su experiencia con MotoPress Hotel Booking mediante rese\u00f1as completas y valoraciones con estrellas, fomentando un ambiente de confianza y transparencia.<\/p>\n","protected":false},"featured_media":169170,"comment_status":"open","ping_status":"open","template":"","meta":[],"product_brand":[2681],"product_cat":[1232,1206,1211],"product_tag":[2319],"class_list":{"0":"post-156785","1":"product","2":"type-product","3":"status-publish","4":"has-post-thumbnail","6":"product_brand-motopress","7":"product_cat-marketing-wordpress-plugins","8":"product_cat-plugins","9":"product_cat-wordpress-plugins","10":"product_tag-motopress","11":"member-discount","12":"discount-restricted","14":"first","15":"instock","16":"sale","17":"downloadable","18":"virtual","19":"sold-individually","20":"purchasable","21":"product-type-simple"},"_links":{"self":[{"href":"https:\/\/gpl-love.com\/es\/wp-json\/wp\/v2\/product\/156785","targetHints":{"allow":["GET"]}}],"collection":[{"href":"https:\/\/gpl-love.com\/es\/wp-json\/wp\/v2\/product"}],"about":[{"href":"https:\/\/gpl-love.com\/es\/wp-json\/wp\/v2\/types\/product"}],"replies":[{"embeddable":true,"href":"https:\/\/gpl-love.com\/es\/wp-json\/wp\/v2\/comments?post=156785"}],"wp:featuredmedia":[{"embeddable":true,"href":"https:\/\/gpl-love.com\/es\/wp-json\/wp\/v2\/media\/169170"}],"wp:attachment":[{"href":"https:\/\/gpl-love.com\/es\/wp-json\/wp\/v2\/media?parent=156785"}],"wp:term":[{"taxonomy":"product_brand","embeddable":true,"href":"https:\/\/gpl-love.com\/es\/wp-json\/wp\/v2\/product_brand?post=156785"},{"taxonomy":"product_cat","embeddable":true,"href":"https:\/\/gpl-love.com\/es\/wp-json\/wp\/v2\/product_cat?post=156785"},{"taxonomy":"product_tag","embeddable":true,"href":"https:\/\/gpl-love.com\/es\/wp-json\/wp\/v2\/product_tag?post=156785"}],"curies":[{"name":"wp","href":"https:\/\/api.w.org\/{rel}","templated":true}]}}