{"id":156783,"date":"2025-05-10T00:00:00","date_gmt":"2025-05-10T05:00:00","guid":{"rendered":"https:\/\/gpl-love.com\/es\/producto\/motopress-hotel-booking-multi-currency\/"},"modified":"2026-03-09T08:45:44","modified_gmt":"2026-03-09T13:45:44","slug":"motopress-hotel-booking-multi-currency","status":"publish","type":"product","link":"https:\/\/gpl-love.com\/es\/producto\/motopress-hotel-booking-multi-currency\/","title":{"rendered":"MotoPress Hotel Booking Multi-Currency 1.2.7"},"content":{"rendered":"<h3>MotoPress Hotel Booking Multi-Currency Caracteristicas<\/h3>\n<p>Este complemento de reservas de MotoPress admite un n\u00famero ilimitado de divisas, lo que le permite llegar a un mayor n\u00famero de clientes internacionales. Sus tipos de cambio personalizables garantizan conversiones precisas y actualizadas para sus hu\u00e9spedes. Adem\u00e1s, el widget de conversi\u00f3n se puede colocar estrat\u00e9gicamente en \u00e1reas clave de su sitio web, como men\u00fas de navegaci\u00f3n y zonas de widgets, para facilitar el acceso y mejorar la experiencia del usuario.<\/p>\n<p>Aproveche la funci\u00f3n Multidivisa para Hoteles y haga que su sitio web de alquiler de propiedades sea m\u00e1s intuitivo y accesible a nivel mundial con el complemento Multidivisa para Reservas de Hoteles de MotoPress.<\/p>\n<ul>\n<li>Dise\u00f1ado espec\u00edficamente para el plugin MotoPress Hotel Booking.<\/li>\n<li>Proporciona un widget multidivisa para una f\u00e1cil integraci\u00f3n en sitios web de alquiler de propiedades.<\/li>\n<li>Permite a los hu\u00e9spedes internacionales cambiar a su moneda local, agilizando el proceso de reserva.<\/li>\n<li>Admite un n\u00famero ilimitado de divisas, lo que mejora el alcance a clientes globales.<\/li>\n<li>Incluye tipos de cambio personalizables para conversiones precisas.<\/li>\n<li>Conversiones de divisas actualizadas para la comodidad de los hu\u00e9spedes.<\/li>\n<li>El widget de conversi\u00f3n se puede colocar en \u00e1reas clave del sitio web, como men\u00fas de navegaci\u00f3n y zonas de widgets.<\/li>\n<li>Mejora la experiencia del usuario al ofrecer un f\u00e1cil acceso al convertidor de divisas.<\/li>\n<li>Hace que los sitios web de alquiler de propiedades sean m\u00e1s intuitivos.<\/li>\n<li>Aumenta la accesibilidad global de los sitios web de alquiler.<\/li>\n<\/ul>\n","protected":false},"excerpt":{"rendered":"<p>Mejore su experiencia de reserva de hotel online con nuestro complemento MotoPress Hotel Booking Multi-Currency. Dise\u00f1ado espec\u00edficamente para el plugin MotoPress Hotel Booking, este complemento ofrece un widget multidivisa que se integra a la perfecci\u00f3n en su sitio web de alquiler de propiedades. Con la funci\u00f3n MotoPress Multi-Currency, los hu\u00e9spedes internacionales pueden cambiar f\u00e1cilmente a su moneda local, agilizando el proceso de reserva.<\/p>\n","protected":false},"featured_media":169169,"comment_status":"open","ping_status":"open","template":"","meta":[],"product_brand":[2681],"product_cat":[1214,1206,1211],"product_tag":[2319],"class_list":{"0":"post-156783","1":"product","2":"type-product","3":"status-publish","4":"has-post-thumbnail","6":"product_brand-motopress","7":"product_cat-personalizacion","8":"product_cat-plugins","9":"product_cat-wordpress-plugins","10":"product_tag-motopress","11":"member-discount","12":"discount-restricted","14":"first","15":"instock","16":"sale","17":"downloadable","18":"virtual","19":"sold-individually","20":"purchasable","21":"product-type-simple"},"_links":{"self":[{"href":"https:\/\/gpl-love.com\/es\/wp-json\/wp\/v2\/product\/156783","targetHints":{"allow":["GET"]}}],"collection":[{"href":"https:\/\/gpl-love.com\/es\/wp-json\/wp\/v2\/product"}],"about":[{"href":"https:\/\/gpl-love.com\/es\/wp-json\/wp\/v2\/types\/product"}],"replies":[{"embeddable":true,"href":"https:\/\/gpl-love.com\/es\/wp-json\/wp\/v2\/comments?post=156783"}],"wp:featuredmedia":[{"embeddable":true,"href":"https:\/\/gpl-love.com\/es\/wp-json\/wp\/v2\/media\/169169"}],"wp:attachment":[{"href":"https:\/\/gpl-love.com\/es\/wp-json\/wp\/v2\/media?parent=156783"}],"wp:term":[{"taxonomy":"product_brand","embeddable":true,"href":"https:\/\/gpl-love.com\/es\/wp-json\/wp\/v2\/product_brand?post=156783"},{"taxonomy":"product_cat","embeddable":true,"href":"https:\/\/gpl-love.com\/es\/wp-json\/wp\/v2\/product_cat?post=156783"},{"taxonomy":"product_tag","embeddable":true,"href":"https:\/\/gpl-love.com\/es\/wp-json\/wp\/v2\/product_tag?post=156783"}],"curies":[{"name":"wp","href":"https:\/\/api.w.org\/{rel}","templated":true}]}}