{"id":156781,"date":"2025-09-09T00:00:00","date_gmt":"2025-09-09T05:00:00","guid":{"rendered":"https:\/\/gpl-love.com\/es\/producto\/motopress-hotel-booking-pdf-invoices\/"},"modified":"2026-03-09T08:45:43","modified_gmt":"2026-03-09T13:45:43","slug":"motopress-hotel-booking-pdf-invoices","status":"publish","type":"product","link":"https:\/\/gpl-love.com\/es\/producto\/motopress-hotel-booking-pdf-invoices\/","title":{"rendered":"MotoPress Hotel Booking PDF Invoices 1.5.2"},"content":{"rendered":"<h3>MotoPress Hotel Booking PDF Invoices Caracteristicas<\/h3>\n<p>Este complemento PDF para hoteles de MotoPress garantiza la entrega fluida y automatizada de facturas PDF de reservas de hotel a sus hu\u00e9spedes tras la confirmaci\u00f3n. \u00a1Y no se queda ah\u00ed! El complemento tambi\u00e9n proporciona una plataforma accesible para ver, descargar e imprimir facturas desde el panel de administraci\u00f3n. Optimice su proceso de reservas de hotel con el complemento Facturas PDF para reservas de hotel de MotoPress: una combinaci\u00f3n perfecta de eficiencia y comodidad.<\/p>\n<ul>\n<li>Integraci\u00f3n perfecta con el plugin MotoPress Hotel Booking<\/li>\n<li>Automatizaci\u00f3n del env\u00edo de facturas en PDF por correo electr\u00f3nico a los hu\u00e9spedes<\/li>\n<li>Plantillas de facturas personalizables<\/li>\n<li>Incorporaci\u00f3n de la imagen corporativa en las facturas<\/li>\n<li>Inclusi\u00f3n de la informaci\u00f3n legal necesaria en las facturas<\/li>\n<li>Entrega fluida y automatizada de facturas en PDF tras la confirmaci\u00f3n de la reserva<\/li>\n<li>Plataforma accesible para consultar facturas<\/li>\n<li>Descarga sencilla de facturas desde el panel de administraci\u00f3n<\/li>\n<li>Opci\u00f3n pr\u00e1ctica de impresi\u00f3n de facturas<\/li>\n<li>Una combinaci\u00f3n perfecta de eficiencia y comodidad para las reservas de hotel<\/li>\n<\/ul>\n","protected":false},"excerpt":{"rendered":"<p>Impulse la eficiencia de su hotel con el complemento MotoPress Hotel Booking PDF Invoices. Esta herramienta \u00fanica se integra a la perfecci\u00f3n con el plugin MotoPress Hotel Booking, revolucionando el proceso de facturaci\u00f3n de sus reservas de hotel. Con MotoPress PDF Invoices, no solo puede automatizar el env\u00edo de facturas PDF por correo electr\u00f3nico a sus hu\u00e9spedes, sino que tambi\u00e9n puede personalizar sus plantillas de facturas, incluyendo la imagen de marca de su empresa y la informaci\u00f3n legal necesaria.<\/p>\n","protected":false},"featured_media":169168,"comment_status":"open","ping_status":"open","template":"","meta":[],"product_brand":[2681],"product_cat":[1212,1206,1211],"product_tag":[2319],"class_list":{"0":"post-156781","1":"product","2":"type-product","3":"status-publish","4":"has-post-thumbnail","6":"product_brand-motopress","7":"product_cat-administracion-wordpress-plugins","8":"product_cat-plugins","9":"product_cat-wordpress-plugins","10":"product_tag-motopress","11":"member-discount","12":"discount-restricted","14":"first","15":"instock","16":"sale","17":"downloadable","18":"virtual","19":"sold-individually","20":"purchasable","21":"product-type-simple"},"_links":{"self":[{"href":"https:\/\/gpl-love.com\/es\/wp-json\/wp\/v2\/product\/156781","targetHints":{"allow":["GET"]}}],"collection":[{"href":"https:\/\/gpl-love.com\/es\/wp-json\/wp\/v2\/product"}],"about":[{"href":"https:\/\/gpl-love.com\/es\/wp-json\/wp\/v2\/types\/product"}],"replies":[{"embeddable":true,"href":"https:\/\/gpl-love.com\/es\/wp-json\/wp\/v2\/comments?post=156781"}],"wp:featuredmedia":[{"embeddable":true,"href":"https:\/\/gpl-love.com\/es\/wp-json\/wp\/v2\/media\/169168"}],"wp:attachment":[{"href":"https:\/\/gpl-love.com\/es\/wp-json\/wp\/v2\/media?parent=156781"}],"wp:term":[{"taxonomy":"product_brand","embeddable":true,"href":"https:\/\/gpl-love.com\/es\/wp-json\/wp\/v2\/product_brand?post=156781"},{"taxonomy":"product_cat","embeddable":true,"href":"https:\/\/gpl-love.com\/es\/wp-json\/wp\/v2\/product_cat?post=156781"},{"taxonomy":"product_tag","embeddable":true,"href":"https:\/\/gpl-love.com\/es\/wp-json\/wp\/v2\/product_tag?post=156781"}],"curies":[{"name":"wp","href":"https:\/\/api.w.org\/{rel}","templated":true}]}}