{"id":156777,"date":"2024-04-01T00:00:00","date_gmt":"2024-04-01T05:00:00","guid":{"rendered":"https:\/\/gpl-love.com\/es\/producto\/motopress-video\/"},"modified":"2026-03-09T08:45:41","modified_gmt":"2026-03-09T13:45:41","slug":"motopress-video","status":"publish","type":"product","link":"https:\/\/gpl-love.com\/es\/producto\/motopress-video\/","title":{"rendered":"MotoPress Video 1.3.2"},"content":{"rendered":"<h3>MotoPress Video Caracteristicas<\/h3>\n<p>Con la edici\u00f3n de video de MotoPress, puedes crear una experiencia de video inmersiva para los visitantes de tu sitio web. Con el complemento MotoPress Video, tendr\u00e1s las herramientas para crear contenido de video atractivo e interactivo que puede mejorar tu posicionamiento SEO.<\/p>\n<p>Recuerda: un contenido de video bien optimizado y atractivo es una herramienta poderosa para el posicionamiento SEO. \u00bfA qu\u00e9 esperas? Empieza a usar MotoPress Video hoy mismo.<\/p>\n<ul>\n<li>Ampl\u00eda las capacidades interactivas del sitio web.<\/li>\n<li>Incluye dos widgets \u00fanicos: Presentaci\u00f3n de video y Lightbox de video.<\/li>\n<li>Permite una integraci\u00f3n fluida con videos alojados en plataformas propias, YouTube y Vimeo.<\/li>\n<li>Ofrece la funci\u00f3n de arrastrar y soltar para un uso sencillo.<\/li>\n<li>Simplifica la presentaci\u00f3n de servicios, productos y portafolios.<\/li>\n<li>Mejora la est\u00e9tica del sitio web y la experiencia del usuario.<\/li>\n<li>Crea una experiencia de video inmersiva para los visitantes del sitio web.<\/li>\n<li>Proporciona herramientas para crear contenido de video atractivo e interactivo.<\/li>\n<li>Puede mejorar el posicionamiento SEO mediante contenido de video bien optimizado.<\/li>\n<li>Potente herramienta para mejorar el posicionamiento SEO.<\/li>\n<\/ul>\n","protected":false},"excerpt":{"rendered":"<p>Ampl\u00eda las capacidades interactivas de tu sitio web con el complemento MotoPress Video para el Editor de Contenido de MotoPress. Este complemento, como se muestra en nuestro videotutorial de MotoPress, incluye dos widgets \u00fanicos: Presentaci\u00f3n de video y Lightbox de video, que permiten una integraci\u00f3n perfecta con videos alojados por ti mismo, de YouTube y Vimeo.<br \/>\nCon nuestra Gu\u00eda de video de MotoPress, aprender\u00e1s a usar f\u00e1cilmente la funci\u00f3n de arrastrar y soltar. Esta funci\u00f3n simplifica el proceso de mostrar tus servicios, productos y portafolios de una forma visualmente atractiva. Explora las funciones de video de MotoPress que permiten a blogueros y propietarios de sitios web mejorar la est\u00e9tica y la experiencia del usuario de su sitio web.<\/p>\n","protected":false},"featured_media":169166,"comment_status":"open","ping_status":"open","template":"","meta":[],"product_brand":[2681],"product_cat":[1214,1206,1211],"product_tag":[2319],"class_list":{"0":"post-156777","1":"product","2":"type-product","3":"status-publish","4":"has-post-thumbnail","6":"product_brand-motopress","7":"product_cat-personalizacion","8":"product_cat-plugins","9":"product_cat-wordpress-plugins","10":"product_tag-motopress","11":"member-discount","12":"discount-restricted","14":"first","15":"instock","16":"sale","17":"downloadable","18":"virtual","19":"sold-individually","20":"purchasable","21":"product-type-simple"},"_links":{"self":[{"href":"https:\/\/gpl-love.com\/es\/wp-json\/wp\/v2\/product\/156777","targetHints":{"allow":["GET"]}}],"collection":[{"href":"https:\/\/gpl-love.com\/es\/wp-json\/wp\/v2\/product"}],"about":[{"href":"https:\/\/gpl-love.com\/es\/wp-json\/wp\/v2\/types\/product"}],"replies":[{"embeddable":true,"href":"https:\/\/gpl-love.com\/es\/wp-json\/wp\/v2\/comments?post=156777"}],"wp:featuredmedia":[{"embeddable":true,"href":"https:\/\/gpl-love.com\/es\/wp-json\/wp\/v2\/media\/169166"}],"wp:attachment":[{"href":"https:\/\/gpl-love.com\/es\/wp-json\/wp\/v2\/media?parent=156777"}],"wp:term":[{"taxonomy":"product_brand","embeddable":true,"href":"https:\/\/gpl-love.com\/es\/wp-json\/wp\/v2\/product_brand?post=156777"},{"taxonomy":"product_cat","embeddable":true,"href":"https:\/\/gpl-love.com\/es\/wp-json\/wp\/v2\/product_cat?post=156777"},{"taxonomy":"product_tag","embeddable":true,"href":"https:\/\/gpl-love.com\/es\/wp-json\/wp\/v2\/product_tag?post=156777"}],"curies":[{"name":"wp","href":"https:\/\/api.w.org\/{rel}","templated":true}]}}