{"id":156775,"date":"2026-02-14T00:00:00","date_gmt":"2026-02-14T05:00:00","guid":{"rendered":"https:\/\/gpl-love.com\/es\/producto\/motopress-simple-contact-form\/"},"modified":"2026-03-09T08:45:40","modified_gmt":"2026-03-09T13:45:40","slug":"motopress-simple-contact-form","status":"publish","type":"product","link":"https:\/\/gpl-love.com\/es\/producto\/motopress-simple-contact-form\/","title":{"rendered":"MotoPress Simple Contact Form 1.2.3"},"content":{"rendered":"<h3>MotoPress Simple Contact Form Caracteristicas<\/h3>\n<ul>\n<li>Dise\u00f1ado por expertos para crear formularios sencillos de MotoPress<\/li>\n<li>Interfaz intuitiva para una navegaci\u00f3n sencilla<\/li>\n<li>Vers\u00e1til con una amplia gama de tipos de campos para diversas consultas<\/li>\n<li>Los tipos de campos incluyen texto, correo electr\u00f3nico, tel\u00e9fono y \u00e1rea de texto<\/li>\n<li>Los tipos de campos adicionales incluyen botones de opci\u00f3n, casillas de verificaci\u00f3n y men\u00fa desplegable\/selecci\u00f3n<\/li>\n<li>Incorpora campos num\u00e9ricos para la recopilaci\u00f3n de datos espec\u00edficos<\/li>\n<li>Ideal para crear formularios de MotoPress tanto simples como complejos<\/li>\n<li>Mejora la comunicaci\u00f3n con los usuarios mediante formularios personalizados<\/li>\n<li>Un complemento indispensable para el Editor de Contenido de MotoPress<\/li>\n<li>Potente extensi\u00f3n que aumenta la eficiencia y la eficacia<\/li>\n<\/ul>\n","protected":false},"excerpt":{"rendered":"<p>Presentamos el Formulario de Contacto Simple de MotoPress, una adici\u00f3n indispensable al Editor de Contenido de MotoPress. Esta potente extensi\u00f3n est\u00e1 dise\u00f1ada por expertos para crear formularios MotoPress sencillos, efectivos e intuitivos. El Formulario de Contacto de MotoPress destaca por su versatilidad, ofreciendo una amplia gama de campos personalizados para diversas consultas. Estos incluyen, entre otros, texto, correo electr\u00f3nico, tel\u00e9fono, \u00e1rea de texto, botones de opci\u00f3n, casillas de verificaci\u00f3n, desplegables\/seleccionables y campos num\u00e9ricos. As\u00ed que, tanto si busca un Formulario de Contacto Simple al estilo de MotoPress como uno m\u00e1s complejo, este complemento lo tiene cubierto. Mejore la comunicaci\u00f3n con sus usuarios con el Formulario de Contacto Simple de MotoPress hoy mismo.<\/p>\n","protected":false},"featured_media":169165,"comment_status":"open","ping_status":"open","template":"","meta":[],"product_brand":[2681],"product_cat":[1214,1206,1211],"product_tag":[2319],"class_list":{"0":"post-156775","1":"product","2":"type-product","3":"status-publish","4":"has-post-thumbnail","6":"product_brand-motopress","7":"product_cat-personalizacion","8":"product_cat-plugins","9":"product_cat-wordpress-plugins","10":"product_tag-motopress","11":"member-discount","12":"discount-restricted","14":"first","15":"instock","16":"sale","17":"downloadable","18":"virtual","19":"sold-individually","20":"purchasable","21":"product-type-simple"},"_links":{"self":[{"href":"https:\/\/gpl-love.com\/es\/wp-json\/wp\/v2\/product\/156775","targetHints":{"allow":["GET"]}}],"collection":[{"href":"https:\/\/gpl-love.com\/es\/wp-json\/wp\/v2\/product"}],"about":[{"href":"https:\/\/gpl-love.com\/es\/wp-json\/wp\/v2\/types\/product"}],"replies":[{"embeddable":true,"href":"https:\/\/gpl-love.com\/es\/wp-json\/wp\/v2\/comments?post=156775"}],"wp:featuredmedia":[{"embeddable":true,"href":"https:\/\/gpl-love.com\/es\/wp-json\/wp\/v2\/media\/169165"}],"wp:attachment":[{"href":"https:\/\/gpl-love.com\/es\/wp-json\/wp\/v2\/media?parent=156775"}],"wp:term":[{"taxonomy":"product_brand","embeddable":true,"href":"https:\/\/gpl-love.com\/es\/wp-json\/wp\/v2\/product_brand?post=156775"},{"taxonomy":"product_cat","embeddable":true,"href":"https:\/\/gpl-love.com\/es\/wp-json\/wp\/v2\/product_cat?post=156775"},{"taxonomy":"product_tag","embeddable":true,"href":"https:\/\/gpl-love.com\/es\/wp-json\/wp\/v2\/product_tag?post=156775"}],"curies":[{"name":"wp","href":"https:\/\/api.w.org\/{rel}","templated":true}]}}