{"id":156771,"date":"2024-04-01T00:00:00","date_gmt":"2024-04-01T05:00:00","guid":{"rendered":"https:\/\/gpl-love.com\/es\/producto\/motopress-aquentro\/"},"modified":"2026-03-13T17:36:54","modified_gmt":"2026-03-13T22:36:54","slug":"motopress-aquentro","status":"publish","type":"product","link":"https:\/\/gpl-love.com\/es\/producto\/motopress-aquentro\/","title":{"rendered":"MotoPress Aquentro 1.5.2"},"content":{"rendered":"<h3>MotoPress Aquentro Caracteristicas<\/h3>\n<p>\u00bfExisten alternativas a MotoPress Aquentro? Aunque existen otras soluciones, las potentes opciones de personalizaci\u00f3n que ofrece este tema lo convierten en uno de los mejores del mercado.<\/p>\n<p>Si te interesa la gu\u00eda de configuraci\u00f3n de MotoPress Aquentro, est\u00e1 dise\u00f1ada para facilitar su uso. Tanto si eres principiante como experto en creaci\u00f3n de sitios web, usar MotoPress Aquentro es facil\u00edsimo.<\/p>\n<ul>\n<li>Tema WordPress de estilo urbano para propiedades individuales<\/li>\n<li>Ideal para todo tipo de alquileres, incluyendo apartamentos de lujo y hoteles<\/li>\n<li>Caracter\u00edstica distintiva de optimizaci\u00f3n para alquileres individuales<\/li>\n<li>Plugin premium de reservas para WordPress integrado para gestionar un n\u00famero ilimitado de propiedades<\/li>\n<li>Potentes opciones de personalizaci\u00f3n para un dise\u00f1o web \u00fanico<\/li>\n<li>El mejor del mercado en comparaci\u00f3n con otras alternativas<\/li>\n<li>Gu\u00eda de configuraci\u00f3n intuitiva para principiantes y expertos<\/li>\n<li>Funcionalidad inigualable<\/li>\n<li>F\u00e1cil de usar para crear sitios web<\/li>\n<li>Ofrece una soluci\u00f3n para todas las necesidades de alquiler<\/li>\n<\/ul>\n","protected":false},"excerpt":{"rendered":"<p>Descubre el innovador tema de WordPress MotoPress Aquentro, de estilo urbano y dise\u00f1ado para todo tipo de unidades de alquiler. Ya sea que busques una soluci\u00f3n para apartamentos de lujo u hoteles, esta rese\u00f1a de MotoPress Aquentro demuestra su idoneidad para todas tus necesidades.<br \/>\nUna de las caracter\u00edsticas distintivas de MotoPress Aquentro es su optimizaci\u00f3n para el alquiler de propiedades individuales. Pero no se queda ah\u00ed; con el plugin premium de reservas de WordPress integrado, puedes gestionar un n\u00famero ilimitado de propiedades sin coste adicional.<\/p>\n","protected":false},"featured_media":169163,"comment_status":"open","ping_status":"open","template":"","meta":[],"product_brand":[2681],"product_cat":[1307,1237,1238],"product_tag":[2319],"class_list":{"0":"post-156771","1":"product","2":"type-product","3":"status-publish","4":"has-post-thumbnail","6":"product_brand-motopress","7":"product_cat-negocio-wordpress-temas","8":"product_cat-temas","9":"product_cat-wordpress-temas","10":"product_tag-motopress","11":"member-discount","12":"discount-restricted","14":"first","15":"instock","16":"sale","17":"downloadable","18":"virtual","19":"sold-individually","20":"purchasable","21":"product-type-simple"},"_links":{"self":[{"href":"https:\/\/gpl-love.com\/es\/wp-json\/wp\/v2\/product\/156771","targetHints":{"allow":["GET"]}}],"collection":[{"href":"https:\/\/gpl-love.com\/es\/wp-json\/wp\/v2\/product"}],"about":[{"href":"https:\/\/gpl-love.com\/es\/wp-json\/wp\/v2\/types\/product"}],"replies":[{"embeddable":true,"href":"https:\/\/gpl-love.com\/es\/wp-json\/wp\/v2\/comments?post=156771"}],"wp:featuredmedia":[{"embeddable":true,"href":"https:\/\/gpl-love.com\/es\/wp-json\/wp\/v2\/media\/169163"}],"wp:attachment":[{"href":"https:\/\/gpl-love.com\/es\/wp-json\/wp\/v2\/media?parent=156771"}],"wp:term":[{"taxonomy":"product_brand","embeddable":true,"href":"https:\/\/gpl-love.com\/es\/wp-json\/wp\/v2\/product_brand?post=156771"},{"taxonomy":"product_cat","embeddable":true,"href":"https:\/\/gpl-love.com\/es\/wp-json\/wp\/v2\/product_cat?post=156771"},{"taxonomy":"product_tag","embeddable":true,"href":"https:\/\/gpl-love.com\/es\/wp-json\/wp\/v2\/product_tag?post=156771"}],"curies":[{"name":"wp","href":"https:\/\/api.w.org\/{rel}","templated":true}]}}